{"id":624,"date":"2017-10-28T14:45:03","date_gmt":"2017-10-28T07:45:03","guid":{"rendered":"https:\/\/modest-copper-lynx.50-6-231-22.cpanel.site\/?page_id=624"},"modified":"2017-12-05T22:49:21","modified_gmt":"2017-12-05T15:49:21","slug":"nha-khoa-nhi-dong","status":"publish","type":"page","link":"https:\/\/modest-copper-lynx.50-6-231-22.cpanel.site\/?page_id=624","title":{"rendered":"Nha Khoa Nhi \u0110\u1ed3ng"},"content":{"rendered":"<h3>\n\t\tNha Khoa Nhi \u0110\u1ed3ng<br \/>\n\t<\/h3>\n<h3>Nh\u1eefng d\u1ecbch v\u1ee5 \u0111i\u1ec1u tr\u1ecb cho r\u0103ng tr\u1ebb<\/h3>\n<p>\u2022 C\u1ea1o v\u00f4i r\u0103ng v\u00e0 \u0111\u00e1nh b\u00f3ng<br \/>\n\u2022 Theo d\u00f5i th\u00f3i quen v\u00e0 h\u01b0\u1edbng d\u1eabn v\u1ec7 sinh r\u0103ng.<br \/>\n\u2022 Ki\u1ec3m tra r\u0103ng \u0111\u1ecbnh k\u1ef3.<br \/>\n\u2022 Tr\u00e1m r\u0103ng s\u1eefa.<br \/>\n\u2022 \u0110i\u1ec1u tr\u1ecb n\u1ed9i nha r\u0103ng s\u1eefa.<br \/>\n\u2022 Theo d\u00f5i qu\u00e1 tr\u00ecnh thay R\u0103ng.<br \/>\n\u2022 Tr\u00e1m ph\u00f2ng ng\u1eeba R\u0103ng v\u0129nh vi\u1ec5n: tr\u00e1m selant m\u1eb7t nhai.<br \/>\n\u2022 Theo d\u00f5i th\u00f3i quen, h\u00e0nh vi c\u0169ng nh\u01b0 ch\u1ebf \u0111\u1ed9 \u0103n u\u1ed1ng c\u1ee7a tr\u1ebb<\/p>\n<p>\t\t\t\t<a href=\"http:\/\/modest-copper-lynx.50-6-231-22.cpanel.site\/wp-content\/uploads\/2017\/10\/Nha-Khoa-Thien-Bao-Dental-Clinic-Dental-For-Kids-01.jpg\" target=\"_self\"itemprop=\"url\"><br \/>\n\t\t\t\t<img loading=\"lazy\" decoding=\"async\" src=\"http:\/\/modest-copper-lynx.50-6-231-22.cpanel.site\/wp-content\/uploads\/2017\/10\/Nha-Khoa-Thien-Bao-Dental-Clinic-Dental-For-Kids-01.jpg\" alt=\"Nha-Khoa-Thien-Bao-Dental-Clinic-Dental-For-Kids-01\" itemprop=\"image\" height=\"350\" width=\"680\"  \/><br \/>\n\t\t\t\t<\/a><\/p>\n<h3>M\u1ed9t s\u1ed1 c\u00e2u h\u1ecfi th\u01b0\u1eddng g\u1eb7p:<\/h3>\n<h4>Chi\u1ebfc r\u0103ng \u0111\u1ea7u ti\u00ean c\u1ee7a tr\u1ebb m\u1ecdc khi n\u00e0o?<\/h4>\n<p>Kh\u00f4ng th\u1ec3 tr\u1ea3 l\u1eddi ch\u00ednh x\u00e1c th\u1eddi \u0111i\u1ec3m chi\u1ebfc r\u0103ng \u0111\u1ea7u ti\u00ean c\u1ee7a tr\u1ebb xu\u1ea5t hi\u1ec7n, v\u00ec \u0111\u1ed1i v\u1edbi m\u1ed7i tr\u1ebb kho\u1ea3ng th\u1eddi gian m\u1ecdc r\u0103ng l\u1ea1i kh\u00e1c nhau.<br \/>\nTuy nhi\u00ean, th\u00f4ng th\u01b0\u1eddng th\u00ec chi\u1ebfc r\u0103ng \u0111\u1ea7u ti\u00ean s\u1ebd xu\u1ea5t hi\u1ec7n \u1edf gi\u1eefa c\u1ee7a h\u00e0m d\u01b0\u1edbi v\u00e0o kho\u1ea3ng th\u00e1ng tu\u1ed5i th\u1ee9 6 c\u1ee7a tr\u1ebb. Sau \u0111\u00f3 tr\u1ebb s\u1ebd kh\u00f4ng m\u1ecdc th\u00eam m\u1ed9t chi\u1ebfc r\u0103ng n\u00e0o n\u1eefa cho t\u1edbi khi tr\u1ebb \u0111\u01b0\u1ee3c tr\u00ean 1 tu\u1ed5i.<br \/>\nKhi \u0111\u01b0\u1ee3c 2 \u2013 2 tu\u1ed5i r\u01b0\u1ee1i th\u00ec h\u1ea7u nh\u01b0 tr\u1ebb \u0111\u00e3 m\u1ecdc \u0111\u01b0\u1ee3c \u0111\u1ee7 20 chi\u1ebfc r\u0103ng, chi\u1ebfc r\u0103ng h\u00e0m v\u0129nh c\u1eedu \u0111\u1ea7u ti\u00ean s\u1ebd xu\u1ea5t hi\u1ec7n khi b\u00e9 \u0111\u01b0\u1ee3c kho\u1ea3ng 6 tu\u1ed5i.<\/p>\n<h4>C\u00e1ch ch\u0103m s\u00f3c r\u0103ng cho tr\u1ebb?<\/h4>\n<p>Vi\u1ec7c ch\u0103m s\u00f3c r\u0103ng cho tr\u1ebb n\u00ean \u0111\u01b0\u1ee3c b\u1eaft \u0111\u1ea7u t\u1eeb khi chi\u1ebfc r\u0103ng \u0111\u1ea7u ti\u00ean c\u1ee7a b\u00e9 xu\u1ea5t hi\u1ec7n. T\u1ea1i th\u1eddi \u0111i\u1ec3m \u0111\u00f3 tr\u1ebb ch\u01b0a th\u1ec3 t\u1ef1 \u0111\u00e1nh r\u0103ng hay s\u1eed d\u1ee5ng b\u00e0n ch\u1ea3i \u0111\u00e1nh r\u0103ng, nh\u01b0ng b\u1ea1n c\u00f3 th\u1ec3 gi\u00fap tr\u1ebb v\u1ec7 sinh r\u0103ng mi\u1ec7ng b\u1eb1ng c\u00e1ch d\u00f9ng kh\u0103n v\u1ea3i m\u1ec1m lau xung quanh chi\u1ebfc r\u0103ng m\u1edbi m\u1ecdc v\u00e0 l\u1ee3i c\u1ee7a b\u00e9 sau m\u1ed7i khi \u0103n.<br \/>\nSau \u0111\u00f3 khi tr\u1ebb t\u1eeb 3 tu\u1ed5i tr\u1edf l\u00ean b\u1ea1n h\u00e3y h\u01b0\u1edbng d\u1eabn b\u00e9 c\u00e1ch \u0111\u00e1nh r\u0103ng b\u1eb1ng b\u00e0n ch\u1ea3i v\u00e0 kem \u0111\u00e1nh r\u0103ng. N\u00ean nh\u1edb h\u00e3y mua \u0111\u00fang lo\u1ea1i b\u00e0n ch\u1ea3i v\u00e0 kem \u0111\u00e1nh r\u0103ng d\u00e0nh cho tr\u1ebb em \u0111\u1ec3 \u0111\u1ea3m b\u1ea3o ch\u1eafc ch\u1eafn r\u1eb1ng l\u1ee3i c\u1ee7a b\u00e9 kh\u00f4ng b\u1ecb t\u1ed5n th\u01b0\u01a1ng. C\u00f2n v\u1edbi kem \u0111\u00e1nh r\u0103ng b\u1ea1n c\u1ea7n ch\u1ecdn lo\u1ea1i c\u00f3 ch\u1ee9a flour d\u00e0nh cho tr\u1ebb em.<\/p>\n<p>\t\t\t\t<img loading=\"lazy\" decoding=\"async\" src=\"http:\/\/modest-copper-lynx.50-6-231-22.cpanel.site\/wp-content\/uploads\/2017\/10\/Nha-Khoa-Thien-Bao-Dental-Clinic-Dental-For-Kids-02.jpg\" alt=\"Nha-Khoa-Thien-Bao-Dental-Clinic-Dental-For-Kids-02\" itemprop=\"image\" height=\"447\" width=\"959\"  \/><\/p>\n<h4>Khi n\u00e0o n\u00ean \u0111\u01b0a tr\u1ebb \u0111i kh\u00e1m r\u0103ng?<\/h4>\n<p>Theo c\u00e1c chuy\u00ean gia nhi khoa th\u00ec th\u1eddi \u0111i\u1ec3m th\u00edch h\u1ee3p nh\u1ea5t \u0111\u1ec3 \u0111\u01b0a tr\u1ebb t\u1edbi g\u1eb7p b\u00e1c s\u0129 nha khoa l\u00e0 khi tr\u1ebb \u0111\u01b0\u1ee3c 1 tu\u1ed5i. C\u0169ng xin n\u00f3i th\u00eam v\u1edbi b\u1ea1n r\u1eb1ng vi\u1ec7c s\u1edbm \u0111\u01b0a tr\u1ebb t\u1edbi g\u1eb7p b\u00e1c s\u0129 nha khoa s\u1ebd gi\u00fap tr\u1ebb s\u1edbm \u0111\u01b0\u1ee3c ph\u00e1t hi\u1ec7n nh\u1eefng b\u1ea5t th\u01b0\u1eddng v\u1ec1 r\u0103ng mi\u1ec7ng c\u00f3 th\u1ec3 g\u1eb7p l\u1ea1i sau n\u00e0y.<\/p>\n<p>Kh\u00f4ng nh\u1eefng th\u1ebf, c\u00e1c b\u00e1c s\u0129 nha khoa c\u00f3 th\u1ec3 \u0111\u01b0a ra cho b\u1ea1n nh\u1eefng l\u1eddi khuy\u00ean h\u1eefu \u00edch v\u1ec1 ch\u1ebf \u0111\u1ed9 \u0103n u\u1ed1ng, c\u00e1ch v\u1ec7 sinh r\u0103ng mi\u1ec7ng, s\u1eed d\u1ee5ng kem \u0111\u00e1nh r\u0103ng\u2026 \u0111\u1ec3 vi\u1ec7c v\u1ec7 sinh v\u00e0 ch\u0103m s\u00f3c r\u0103ng \u0111\u01b0\u1ee3c hi\u1ec7u qu\u1ea3 h\u01a1n.<\/p>\n<h4>Gi\u1eef r\u0103ng cho b\u00e9<\/h4>\n<p>C\u00e1c b\u1eadc ph\u1ee5 huynh th\u01b0\u1eddng cho r\u1eb1ng r\u0103ng s\u1eefa kh\u00f4ng quan tr\u1ecdng v\u00ec s\u1ebd r\u1ee5ng v\u00e0 \u0111\u01b0\u1ee3c thay th\u1ebf b\u1edfi r\u0103ng v\u0129nh vi\u1ec5n. Suy ngh\u0129 n\u00e0y kh\u00f4ng \u0111\u00fang v\u00ec d\u01b0\u1edbi r\u0103ng s\u1eefa c\u00f3 m\u1ea7m r\u0103ng v\u0129nh vi\u1ec5n ph\u00e1t tri\u1ec3n li\u00ean t\u1ee5c v\u00e0 m\u1ecdc theo s\u1ef1 h\u01b0\u1edbng d\u1eabn c\u1ee7a r\u0103ng s\u1eefa. N\u1ebfu r\u0103ng s\u1eefa kh\u00f4ng \u0111\u01b0\u1ee3c ch\u0103m s\u00f3c t\u1ed1t s\u1ebd g\u00e2y s\u00e2u r\u0103ng, nhi\u1ec5m tr\u00f9ng t\u1ee7y, s\u01b0ng, vi\u00eam\u2026 v\u00e0 vi\u1ec7c nh\u1ed5 r\u0103ng s\u1eefa s\u1edbm l\u00e0m nh\u1eefng r\u0103ng v\u0129nh vi\u1ec5n m\u1ecdc l\u00ean l\u1ed9n x\u1ed9n, kh\u00f4ng \u0111\u00fang v\u1ecb tr\u00ed. V\u00ec l\u00fd do tr\u00ean, c\u00e1c Nha s\u0129 th\u01b0\u1eddng c\u1ed1 g\u1eafng gi\u1eef l\u1ea1i r\u0103ng s\u1eefa, khi tr\u1ebb \u0111\u1ebfn tu\u1ed5i thay r\u0103ng m\u1edbi nh\u1ed5 ho\u1eb7c ph\u1ea3i l\u00e0m m\u1ed9t kh\u00ed c\u1ee5 \u0111\u1eb7c bi\u1ec7t \u0111\u1ec3 ng\u0103n r\u0103ng v\u0129nh vi\u1ec5n m\u1ecdc l\u1ec7ch sau khi nh\u1ed5 r\u0103ng s\u1eefa.<br \/>\nM\u1edf \u0111\u1ea7u giai \u0111o\u1ea1n r\u0103ng h\u1ed7n h\u1ee3p, tr\u1ebb s\u1ebd m\u1ecdc b\u1ed1n r\u0103ng c\u1ed1i (r\u0103ng h\u00e0m) \u1edf b\u1ed1n g\u00f3c trong c\u00f9ng c\u1ee7a h\u00e0m (t\u1eeb chuy\u00ean m\u00f4n g\u1ecdi l\u00e0 r\u0103ng s\u1ed1 6) v\u00e0o kho\u1ea3ng 6 tu\u1ed5i. \u0110\u00e2y l\u00e0 nh\u1eefng chi\u1ebfc r\u0103ng v\u0129nh vi\u1ec5n \u0111\u1ea7u ti\u00ean c\u1ee7a tr\u1ebb, \u0111\u00f3ng g\u00f3p l\u1edbn nh\u1ea5t trong vi\u1ec7c \u0103n nhai. Tuy nhi\u00ean, v\u00ec n\u00f3 m\u1ecdc s\u1edbm nh\u1ea5t v\u00e0 m\u1ecdc ngay s\u00e1t r\u0103ng s\u1eefa trong c\u00f9ng n\u00ean b\u1ecb nhi\u1ec1u ph\u1ee5 huynh nh\u1ea7m l\u00e0 r\u0103ng s\u1eefa, d\u1eabn \u0111\u1ebfn k\u1ebft qu\u1ea3 r\u0103ng s\u1ed1 6 kh\u00f4ng \u0111\u01b0\u1ee3c gi\u1eef v\u1ec7 sinh \u0111\u1ea7y \u0111\u1ee7 v\u00e0 tr\u1edf th\u00e0nh r\u0103ng th\u01b0\u1eddng b\u1ecb m\u1ea5t nh\u1ea5t. Do \u0111\u00f3 khi tr\u1ebb \u0111\u01b0\u1ee3c 6 tu\u1ed5i, ph\u1ee5 huynh c\u1ea7n l\u01b0u \u00fd tr\u1ebb m\u1ecdc r\u0103ng s\u1ed1 6 ch\u01b0a \u0111\u1ec3 ch\u0103m s\u00f3c v\u00e0 v\u1ec7 sinh r\u0103ng n\u00e0y th\u1eadt t\u1ed1t.<br \/>\n\u0110\u1ec3 gi\u1eef cho r\u0103ng v\u00e0 n\u01b0\u1edbu kh\u1ecfe m\u1ea1nh, tr\u1ebb c\u1ea7n \u0111\u01b0\u1ee3c t\u1eadp th\u00f3i quen ch\u1ea3i r\u0103ng sau khi \u0103n v\u00e0 tr\u01b0\u1edbc khi \u0111i ng\u1ee7. Ph\u1ee5 huynh c\u00f3 th\u1ec3 nh\u1edd nha s\u0129 h\u01b0\u1edbng d\u1eabn tr\u1ebb ch\u1ea3i r\u0103ng \u0111\u00fang c\u00e1ch. B\u00ean c\u1ea1nh \u0111\u00f3, ch\u1ebf \u0111\u1ed9 dinh d\u01b0\u1ee1ng h\u1ee3p l\u00fd c\u0169ng \u0111\u00f3ng vai tr\u00f2 quan tr\u1ecdng. N\u00ean cho tr\u1ebb \u0103n nh\u1eefng th\u1ee9c \u0103n t\u1ed1t cho r\u0103ng v\u00e0 n\u01b0\u1edbu (rau qu\u1ea3, ph\u00f4 mai, s\u1eefa, s\u1eefa chua), h\u1ea1n ch\u1ebf \u0103n nh\u1eefng th\u1ee9c \u0103n c\u00f3 h\u1ea1i cho r\u0103ng (b\u00e1nh ng\u1ecdt, k\u1eb9o d\u1ebbo, n\u01b0\u1edbc ng\u1ecdt c\u00f3 gas<br \/>\nTh\u1eddi k\u1ef3 r\u0103ng h\u1ed7n h\u1ee3p r\u1ea5t quan tr\u1ecdng \u0111\u1ed1i v\u1edbi tr\u1ebb v\u00ec h\u00e0m r\u0103ng v\u0129nh vi\u1ec5n \u0111ang \u0111\u1ecbnh h\u00ecnh. Tr\u1ebb c\u1ea7n \u0111\u01b0\u1ee3c \u0111\u01b0a \u0111\u1ebfn nha s\u0129 kh\u00e1m r\u0103ng \u0111\u1ecbnh k\u1ef3 3-6 th\u00e1ng \u0111\u1ec3 \u0111\u01b0\u1ee3c h\u01b0\u1edbng d\u1eabn ch\u0103m s\u00f3c r\u0103ng, ph\u00e1t hi\u1ec7n r\u0103ng s\u00e2u, c\u00e1c kh\u1ea3 n\u0103ng r\u0103ng v\u0129nh vi\u1ec5n c\u00f3 th\u1ec3 m\u1ecdc l\u1ec7ch l\u1ea1c. N\u1ebfu r\u0103ng v\u0129nh vi\u1ec5n m\u1ecdc l\u00ean kh\u00f4ng \u0111\u00fang v\u1ecb tr\u00ed ho\u1eb7c b\u1ecb l\u1ec7ch ngo\u00e0i, l\u1ec7ch trong (th\u01b0\u1eddng x\u1ea3y ra \u1edf r\u0103ng c\u1eeda v\u0129nh vi\u1ec5n h\u00e0m tr\u00ean), gia \u0111\u00ecnh n\u00ean \u0111\u01b0a tr\u1ebb \u0111\u1ebfn nha s\u0129 chuy\u00ean khoa v\u1ec1 ch\u1ec9nh h\u00ecnh \u0111\u1ec3 kh\u00e1m v\u00e0 s\u1ebd c\u00f3 quy\u1ebft \u0111\u1ecbnh c\u1ea7n thi\u1ebft can thi\u1ec7p ch\u1ec9nh h\u00ecnh hay kh\u00f4ng. M\u1ed9t s\u1ed1 v\u1ea5n \u0111\u1ec1 v\u1ec1 r\u0103ng h\u00e0m m\u1eb7t c\u00f3 th\u1ec3 \u0111\u01b0\u1ee3c x\u1eed l\u00fd d\u1ec5 d\u00e0ng h\u01a1n n\u1ebfu nh\u01b0 \u0111\u01b0\u1ee3c ch\u1eefa tr\u1ecb s\u1edbm, nh\u1ea5t l\u00e0 trong giai \u0111o\u1ea1n r\u0103ng h\u1ed7n h\u1ee3p.<\/p>\n<p>\t\t\t\t<a href=\"\/nha-khoa-tong-quat\/nha-khoa-nhi-dong\/\" target=\"_self\"itemprop=\"url\"><br \/>\n\t\t\t\t<img loading=\"lazy\" decoding=\"async\" src=\"http:\/\/modest-copper-lynx.50-6-231-22.cpanel.site\/wp-content\/uploads\/2017\/10\/Nha-Khoa-Thien-Bao-Dental-Clinic-Dental-For-Kids-04-1-300x289.png\" alt=\"Nha-Khoa-Thien-Bao-Dental-Clinic-Dental-For-Kids-04-1\" itemprop=\"image\" height=\"289\" width=\"300\"  \/><br \/>\n\t\t\t\t<\/a><\/p>\n<h3>\n\t\t<a href=\"\/nha-khoa-tong-quat\/nha-khoa-nhi-dong\/\" title=\"Nha Khoa Nhi \u0110\u1ed3ng\" target=\"_self\"><br \/>\n\t\tNha Khoa Nhi \u0110\u1ed3ng<br \/>\n\t\t<\/a><br \/>\n\t<\/h3>\n<p>\t\t\t\t<a href=\"\/nha-khoa-tham-my\/chinh-nha\/\" target=\"_self\"itemprop=\"url\"><br \/>\n\t\t\t\t<img loading=\"lazy\" decoding=\"async\" src=\"http:\/\/modest-copper-lynx.50-6-231-22.cpanel.site\/wp-content\/uploads\/2017\/11\/Nha-Khoa-Thien-Bao-Clinic-Picture-Stream-08-300x289.png\" alt=\"Nha-Khoa-Thien-Bao-Clinic-Picture-Stream-08\" itemprop=\"image\" height=\"289\" width=\"300\"  \/><br \/>\n\t\t\t\t<\/a><\/p>\n<h3>\n\t\t<a href=\"\/nha-khoa-tham-my\/chinh-nha\/\" title=\"Ch\u1ec9nh Nha\" target=\"_self\"><br \/>\n\t\tCh\u1ec9nh Nha<br \/>\n\t\t<\/a><br \/>\n\t<\/h3>\n<p>\t\t\t\t<a href=\"\/nha-khoa-tham-my\/mat-dan-su-veneer\/\" target=\"_self\"itemprop=\"url\"><br \/>\n\t\t\t\t<img loading=\"lazy\" decoding=\"async\" src=\"http:\/\/modest-copper-lynx.50-6-231-22.cpanel.site\/wp-content\/uploads\/2017\/11\/Nha-Khoa-Thien-Bao-Clinic-Picture-Stream-06-300x289.png\" alt=\"Nha-Khoa-Thien-Bao-Clinic-Picture-Stream-06\" itemprop=\"image\" height=\"289\" width=\"300\"  \/><br \/>\n\t\t\t\t<\/a><\/p>\n<h3>\n\t\t<a href=\"\/nha-khoa-tham-my\/mat-dan-su-veneer\/\" title=\"M\u1eb7t d\u00e1n s\u1ee9 Veneer\" target=\"_self\"><br \/>\n\t\tM\u1eb7t d\u00e1n s\u1ee9 Veneer<br \/>\n\t\t<\/a><br \/>\n\t<\/h3>\n<p>\t\t\t\t<a href=\"\/nha-khoa-tong-quat\/phau-thuat-rang-mieng\/\" target=\"_self\"itemprop=\"url\"><br \/>\n\t\t\t\t<img loading=\"lazy\" decoding=\"async\" src=\"http:\/\/modest-copper-lynx.50-6-231-22.cpanel.site\/wp-content\/uploads\/2017\/11\/Nha-Khoa-Thien-Bao-Clinic-Picture-Stream-04-300x289.png\" alt=\"Nha-Khoa-Thien-Bao-Clinic-Picture-Stream-04\" itemprop=\"image\" height=\"289\" width=\"300\"  \/><br \/>\n\t\t\t\t<\/a><\/p>\n<h3>\n\t\t<a href=\"\/nha-khoa-tong-quat\/phau-thuat-rang-mieng\/\" title=\"Ph\u1eabu Thu\u1eadt R\u0103ng MI\u1ec7ng\" target=\"_self\"><br \/>\n\t\tPh\u1eabu Thu\u1eadt R\u0103ng MI\u1ec7ng<br \/>\n\t\t<\/a><br \/>\n\t<\/h3>\n<p><\/p>","protected":false},"excerpt":{"rendered":"<p>Nha Khoa Nhi \u0110\u1ed3ng Nh\u1eefng d\u1ecbch v\u1ee5 \u0111i\u1ec1u tr\u1ecb cho r\u0103ng tr\u1ebb \u2022 C\u1ea1o v\u00f4i r\u0103ng v\u00e0 \u0111\u00e1nh b\u00f3ng \u2022 Theo d\u00f5i [&hellip;]<\/p>\n","protected":false},"author":2,"featured_media":0,"parent":489,"menu_order":0,"comment_status":"closed","ping_status":"closed","template":"page-templates\/page_fullwidth.php","meta":{"footnotes":""},"class_list":["post-624","page","type-page","status-publish","hentry"],"_links":{"self":[{"href":"https:\/\/modest-copper-lynx.50-6-231-22.cpanel.site\/index.php?rest_route=\/wp\/v2\/pages\/624","targetHints":{"allow":["GET"]}}],"collection":[{"href":"https:\/\/modest-copper-lynx.50-6-231-22.cpanel.site\/index.php?rest_route=\/wp\/v2\/pages"}],"about":[{"href":"https:\/\/modest-copper-lynx.50-6-231-22.cpanel.site\/index.php?rest_route=\/wp\/v2\/types\/page"}],"author":[{"embeddable":true,"href":"https:\/\/modest-copper-lynx.50-6-231-22.cpanel.site\/index.php?rest_route=\/wp\/v2\/users\/2"}],"replies":[{"embeddable":true,"href":"https:\/\/modest-copper-lynx.50-6-231-22.cpanel.site\/index.php?rest_route=%2Fwp%2Fv2%2Fcomments&post=624"}],"version-history":[{"count":0,"href":"https:\/\/modest-copper-lynx.50-6-231-22.cpanel.site\/index.php?rest_route=\/wp\/v2\/pages\/624\/revisions"}],"up":[{"embeddable":true,"href":"https:\/\/modest-copper-lynx.50-6-231-22.cpanel.site\/index.php?rest_route=\/wp\/v2\/pages\/489"}],"wp:attachment":[{"href":"https:\/\/modest-copper-lynx.50-6-231-22.cpanel.site\/index.php?rest_route=%2Fwp%2Fv2%2Fmedia&parent=624"}],"curies":[{"name":"wp","href":"https:\/\/api.w.org\/{rel}","templated":true}]}}