{"id":617,"date":"2017-10-28T14:39:43","date_gmt":"2017-10-28T07:39:43","guid":{"rendered":"https:\/\/modest-copper-lynx.50-6-231-22.cpanel.site\/?page_id=617"},"modified":"2017-12-06T00:05:38","modified_gmt":"2017-12-05T17:05:38","slug":"ham-thao-lap","status":"publish","type":"page","link":"https:\/\/modest-copper-lynx.50-6-231-22.cpanel.site\/?page_id=617","title":{"rendered":"H\u00e0m Th\u00e1o L\u1eafp"},"content":{"rendered":"<h3>\n\t\tH\u00e0m Th\u00e1o L\u1eafp<br \/>\n\t<\/h3>\n<p>H\u00e0m gi\u1ea3 \u0111\u01b0\u1ee3c chia th\u00e0nh hai lo\u1ea1i: H\u00e0m gi\u1ea3 th\u00e1o l\u1eafp v\u00e0 h\u00e0m gi\u1ea3 c\u1ed1 \u0111\u1ecbnh.<\/p>\n<h3>H\u00e0m gi\u1ea3 th\u00e1o l\u1eafp<\/h3>\n<p>G\u1ed3m c\u00f3 n\u1ec1n h\u00e0m \u0111\u1ec3 gi\u00fap h\u00e0m gi\u1ea3 b\u00e1m v\u00e0o ni\u00eam m\u1ea1c mi\u1ec7ng v\u00e0 c\u00e1c r\u0103ng b\u00ean c\u1ea1nh. C\u00e1c r\u0103ng gi\u1ea3 \u0111\u01b0\u1ee3c c\u1ea5y tr\u00ean n\u1ec1n h\u00e0m \u0111\u00f3. N\u1ec1n h\u00e0m c\u00f3 th\u1ec3 l\u00e0m t\u1eeb nh\u1ef1a c\u1ee9ng, nh\u1ef1a d\u1ebbo ho\u1eb7c \u0111\u00fac b\u1eb1ng th\u00e9p. N\u1ec1n h\u00e0m b\u1eb1ng NH\u1ef0A D\u1ebaO (BIOSOFT) l\u00e0 c\u00f4ng ngh\u1ec7 m\u1edbi nh\u1ea5t hi\u1ec7n nay. N\u00f3 c\u00f3 t\u00ednh \u0111\u00e0n h\u1ed3i cao t\u1ea1o n\u00ean c\u1ea3m gi\u00e1c d\u1ec5 ch\u1ecbu cho b\u1ec7nh nh\u00e2n.<\/p>\n<h3>\nH\u00e0m b\u00e1n ph\u1ea7n<\/h3>\n<p>Gi\u00fap l\u1ea5p \u0111\u1ea7y c\u00e1c kho\u1ea3ng tr\u1ed1ng m\u1ea5t r\u0103ng, n\u00f3 t\u1ef1a m\u1ed9t ph\u1ea7n tr\u00ean n\u01b0\u1edbu v\u00e0 m\u1ed9t ph\u1ea7n tr\u00ean c\u00e1c r\u0103ng c\u00f2n l\u1ea1i. H\u00e0m gi\u1ea3 b\u00e1n ph\u1ea7n c\u0169ng c\u00f3 th\u1ec3 \u0111\u01b0\u1ee3c g\u1eafn v\u1edbi r\u0103ng th\u1eadt b\u1edfi m\u1ed9t lo\u1ea1i m\u00f3c \u0111\u00fac b\u1eb1ng kim lo\u1ea1i.<\/p>\n<p><strong>H\u00e0m gi\u1ea3 b\u00e1n ph\u1ea7n \u0111\u01b0\u1ee3c chia l\u00e0m ba lo\u1ea1i<\/strong>: H\u00e0m gi\u1ea3 b\u00e1n ph\u1ea7n b\u1eb1ng nh\u1ef1a,\u00a0H\u00e0m gi\u1ea3 b\u00e1n ph\u1ea7n b\u1eb1ng nh\u1ef1a d\u1ebbo,\u00a0H\u00e0m gi\u1ea3 b\u00e1n ph\u1ea7n c\u00f3 khung kim lo\u1ea1i.<\/p>\n<p>\t\t\t\t<a href=\"http:\/\/modest-copper-lynx.50-6-231-22.cpanel.site\/wp-content\/uploads\/2017\/10\/Nha-Khoa-Thien-Bao-Dental-Clinic-Removal-Denture-03.jpg\" target=\"_self\"itemprop=\"url\"><br \/>\n\t\t\t\t<img loading=\"lazy\" decoding=\"async\" src=\"http:\/\/modest-copper-lynx.50-6-231-22.cpanel.site\/wp-content\/uploads\/2017\/10\/Nha-Khoa-Thien-Bao-Dental-Clinic-Removal-Denture-03.jpg\" alt=\"zahnarzt,instrumente,gebiss\" itemprop=\"image\" height=\"1125\" width=\"1688\"  \/><br \/>\n\t\t\t\t<\/a><br \/>\n\t\t\t\t<a href=\"http:\/\/modest-copper-lynx.50-6-231-22.cpanel.site\/wp-content\/uploads\/2017\/10\/Nha-Khoa-Thien-Bao-Dental-Clinic-Removal-Denture-05.jpg\" target=\"_self\"itemprop=\"url\"><br \/>\n\t\t\t\t<img loading=\"lazy\" decoding=\"async\" src=\"http:\/\/modest-copper-lynx.50-6-231-22.cpanel.site\/wp-content\/uploads\/2017\/10\/Nha-Khoa-Thien-Bao-Dental-Clinic-Removal-Denture-05.jpg\" alt=\"Nha-Khoa-Thien-Bao-Dental-Clinic-Removal-Denture-05\" itemprop=\"image\" height=\"304\" width=\"300\"  \/><br \/>\n\t\t\t\t<\/a><\/p>\n<h3>H\u00e0m gi\u1ea3 to\u00e0n ph\u1ea7n<\/h3>\n<p>Gi\u00fap thay th\u1ebf to\u00e0n b\u1ed9 r\u0103ng m\u1ea5t tr\u00ean cung h\u00e0m v\u00e0 \u0111\u01b0\u1ee3c l\u00e0m v\u1eeba kh\u00edt, \u00f4m l\u1ea5y n\u01b0\u1edbu v\u00e0 x\u01b0\u01a1ng n\u00e2ng \u0111\u1ee1 b\u00ean d\u01b0\u1edbi.\u00a0 H\u00e0m gi\u1ea3 to\u00e0n ph\u1ea7n \u0111\u01b0\u1ee3c chia l\u00e0m hai lo\u1ea1i: H\u00e0m gi\u1ea3 to\u00e0n h\u00e0m b\u1eb1ng nh\u1ef1a c\u1ee9ng v\u00e0 H\u00e0m gi\u1ea3 to\u00e0n h\u00e0m b\u1eb1ng n\u1ef1a d\u1ebbo Biosoft.<\/p>\n<h3>H\u00e0m gi\u1ea3 c\u00f3 implant n\u00e2ng \u0111\u1ee1<\/h3>\n<p>C\u0169ng t\u01b0\u01a1ng t\u1ef1 nh\u01b0 h\u00e0m gi\u1ea3 to\u00e0n h\u00e0m th\u00f4ng th\u01b0\u1eddng ch\u1ec9 kh\u00e1c \u1edf ch\u1ed7 n\u00f3 \u0111\u01b0\u1ee3c g\u1eafn tr\u00ean nh\u1eefng ch\u00e2n r\u0103ng c\u1ea5y gh\u00e9p (Implant), \u0111i\u1ec1u n\u00e0y gi\u00fap cho h\u00e0m gi\u1ea3 \u0111\u01b0\u1ee3c v\u1eefng, \u1ed5n h\u01a1n trong l\u00fac nhai.<\/p>\n<h3>H\u00e0m khung li\u00ean k\u1ebft<\/h3>\n<p>L\u00e0 s\u1ef1 k\u1ebft h\u1ee3p ho\u00e0n h\u1ea3o gi\u1eefa s\u1ee9 \u2013 khung kim lo\u1ea1i \u2013 R\u0103ng gi\u1ea3. Nh\u1eb1m kh\u1eafc ph\u1ee5c nh\u1eefng c\u00e1nh tay m\u00f3c \u0111\u1eb7t tr\u00ean r\u0103ng th\u1eadt, d\u1ec5 m\u1ea5t th\u1ea9m m\u1ef9, l\u00e0m kh\u00f3 ch\u1ecbu khi \u0103n nhai.\u00a0 H\u00e0m khung li\u00ean k\u1ebft \u0111\u01b0\u1ee3c th\u1ef1c hi\u1ec7n d\u01b0\u1edbi d\u1ea1ng \u00e2m d\u01b0\u01a1ng: Ph\u1ea7n \u00e2m \u0111\u01b0\u1ee3c g\u1eafn c\u1ed1 \u0111\u1ecbnh v\u00e0o s\u01b0\u1eddn kim lo\u1ea1i r\u0103ng s\u1ee9 v\u00e0 ph\u1ea7n d\u01b0\u01a1ng \u0111\u01b0\u1ee3c t\u1ea1o tr\u00ean khung kim lo\u1ea1i. Khi l\u1eafp h\u00e0m v\u00e0o s\u1ebd gi\u1ea3m<br \/>\nl\u1ef1c t\u1ea3i tr\u1ef1c ti\u1ebfp tr\u00ean s\u00f3ng h\u00e0m, s\u1ebd l\u00e0m gi\u1ea3m hi\u1ec7n t\u01b0\u1ee3ng \u0111au sau khi g\u1eafn h\u00e0m gi\u1ea3. Nh\u1edd s\u1ef1 k\u1ebft n\u1ed1i \u00e2m d\u01b0\u01a1ng tr\u00ean s\u1ebd gi\u00fap cho ph\u1ea7n h\u00e0m gi\u1ea3 th\u1ea9m m\u1ef9 h\u01a1n (kh\u00f4ng c\u00f3 c\u00e1nh tay m\u00f3c), v\u1eefng \u1ed5n h\u01a1n khi \u0103n nhai<\/p>\n<h3>M\u1ed9t s\u1ed1 c\u00e2u h\u1ecfi th\u01b0\u1eddng g\u1eb7p<\/h3>\n<p>C\u00e1ch v\u1ec7 sinh h\u00e0m th\u00e1o l\u1eafp?<\/p>\n<p>Sau m\u1ed7i b\u1eefa \u0103n, n\u00ean th\u00e1o h\u00e0m r\u0103ng gi\u1ea3 ra, v\u1ec7 sinh s\u1ea1ch s\u1ebd v\u00e0 v\u1ec7 sinh n\u01b0\u1edbu r\u0103ng 2 l\u1ea7n 1 ng\u00e0y.<\/p>\n<p>L\u00e0m s\u1ea1ch h\u00e0m gi\u1ea3 b\u1eb1ng b\u00e0n ch\u1ea3i m\u1ec1m v\u1edbi x\u00e0 ph\u00f2ng kh\u00f4ng ch\u1ee9a nh\u1eefng ch\u1ea5t l\u00e0m m\u00f2n h\u00e0m gi\u1ea3.<\/p>\n<p>Kh\u00f4ng n\u00ean s\u1eed d\u1ee5ng c\u00e1c ch\u1ea5t t\u1ea9y r\u1eeda m\u1ea1nh nh\u01b0 thu\u1ed1c t\u1ea9y \u0111\u1ec3 v\u1ec7 sinh h\u00e0m gi\u1ea3 v\u00ec r\u1ea5t d\u1ec5 l\u00e0m h\u00e0m gi\u1ea3 b\u1ecb m\u00f2n.<\/p>\n<p>Th\u00e1o h\u00e0m gi\u1ea3 v\u00e0o ban \u0111\u00eam v\u00e0 ng\u00e2m trong ly n\u01b0\u1edbc, n\u00ean s\u1eed d\u1ee5ng th\u00eam thu\u1ed1c ng\u00e2m h\u00e0m.<\/p>\n<p>Trong khi l\u00e0m s\u1ea1ch h\u00e0m gi\u1ea3, n\u00ean \u0111\u1ec3 tr\u00ean mi\u1ebfng v\u1ea3i m\u1ec1n ho\u1eb7c ng\u00e2m trong n\u01b0\u1edbc, \u0111\u1ec1 ph\u00f2ng tr\u01b0\u1eddng h\u1ee3p l\u1ee1 tay l\u00e0m r\u01a1i h\u00e0m<\/p>\n<p>N\u1ebfu c\u00f3 v\u1ebft n\u1ee9t hay h\u00e0m gi\u1ea3 g\u00e2y c\u1ea3m gi\u00e1c kh\u00f3 ch\u1ecbu, h\u00e3y \u0111\u1ebfn nha s\u0129 \u0111\u1ec3 \u0111\u01b0\u1ee3c ch\u1ec9nh s\u1eeda l\u1ea1i Trung b\u00ecnh kho\u1ea3ng 6 th\u00e1ng, n\u00ean \u0111\u1ebfn nha s\u0129 \u0111\u1ec3 l\u00e0m v\u1ec7 sinh r\u0103ng v\u00e0 \u0111\u1ec3 \u0111\u01b0\u1ee3c ki\u1ec3m tra h\u00e0m gi\u1ea3.<\/p>\n<p>\t\t\t\t<a href=\"http:\/\/modest-copper-lynx.50-6-231-22.cpanel.site\/wp-content\/uploads\/2017\/10\/Nha-Khoa-Thien-Bao-Dental-Clinic-Removal-Denture-02.jpg\" target=\"_self\"itemprop=\"url\"><br \/>\n\t\t\t\t<img loading=\"lazy\" decoding=\"async\" src=\"http:\/\/modest-copper-lynx.50-6-231-22.cpanel.site\/wp-content\/uploads\/2017\/10\/Nha-Khoa-Thien-Bao-Dental-Clinic-Removal-Denture-02.jpg\" alt=\"Nha-Khoa-Thien-Bao-Dental-Clinic-Removal-Denture-02\" itemprop=\"image\" height=\"400\" width=\"600\"  \/><br \/>\n\t\t\t\t<\/a><br \/>\n\t\t\t\t<a href=\"\/nha-khoa-tong-quat\/nha-khoa-nhi-dong\/\" target=\"_self\"itemprop=\"url\"><br \/>\n\t\t\t\t<img loading=\"lazy\" decoding=\"async\" src=\"http:\/\/modest-copper-lynx.50-6-231-22.cpanel.site\/wp-content\/uploads\/2017\/10\/Nha-Khoa-Thien-Bao-Dental-Clinic-Dental-For-Kids-04-1-300x289.png\" alt=\"Nha-Khoa-Thien-Bao-Dental-Clinic-Dental-For-Kids-04-1\" itemprop=\"image\" height=\"289\" width=\"300\"  \/><br \/>\n\t\t\t\t<\/a><\/p>\n<h3>\n\t\t<a href=\"\/nha-khoa-tong-quat\/nha-khoa-nhi-dong\/\" title=\"Nha Khoa Nhi \u0110\u1ed3ng\" target=\"_self\"><br \/>\n\t\tNha Khoa Nhi \u0110\u1ed3ng<br \/>\n\t\t<\/a><br \/>\n\t<\/h3>\n<p>\t\t\t\t<a href=\"\/nha-khoa-tham-my\/chinh-nha\/\" target=\"_self\"itemprop=\"url\"><br \/>\n\t\t\t\t<img loading=\"lazy\" decoding=\"async\" src=\"http:\/\/modest-copper-lynx.50-6-231-22.cpanel.site\/wp-content\/uploads\/2017\/11\/Nha-Khoa-Thien-Bao-Clinic-Picture-Stream-08-300x289.png\" alt=\"Nha-Khoa-Thien-Bao-Clinic-Picture-Stream-08\" itemprop=\"image\" height=\"289\" width=\"300\"  \/><br \/>\n\t\t\t\t<\/a><\/p>\n<h3>\n\t\t<a href=\"\/nha-khoa-tham-my\/chinh-nha\/\" title=\"Ch\u1ec9nh Nha\" target=\"_self\"><br \/>\n\t\tCh\u1ec9nh Nha<br \/>\n\t\t<\/a><br \/>\n\t<\/h3>\n<p>\t\t\t\t<a href=\"\/nha-khoa-tham-my\/mat-dan-su-veneer\/\" target=\"_self\"itemprop=\"url\"><br \/>\n\t\t\t\t<img loading=\"lazy\" decoding=\"async\" src=\"http:\/\/modest-copper-lynx.50-6-231-22.cpanel.site\/wp-content\/uploads\/2017\/11\/Nha-Khoa-Thien-Bao-Clinic-Picture-Stream-06-300x289.png\" alt=\"Nha-Khoa-Thien-Bao-Clinic-Picture-Stream-06\" itemprop=\"image\" height=\"289\" width=\"300\"  \/><br \/>\n\t\t\t\t<\/a><\/p>\n<h3>\n\t\t<a href=\"\/nha-khoa-tham-my\/mat-dan-su-veneer\/\" title=\"M\u1eb7t d\u00e1n s\u1ee9 Veneer\" target=\"_self\"><br \/>\n\t\tM\u1eb7t d\u00e1n s\u1ee9 Veneer<br \/>\n\t\t<\/a><br \/>\n\t<\/h3>\n<p>\t\t\t\t<a href=\"\/nha-khoa-tong-quat\/phau-thuat-rang-mieng\/\" target=\"_self\"itemprop=\"url\"><br \/>\n\t\t\t\t<img loading=\"lazy\" decoding=\"async\" src=\"http:\/\/modest-copper-lynx.50-6-231-22.cpanel.site\/wp-content\/uploads\/2017\/11\/Nha-Khoa-Thien-Bao-Clinic-Picture-Stream-04-300x289.png\" alt=\"Nha-Khoa-Thien-Bao-Clinic-Picture-Stream-04\" itemprop=\"image\" height=\"289\" width=\"300\"  \/><br \/>\n\t\t\t\t<\/a><\/p>\n<h3>\n\t\t<a href=\"\/nha-khoa-tong-quat\/phau-thuat-rang-mieng\/\" title=\"Ph\u1eabu Thu\u1eadt R\u0103ng MI\u1ec7ng\" target=\"_self\"><br \/>\n\t\tPh\u1eabu Thu\u1eadt R\u0103ng MI\u1ec7ng<br \/>\n\t\t<\/a><br \/>\n\t<\/h3>\n<p><\/p>","protected":false},"excerpt":{"rendered":"<p>H\u00e0m Th\u00e1o L\u1eafp H\u00e0m gi\u1ea3 \u0111\u01b0\u1ee3c chia th\u00e0nh hai lo\u1ea1i: H\u00e0m gi\u1ea3 th\u00e1o l\u1eafp v\u00e0 h\u00e0m gi\u1ea3 c\u1ed1 \u0111\u1ecbnh. H\u00e0m gi\u1ea3 th\u00e1o [&hellip;]<\/p>\n","protected":false},"author":2,"featured_media":0,"parent":489,"menu_order":0,"comment_status":"closed","ping_status":"closed","template":"page-templates\/page_fullwidth.php","meta":{"footnotes":""},"class_list":["post-617","page","type-page","status-publish","hentry"],"_links":{"self":[{"href":"https:\/\/modest-copper-lynx.50-6-231-22.cpanel.site\/index.php?rest_route=\/wp\/v2\/pages\/617","targetHints":{"allow":["GET"]}}],"collection":[{"href":"https:\/\/modest-copper-lynx.50-6-231-22.cpanel.site\/index.php?rest_route=\/wp\/v2\/pages"}],"about":[{"href":"https:\/\/modest-copper-lynx.50-6-231-22.cpanel.site\/index.php?rest_route=\/wp\/v2\/types\/page"}],"author":[{"embeddable":true,"href":"https:\/\/modest-copper-lynx.50-6-231-22.cpanel.site\/index.php?rest_route=\/wp\/v2\/users\/2"}],"replies":[{"embeddable":true,"href":"https:\/\/modest-copper-lynx.50-6-231-22.cpanel.site\/index.php?rest_route=%2Fwp%2Fv2%2Fcomments&post=617"}],"version-history":[{"count":0,"href":"https:\/\/modest-copper-lynx.50-6-231-22.cpanel.site\/index.php?rest_route=\/wp\/v2\/pages\/617\/revisions"}],"up":[{"embeddable":true,"href":"https:\/\/modest-copper-lynx.50-6-231-22.cpanel.site\/index.php?rest_route=\/wp\/v2\/pages\/489"}],"wp:attachment":[{"href":"https:\/\/modest-copper-lynx.50-6-231-22.cpanel.site\/index.php?rest_route=%2Fwp%2Fv2%2Fmedia&parent=617"}],"curies":[{"name":"wp","href":"https:\/\/api.w.org\/{rel}","templated":true}]}}