{"id":605,"date":"2017-10-28T14:34:29","date_gmt":"2017-10-28T07:34:29","guid":{"rendered":"https:\/\/modest-copper-lynx.50-6-231-22.cpanel.site\/?page_id=605"},"modified":"2017-11-19T19:39:17","modified_gmt":"2017-11-19T12:39:17","slug":"nha-chu","status":"publish","type":"page","link":"https:\/\/modest-copper-lynx.50-6-231-22.cpanel.site\/?page_id=605","title":{"rendered":"Nha Chu"},"content":{"rendered":"<h3>\n\t\tNha chu<br \/>\n\t<\/h3>\n<p>B\u1ec7nh nha chu l\u00e0m ph\u00e1 h\u1ee7y c\u00e1c m\u00f4 n\u00e2ng \u0111\u1ee1 r\u0103ng, l\u00e0m ti\u00eau x\u01b0\u01a1ng \u1ed5 r\u0103ng, l\u1ec7ch r\u0103ng, lung lay r\u0103ng.<\/p>\n<p>B\u1ec7nh nha chu l\u00e0 m\u1ed9t b\u1ec7nh r\u1ea5t ph\u1ed5 bi\u1ebfn c\u1ee7a v\u00f9ng r\u0103ng mi\u1ec7ng. B\u1ec7nh n\u00e0y hay g\u1eb7p \u1edf l\u1ee9a tu\u1ed5i trung ni\u00ean, ng\u01b0\u1eddi gi\u00e0 v\u00e0 l\u00e0 m\u1ed9t trong nh\u1eefng nguy\u00ean nh\u00e2n th\u01b0\u1eddng g\u1eb7p c\u1ee7a t\u00ecnh tr\u1ea1ng m\u1ea5t r\u0103ng \u1edf ng\u01b0\u1eddi l\u1edbn.<\/p>\n<p>Th\u00f4ng th\u01b0\u1eddng b\u1ec7nh vi\u00eam nha chu x\u1ea3y ra kh\u00f4ng r\u00f5 r\u00e0ng, b\u1edfi ph\u1ea7n l\u1edbn th\u1eddi gian di\u1ec5n ti\u1ebfn b\u1ec7nh kh\u00f4ng k\u00e8m theo tri\u1ec7u ch\u1ee9ng \u0111au \u0111\u1eb7c hi\u1ec7u. V\u00ec v\u1eady, vi\u1ec7c kh\u00e1m r\u0103ng mi\u1ec7ng \u0111\u1ecbnh k\u1ef3, trong \u0111\u00f3 kh\u00e1m to\u00e0n di\u1ec7n m\u00f4 nha chu, l\u00e0 r\u1ea5t c\u1ea7n thi\u1ebft.<\/p>\n<p>\t\t\t\t<a href=\"http:\/\/modest-copper-lynx.50-6-231-22.cpanel.site\/wp-content\/uploads\/2017\/10\/Nha-Khoa-Thien-Bao-Dental-Clinic-Periodontics-02.jpeg\" target=\"_self\"itemprop=\"url\"><br \/>\n\t\t\t\t<img loading=\"lazy\" decoding=\"async\" src=\"http:\/\/modest-copper-lynx.50-6-231-22.cpanel.site\/wp-content\/uploads\/2017\/10\/Nha-Khoa-Thien-Bao-Dental-Clinic-Periodontics-02.jpeg\" alt=\"Nha-Khoa-Thien-Bao-Dental-Clinic-Periodontics-02\" itemprop=\"image\" height=\"600\" width=\"900\"  \/><br \/>\n\t\t\t\t<\/a><\/p>\n<p>Nguy\u00ean nh\u00e2n ch\u00ednh g\u00e2y b\u1ec7nh nha chu l\u00e0 s\u1ef1 ph\u00e1t tri\u1ec3n c\u1ee7a vi khu\u1ea9n trong m\u1ea3ng b\u00e1m r\u0103ng. Tr\u00ean r\u0103ng s\u1ebd h\u00ecnh th\u00e0nh m\u1ed9t m\u00e0ng trong su\u1ed1t b\u00e1m v\u00e0o. N\u1ebfu kh\u00f4ng \u0111\u00e1nh r\u0103ng \u0111\u1ec1u \u0111\u1ec3 lo\u1ea1i tr\u1eeb m\u00e0ng n\u00e0y, n\u00f3 s\u1ebd t\u00edch t\u1ee5, d\u1ea7n d\u1ea7n b\u1ecb kho\u00e1ng h\u00f3a tr\u1edf th\u00e0nh v\u00f4i r\u0103ng v\u1edbi l\u01b0\u1ee3ng vi khu\u1ea9n ng\u00e0y c\u00e0ng t\u0103ng. C\u00e1c \u0111\u1ed9c t\u1ed1 do vi khu\u1ea9n t\u1ea1o ra x\u00e2m nh\u1eadp m\u00f4 n\u01b0\u1edbu, g\u00e2y vi\u00eam. Ch\u00fang c\u0169ng ph\u00e1 h\u1ee7y c\u00e1c m\u00f4 n\u00e2ng \u0111\u1ee1 r\u0103ng khi\u1ebfn n\u01b0\u1edbu d\u1ea7n t\u00e1ch ra kh\u1ecfi m\u1eb7t r\u0103ng.<\/p>\n<p>\t\t\t\t<img loading=\"lazy\" decoding=\"async\" src=\"http:\/\/modest-copper-lynx.50-6-231-22.cpanel.site\/wp-content\/uploads\/2017\/10\/Nha-Khoa-Thien-Bao-Dental-Clinic-Periodontics-06.jpeg\" alt=\"Nha-Khoa-Thien-Bao-Dental-Clinic-Periodontics-06\" itemprop=\"image\" height=\"277\" width=\"750\"  \/><\/p>\n<p><strong>C\u00e1c y\u1ebfu t\u1ed1 nguy c\u01a1 g\u00e2y b\u1ec7nh nha chu bao g\u1ed3m:<\/strong><\/p>\n<ul>\n<li>Ch\u1ebf \u0111\u1ed9 dinh d\u01b0\u1ee1ng v\u00e0 b\u1ea3o v\u1ec7 s\u1ee9c kh\u1ecfe r\u0103ng mi\u1ec7ng kh\u00f4ng t\u1ed1t.<\/li>\n<li>T\u00e2m l\u00fd c\u0103ng th\u1eb3ng (l\u00e0m gi\u1ea3m s\u1ee9c \u0111\u1ec1 kh\u00e1ng c\u1ee7a c\u01a1 th\u1ec3).<\/li>\n<li>H\u00fat thu\u1ed1c l\u00e1, b\u1ecb ti\u1ec3u \u0111\u01b0\u1eddng.<\/li>\n<li>C\u00e1c b\u1ec7nh t\u00e1c h\u1ea1i \u0111\u1ebfn h\u1ec7 th\u1ed1ng mi\u1ec5n d\u1ecbch nh\u01b0 b\u1ec7nh b\u1ea1ch c\u1ea7u, nhi\u1ec5m HIV\/AIDS.<\/li>\n<\/ul>\n<p>\u0110\u1ec3 ph\u00f2ng b\u1ec7nh nha chu, \u0111i\u1ec1u quan tr\u1ecdng nh\u1ea5t l\u00e0 \u0111\u00e1nh r\u0103ng \u0111\u1ec1u \u0111\u1eb7n \u0111\u1ec3 lo\u1ea1i b\u1ecf m\u1ea3ng b\u00e1m vi khu\u1ea9n tr\u00ean b\u1ec1 m\u1eb7t r\u0103ng v\u00e0 khe n\u01b0\u1edbu. S\u00e1u th\u00e1ng 1 l\u1ea7n, n\u00ean \u0111\u1ebfn nha s\u0129 kh\u00e1m r\u0103ng \u0111\u1ecbnh k\u1ef3 v\u00e0 l\u1ea5y s\u1ea1ch v\u00f4i r\u0103ng, m\u1ea3ng b\u00e1m \u1edf nh\u1eefng n\u01a1i b\u00e0n ch\u1ea3i kh\u00f4ng l\u00e0m s\u1ea1ch \u0111\u01b0\u1ee3c.<\/p>\n<p>Nha s\u0129 s\u1ebd t\u01b0 v\u1ea5n v\u1ec1 c\u00e1ch v\u1ec7 sinh r\u0103ng mi\u1ec7ng nh\u01b0 c\u00e1ch ch\u1ecdn l\u1ef1a b\u00e0n ch\u1ea3i \u0111\u00e1nh r\u0103ng, s\u1eed d\u1ee5ng \u0111\u00fang ch\u1ec9 nha khoa, ch\u1ea3i k\u1ebd r\u0103ng \u0111\u1ec3 l\u1ea5y s\u1ea1ch m\u1ea3ng b\u00e1m. Nha s\u0129 c\u0169ng l\u00e0 ng\u01b0\u1eddi t\u01b0 v\u1ea5n ch\u1ecdn l\u1ef1a thu\u1ed1c s\u00fac mi\u1ec7ng, kem ch\u1ea3i r\u0103ng th\u00edch h\u1ee3p \u0111\u1ec3 gi\u00fap ch\u00fang ta b\u1ea3o \u0111\u1ea3m \u0111\u01b0\u1ee3c s\u1ee9c kh\u1ecfe r\u0103ng mi\u1ec7ng v\u00e0 d\u1ef1 ph\u00f2ng t\u1ed1t b\u1ec7nh nha chu.<\/p>\n<p>Khi \u0111i kh\u00e1m, b\u1ea1n \u0111\u1eebng qu\u00ean b\u00e1o v\u1edbi b\u00e1c s\u0129 nha khoa nh\u1eefng thay \u0111\u1ed5i v\u1ec1 s\u1ee9c kh\u1ecfe chung, c\u00e1c th\u1ee9 thu\u1ed1c m\u00e0 m\u00ecnh \u0111ang s\u1eed d\u1ee5ng nh\u01b0 thu\u1ed1c tr\u00e1nh thai, ch\u1ed1ng tr\u1ea7m c\u1ea3m, tim m\u1ea1ch<\/p>\n<p>\t\t\t\t<img loading=\"lazy\" decoding=\"async\" src=\"http:\/\/modest-copper-lynx.50-6-231-22.cpanel.site\/wp-content\/uploads\/2017\/10\/Nha-Khoa-Thien-Bao-Dental-Clinic-Periodontics-07.jpeg\" alt=\"Nha-Khoa-Thien-Bao-Dental-Clinic-Periodontics-07\" itemprop=\"image\" height=\"996\" width=\"1495\"  \/><br \/>\n\t\t\t\t<img loading=\"lazy\" decoding=\"async\" src=\"http:\/\/modest-copper-lynx.50-6-231-22.cpanel.site\/wp-content\/uploads\/2017\/10\/Nha-Khoa-Thien-Bao-Dental-Clinic-Periodontics-04.jpeg\" alt=\"Nha-Khoa-Thien-Bao-Dental-Clinic-Periodontics-04\" itemprop=\"image\" height=\"227\" width=\"300\"  \/><\/p>\n<p><strong>C\u00e1c tri\u1ec7u ch\u1ee9ng c\u1ee7a b\u1ec7nh nha chu<\/strong><\/p>\n<ol>\n<li>Ch\u1ea3y m\u00e1u n\u01b0\u1edbu khi ch\u1ea3i r\u0103ng.<\/li>\n<li>N\u01b0\u1edbu s\u01b0ng \u0111\u1ecf, d\u1ec5 ch\u1ea3y m\u00e1u.<\/li>\n<li>V\u00f4i r\u0103ng \u0111\u00f3ng \u1edf c\u1ed5 r\u0103ng.<\/li>\n<li>H\u01a1i th\u1edf h\u00f4i.<\/li>\n<li>\u1ea4n v\u00e0o n\u01b0\u1edbu th\u1ea5y m\u1ee7 ch\u1ea3y ra.<\/li>\n<li>C\u00f3 c\u1ea3m gi\u00e1c kh\u00f4ng b\u00ecnh th\u01b0\u1eddng khi nhai.<\/li>\n<li>R\u0103ng lung lay.<\/li>\n<li>R\u0103ng di chuy\u1ec3n v\u00e0 th\u01b0a ra.<\/li>\n<\/ol>\n<h4>C\u00e1c giai \u0111o\u1ea1n c\u1ee7a b\u1ec7nh nha chu<\/h4>\n<p>Vi\u00eam n\u01b0\u1edbu r\u0103ng: N\u01b0\u1edbu r\u0103ng b\u1eaft \u0111\u1ea7u \u1eedng \u0111\u1ecf v\u00e0 s\u01b0ng ph\u1ed3ng v\u00e0 c\u00f3 th\u1ec3 ch\u1ea3y m\u00e1u khi ch\u1ea3i r\u0103ng ho\u1eb7c khi l\u1ea5y th\u1ee9c \u0103n \u1edf k\u1ebb r\u0103ng ra b\u1eb1ng ch\u1ec9 nha khoa. M\u1ea3ng b\u00e1m r\u0103ng v\u00e0 cao r\u0103ng c\u00f3 th\u1ec3 \u0111\u00f3ng l\u1edbp \u1edf vi\u1ec1n n\u01b0\u1edbu, nh\u01b0ng \u1ed5 x\u01b0\u01a1ng gi\u1eef r\u0103ng v\u1eabn c\u00f2n ch\u1eafc v\u00e0 vi\u1ec7c c\u1ea1o b\u1ecf nh\u1eefng v\u1eadt g\u00e2y k\u00edch \u1ee9ng n\u00e0y s\u1ebd ph\u1ee5c h\u1ed3i m\u00f4 n\u01b0\u1edbu tr\u1edf l\u1ea1i tr\u1ea1ng th\u00e1i ban \u0111\u1ea7u.<\/p>\n<p>Vi\u00eam nha chu: Trong giai \u0111o\u1ea1n n\u00e0y, n\u01b0\u1edbu b\u1eaft \u0111\u1ea7u long ra kh\u1ecfi r\u0103ng, \u1ed5 x\u01b0\u01a1ng r\u0103ng b\u1ecb h\u01b0 ho\u1ea1i, t\u00fai m\u1ee7 nha chu h\u00ecnh th\u00e0nh v\u00e0, \u0111\u00f4i khi, n\u01b0\u1edbu t\u00e1ch xa kh\u1ecfi r\u0103ng. M\u1ea3ng b\u00e1m r\u0103ng c\u00f3 ch\u1ee9a vi khu\u1ea9n s\u1ebd lan v\u00e0o t\u00fai m\u1ee7 nha chu, l\u00e0m cho cho vi\u1ec7c gi\u1eef b\u1ec1 m\u1eb7t r\u0103ng s\u1ea1ch v\u00e0 ki\u1ec3m so\u00e1t b\u1ec7nh tr\u1edf n\u00ean kh\u00f3 kh\u0103n h\u01a1n.<\/p>\n<p>Nha chu n\u1eb7ng: Trong giai \u0111o\u1ea1n n\u1eb7ng c\u1ee7a b\u1ec7nh, t\u00fai m\u1ee7 nha chu s\u1ebd ti\u1ebfp t\u1ee5c \u0103n s\u00e2u v\u00e0 d\u1eabn \u0111\u1ebfn t\u00ecnh tr\u1ea1ng ti\u00eau x\u01b0\u01a1ng \u1ed5 r\u0103ng. Ngo\u00e0i ra, vi khu\u1ea9n s\u1ed1ng trong nh\u1eefng t\u00fai m\u1ee7 nha chu n\u00e0y s\u1ebd tr\u1edf n\u00ean \u0111\u1ed9c h\u1ea1i h\u01a1n v\u00e0 l\u00e0m b\u1ec7nh ti\u1ebfn tri\u1ec3n ng\u00e0y c\u00e0ng n\u1eb7ng h\u01a1n. N\u1ebfu kh\u00f4ng \u0111i\u1ec1u tr\u1ecb, cu\u1ed1i c\u00f9ng r\u0103ng s\u1ebd b\u1ecb lung lay v\u00e0 r\u1ee5ng.<\/p>\n<h4>C\u00e1ch \u0111i\u1ec1u tr\u1ecb<\/h4>\n<p>N\u1ebfu b\u1ec7nh nha chu \u0111\u01b0\u1ee3c ch\u1ea9n \u0111o\u00e1n \u0111ang trong giai \u0111o\u1ea1n \u0111\u1ea7u c\u1ee7a vi\u00eam n\u01b0\u1edbu r\u0103ng, th\u00ec b\u1ec7nh c\u00f3 th\u1ec3 \u0111\u01b0\u1ee3c \u0111i\u1ec1u tr\u1ecb b\u1eb1ng th\u1ee7 thu\u1eadt l\u00e0m s\u1ea1ch r\u0103ng. N\u1ebfu b\u1ec7nh \u0111\u00e3 ti\u1ebfn tri\u1ec3n qua giai \u0111o\u1ea1n vi\u00eam n\u01b0\u1edbu r\u0103ng \u0111\u1ebfn giai \u0111o\u1ea1n vi\u00eam nha chu n\u1eb7ng, th\u00ec vi\u1ec7c \u0111i\u1ec1u tr\u1ecb s\u1ebd li\u00ean quan \u0111\u1ebfn quy tr\u00ecnh g\u1ecdi l\u00e0 &#8220;c\u1ea1o l\u00e1ng g\u1ed1c r\u0103ng&#8221; th\u1ee7 thu\u1eadt n\u00e0y li\u00ean quan \u0111\u1ebfn vi\u1ec7c l\u00e0m s\u1ea1ch m\u1ea3ng b\u00e1m v\u00e0 l\u00e0m l\u00e1ng m\u1eb7t g\u1ed1c r\u0103ng \u0111\u1ec3 c\u1ea1o s\u1ea1ch cao r\u0103ng v\u00e0 lo\u1ea1i s\u1ea1ch nh\u1eefng l\u1edbp m\u1ea3ng b\u00e1m c\u00f3 vi khu\u1ea9n ph\u00eda d\u01b0\u1edbi vi\u1ec1n n\u01b0\u1edbu \u0111\u1ec3 n\u01b0\u1edbu xung quanh l\u00e0m l\u00e0nh th\u01b0\u01a1ng. Th\u1ee7 thu\u1eadt n\u00e0y c\u00f3 th\u1ec3 ph\u1ea3i \u0111\u01b0\u1ee3c th\u1ef1c hi\u1ec7n nhi\u1ec1u l\u1ea7n, t\u00f9y thu\u1ed9c v\u00e0o m\u1ee9c \u0111\u1ed9 n\u1eb7ng nh\u1eb9 c\u1ee7a b\u1ec7nh nha chu c\u1ee7a b\u1ea1n.<\/p>\n<p>Tr\u01b0\u1eddng h\u1ee3p b\u1ec7nh nha chu \u0111\u00e3 \u1edf giai \u0111o\u1ea1n n\u1eb7ng, khi c\u00e1c t\u00fai m\u1ee7 nha chu \u0111\u00e3 \u0103n s\u00e2u gi\u1eefa r\u0103ng v\u00e0 n\u01b0\u1edbu, th\u00ec c\u1ea7n ph\u1ea3i gi\u1ea3i ph\u1eabu \u0111\u1ec3 nha s\u0129 l\u00e0m s\u1ea1ch ho\u00e0n to\u00e0n ch\u00e2n r\u0103ng v\u00e0 lo\u1ea1i b\u1ecf c\u00e1c t\u00fai m\u1ee7 nha chu. Khi thi\u1ebfu n\u01b0\u1edbu, th\u00ec s\u1ebd ti\u1ebfn h\u00e0nh th\u1ee7 thu\u1eadt gh\u00e9p n\u01b0\u1edbu. Trong m\u1ed9t s\u1ed1 tr\u01b0\u1eddng h\u1ee3p c\u1ee7a b\u1ec7nh nha chu, khi n\u01b0\u1edbu v\u00e0 \u1ed5 x\u01b0\u01a1ng r\u0103ng \u0111\u00e3 b\u1ecb h\u01b0 ho\u1ea1i m\u1ed9t ph\u1ea7n, th\u00ec s\u1ebd s\u1eed d\u1ee5ng c\u00e1c k\u1ef9 thu\u1eadt ph\u1eabu thu\u1eadt nh\u1ea5t \u0111\u1ecbnh \u0111\u1ec3 h\u1ed7 tr\u1ee3 vi\u1ec7c t\u00e1i t\u1ea1o nh\u1eefng m\u00f4 n\u00e0y.<\/p>\n<p>\t\t\t\t<a href=\"\/nha-khoa-tong-quat\/nha-khoa-nhi-dong\/\" target=\"_self\"itemprop=\"url\"><br \/>\n\t\t\t\t<img loading=\"lazy\" decoding=\"async\" src=\"http:\/\/modest-copper-lynx.50-6-231-22.cpanel.site\/wp-content\/uploads\/2017\/10\/Nha-Khoa-Thien-Bao-Dental-Clinic-Dental-For-Kids-04-1-300x289.png\" alt=\"Nha-Khoa-Thien-Bao-Dental-Clinic-Dental-For-Kids-04-1\" itemprop=\"image\" height=\"289\" width=\"300\"  \/><br \/>\n\t\t\t\t<\/a><\/p>\n<h3>\n\t\t<a href=\"\/nha-khoa-tong-quat\/nha-khoa-nhi-dong\/\" title=\"Nha Khoa Nhi \u0110\u1ed3ng\" target=\"_self\"><br \/>\n\t\tNha Khoa Nhi \u0110\u1ed3ng<br \/>\n\t\t<\/a><br \/>\n\t<\/h3>\n<p>\t\t\t\t<a href=\"\/nha-khoa-tham-my\/chinh-nha\/\" target=\"_self\"itemprop=\"url\"><br \/>\n\t\t\t\t<img loading=\"lazy\" decoding=\"async\" src=\"http:\/\/modest-copper-lynx.50-6-231-22.cpanel.site\/wp-content\/uploads\/2017\/11\/Nha-Khoa-Thien-Bao-Clinic-Picture-Stream-08-300x289.png\" alt=\"Nha-Khoa-Thien-Bao-Clinic-Picture-Stream-08\" itemprop=\"image\" height=\"289\" width=\"300\"  \/><br \/>\n\t\t\t\t<\/a><\/p>\n<h3>\n\t\t<a href=\"\/nha-khoa-tham-my\/chinh-nha\/\" title=\"Ch\u1ec9nh Nha\" target=\"_self\"><br \/>\n\t\tCh\u1ec9nh Nha<br \/>\n\t\t<\/a><br \/>\n\t<\/h3>\n<p>\t\t\t\t<a href=\"\/nha-khoa-tham-my\/mat-dan-su-veneer\/\" target=\"_self\"itemprop=\"url\"><br \/>\n\t\t\t\t<img loading=\"lazy\" decoding=\"async\" src=\"http:\/\/modest-copper-lynx.50-6-231-22.cpanel.site\/wp-content\/uploads\/2017\/11\/Nha-Khoa-Thien-Bao-Clinic-Picture-Stream-06-300x289.png\" alt=\"Nha-Khoa-Thien-Bao-Clinic-Picture-Stream-06\" itemprop=\"image\" height=\"289\" width=\"300\"  \/><br \/>\n\t\t\t\t<\/a><\/p>\n<h3>\n\t\t<a href=\"\/nha-khoa-tham-my\/mat-dan-su-veneer\/\" title=\"M\u1eb7t d\u00e1n s\u1ee9 Veneer\" target=\"_self\"><br \/>\n\t\tM\u1eb7t d\u00e1n s\u1ee9 Veneer<br \/>\n\t\t<\/a><br \/>\n\t<\/h3>\n<p>\t\t\t\t<a href=\"\/nha-khoa-tong-quat\/phau-thuat-rang-mieng\/\" target=\"_self\"itemprop=\"url\"><br \/>\n\t\t\t\t<img loading=\"lazy\" decoding=\"async\" src=\"http:\/\/modest-copper-lynx.50-6-231-22.cpanel.site\/wp-content\/uploads\/2017\/11\/Nha-Khoa-Thien-Bao-Clinic-Picture-Stream-04-300x289.png\" alt=\"Nha-Khoa-Thien-Bao-Clinic-Picture-Stream-04\" itemprop=\"image\" height=\"289\" width=\"300\"  \/><br \/>\n\t\t\t\t<\/a><\/p>\n<h3>\n\t\t<a href=\"\/nha-khoa-tong-quat\/phau-thuat-rang-mieng\/\" title=\"Ph\u1eabu Thu\u1eadt R\u0103ng MI\u1ec7ng\" target=\"_self\"><br \/>\n\t\tPh\u1eabu Thu\u1eadt R\u0103ng MI\u1ec7ng<br \/>\n\t\t<\/a><br \/>\n\t<\/h3>\n<p><\/p>","protected":false},"excerpt":{"rendered":"<p>Nha chu B\u1ec7nh nha chu l\u00e0m ph\u00e1 h\u1ee7y c\u00e1c m\u00f4 n\u00e2ng \u0111\u1ee1 r\u0103ng, l\u00e0m ti\u00eau x\u01b0\u01a1ng \u1ed5 r\u0103ng, l\u1ec7ch r\u0103ng, lung lay [&hellip;]<\/p>\n","protected":false},"author":2,"featured_media":0,"parent":489,"menu_order":0,"comment_status":"closed","ping_status":"closed","template":"page-templates\/page_fullwidth.php","meta":{"footnotes":""},"class_list":["post-605","page","type-page","status-publish","hentry"],"_links":{"self":[{"href":"https:\/\/modest-copper-lynx.50-6-231-22.cpanel.site\/index.php?rest_route=\/wp\/v2\/pages\/605","targetHints":{"allow":["GET"]}}],"collection":[{"href":"https:\/\/modest-copper-lynx.50-6-231-22.cpanel.site\/index.php?rest_route=\/wp\/v2\/pages"}],"about":[{"href":"https:\/\/modest-copper-lynx.50-6-231-22.cpanel.site\/index.php?rest_route=\/wp\/v2\/types\/page"}],"author":[{"embeddable":true,"href":"https:\/\/modest-copper-lynx.50-6-231-22.cpanel.site\/index.php?rest_route=\/wp\/v2\/users\/2"}],"replies":[{"embeddable":true,"href":"https:\/\/modest-copper-lynx.50-6-231-22.cpanel.site\/index.php?rest_route=%2Fwp%2Fv2%2Fcomments&post=605"}],"version-history":[{"count":0,"href":"https:\/\/modest-copper-lynx.50-6-231-22.cpanel.site\/index.php?rest_route=\/wp\/v2\/pages\/605\/revisions"}],"up":[{"embeddable":true,"href":"https:\/\/modest-copper-lynx.50-6-231-22.cpanel.site\/index.php?rest_route=\/wp\/v2\/pages\/489"}],"wp:attachment":[{"href":"https:\/\/modest-copper-lynx.50-6-231-22.cpanel.site\/index.php?rest_route=%2Fwp%2Fv2%2Fmedia&parent=605"}],"curies":[{"name":"wp","href":"https:\/\/api.w.org\/{rel}","templated":true}]}}