{"id":593,"date":"2017-10-28T14:30:22","date_gmt":"2017-10-28T07:30:22","guid":{"rendered":"https:\/\/modest-copper-lynx.50-6-231-22.cpanel.site\/?page_id=593"},"modified":"2017-12-05T22:19:54","modified_gmt":"2017-12-05T15:19:54","slug":"chua-tuy","status":"publish","type":"page","link":"https:\/\/modest-copper-lynx.50-6-231-22.cpanel.site\/?page_id=593","title":{"rendered":"Ch\u1eefa Tu\u1ef7"},"content":{"rendered":"<h3>\n\t\tCh\u1eefa Tu\u1ef7<br \/>\n\t<\/h3>\n<p>Vi\u00eam t\u1ee7y th\u01b0\u1eddng b\u1eaft \u0111\u1ea7u t\u1eeb s\u00e2u r\u0103ng, s\u00e2u r\u0103ng g\u00e2y \u00ea bu\u1ed1t khi c\u00f3 n\u00f3ng, l\u1ea1nh, chua, ng\u1ecdt. N\u1ebfu trong giai \u0111o\u1ea1n n\u00e0y r\u0103ng s\u00e2u \u0111\u01b0\u1ee3c ch\u1eefa tr\u1ecb k\u1ecbp th\u1eddi th\u00ec s\u1ebd tr\u00e1nh \u0111\u01b0\u1ee3c b\u1ec7nh t\u1ee7y r\u0103ng. Ngo\u00e0i ra b\u1ec7nh t\u1ee7y r\u0103ng c\u00f2n c\u00f3 th\u1ec3 do c\u00e1c nguy\u00ean nh\u00e2n kh\u00e1c nh\u01b0 v\u1ee1 hay m\u1ebb r\u0103ng, do ch\u1ea5n th\u01b0\u01a1ng l\u00e0m \u0111\u1ee9t m\u1ea1ch m\u00e1u nu\u00f4i t\u1ee7y r\u0103ng, m\u00f2n r\u0103ng qu\u00e1 nhi\u1ec1u, vi\u00eam t\u1ee7y do vi\u00eam quanh r\u0103ng.<\/p>\n<h3><\/h3>\n<h4>D\u1ea5u hi\u1ec7u v\u00e0 tri\u1ec7u ch\u1ee9ng c\u1ee7a b\u1ec7nh t\u1ee7y r\u0103ng<\/h4>\n<p>Vi\u00eam t\u1ee7y r\u0103ng c\u00f3 th\u1ec3 l\u00e0 vi\u00eam c\u1ea5p ho\u1eb7c vi\u00eam m\u1ea1n, vi\u00eam c\u1ea5p g\u00e2y ra nh\u1eefng c\u01a1n \u0111au d\u1eef d\u1ed9i, vi\u00eam m\u1ea1n c\u00f3 th\u1ec3 \u0111au c\u01a1n ho\u1eb7c \u0111au li\u00ean t\u1ee5c, c\u01b0\u1eddng \u0111\u1ed9 \u0111au \u00edt h\u01a1n vi\u00eam c\u1ea5p.<br \/>\n\u0110au r\u0103ng th\u00e0nh t\u1eebng c\u01a1n, v\u1eeba \u0111au v\u1eeba bu\u1ed1t ho\u1eb7c ch\u1ec9 \u0111au m\u00e0 kh\u00f4ng bu\u1ed1t, m\u1ed7i c\u01a1n \u0111au th\u01b0\u1eddng k\u00e9o d\u00e0i t\u1eeb 3 \u0111\u1ebfn 30 ph\u00fat, c\u00f3 th\u1ec3 \u0111au m\u1ee9c \u0111\u1ed9 nh\u1eb9 t\u1ea1i ch\u1ed7 ho\u1eb7c \u0111au d\u1eef d\u1ed9i lan ra xung quanh v\u00e0 l\u00ean \u0111\u1ea7u, \u0111au c\u00f3 th\u1ec3 gi\u1eadt theo m\u1ea1ch nh\u1ecbp \u0111\u1eadp. C\u01a1n \u0111au xu\u1ea5t hi\u1ec7n t\u1ef1 nhi\u00ean ho\u1eb7c sau khi c\u00f3 k\u00edch th\u00edch ho\u1eb7c thay \u0111\u1ed5i \u00e1p su\u1ea5t (v\u00ed d\u1ee5 \u0111i m\u00e1y bay), khi h\u1ebft c\u01a1n \u0111au b\u1ec7nh nh\u00e2n l\u1ea1i th\u1ea5y d\u1ec5 ch\u1ecbu ho\u00e0n to\u00e0n. \u0110au t\u1ee7y r\u0103ng l\u00e0 m\u1ed9t c\u1ea5p c\u1ee9u nha khoa, nhi\u1ec1u tr\u01b0\u1eddng h\u1ee3p b\u1ec7nh nh\u00e2n \u0111au u\u1ed1ng thu\u1ed1c gi\u1ea3m \u0111au kh\u00f4ng t\u00e1c d\u1ee5ng. Khi ng\u01b0\u1eddi b\u1ec7nh nhai v\u00e0o r\u0103ng vi\u00eam t\u1ee7y th\u00ec h\u01a1i \u0111au, c\u00f3 th\u1ec3 c\u00f3 c\u1ea3m gi\u00e1c r\u0103ng lung lay. N\u1ebfu kh\u00f4ng \u0111\u01b0\u1ee3c \u0111i\u1ec1u tr\u1ecb th\u00ec \u0111au t\u1ee7y k\u00e9o d\u00e0i t\u1edbi khi t\u1ee7y ch\u1ebft, nhi\u1ec1u ng\u01b0\u1eddi b\u1ec7nh ch\u1ee7 quan cho r\u1eb1ng r\u0103ng \u0111\u00e3 t\u1ef1 kh\u1ecfi m\u00e0 kh\u00f4ng bi\u1ebft r\u1eb1ng nhi\u1ec5m khu\u1ea9n s\u1ebd \u0111i ra v\u00f9ng quanh ch\u00f3p ch\u00e2n r\u0103ng. R\u0103ng vi\u00eam t\u1ee7y c\u00f3 th\u1ec3 c\u00f3 l\u1ed7 s\u00e2u, v\u1ee1 r\u1ea1n r\u0103ng, m\u00f2n r\u0103ng ho\u1eb7c vi\u00eam nha chu.<\/p>\n<p>\t\t\t\t<img loading=\"lazy\" decoding=\"async\" src=\"http:\/\/modest-copper-lynx.50-6-231-22.cpanel.site\/wp-content\/uploads\/2017\/10\/Nha-Khoa-Thien-Bao-Root-Canal-01.png\" alt=\"Nha-Khoa-Thien-Bao-Root-Canal-01\" itemprop=\"image\" height=\"300\" width=\"285\"  \/><\/p>\n<h3>H\u1eadu qu\u1ea3 c\u1ee7a vi\u00eam t\u1ee7y r\u0103ng<\/h3>\n<p>T\u1ee7y r\u0103ng vi\u00eam s\u1ebd b\u1ecb sung huy\u1ebft, tuy nhi\u00ean t\u1ee7y r\u0103ng \u0111\u01b0\u1ee3c bao b\u1ecdc b\u1edfi m\u1ed9t v\u1ecf c\u1ee9ng n\u00ean kh\u00f4ng th\u1ec3 ph\u1ed3ng l\u00ean \u0111\u01b0\u1ee3c, \u0111i\u1ec1u n\u00e0y d\u1eabn \u0111\u1ebfn t\u0103ng \u00e1p su\u1ea5t trong bu\u1ed3ng t\u1ee7y g\u00e2y ch\u1ebft t\u1ee7y. R\u0103ng ch\u1ebft t\u1ee7y kh\u00f4ng \u0111\u01b0\u1ee3c \u0111i\u1ec1u tr\u1ecb d\u1eabn \u0111\u1ebfn vi\u00eam quanh ch\u00f3p ch\u00e2n r\u0103ng, \u00e1p xe quanh ch\u00f3p r\u0103ng.<\/p>\n<h3>Quy tr\u00ecnh \u0111i\u1ec1u tr\u1ecb t\u1ee7y r\u0103ng<\/h3>\n<p>a. \u0110\u1eb7t thu\u1ed1c ch\u1ebft t\u1ee7y kho\u1ea3ng 2 ng\u00e0y ho\u1eb7c g\u00e2y t\u00ea l\u1ea5y t\u1ee7y t\u1ea1i ch\u1ed7.<\/p>\n<p>b. M\u1edf t\u1ee7y t\u1ea1o \u0111\u01b0\u1eddng v\u00e0o ch\u1eefa t\u1ee7y r\u0103ng b\u1eb1ng tay khoan si\u00eau t\u1ed1c<\/p>\n<p>c. X\u00e1c \u0111\u1ecbnh chi\u1ec1u d\u00e0i ch\u00e2n r\u0103ng: Ch\u1ee5p X-Quang b\u1eb1ng m\u00e1y ch\u1ee5p k\u1ef9 thu\u1eadt s\u1ed1, \u0111o chi\u1ec1u d\u00e0i ch\u00e2n r\u0103ng b\u1eb1ng m\u00e1y \u0111\u1ecbnh v\u1ecb ch\u00f3p g\u1ed1c r\u0103ng.<\/p>\n<p>d. D\u00f9ng c\u00e1c d\u1ee5ng c\u1ee5 nh\u1ecf chuy\u00ean d\u1ee5ng cho vi\u1ec7c t\u1ea1o h\u00ecnh \u1ed1ng t\u1ee7y r\u0103ng: File K, file H, file Protaper.<\/p>\n<p>\t\t\t\t<img loading=\"lazy\" decoding=\"async\" src=\"http:\/\/modest-copper-lynx.50-6-231-22.cpanel.site\/wp-content\/uploads\/2017\/10\/Nha-Khoa-Thien-Bao-Root-Canal-01.jpg\" alt=\"Nha-Khoa-Thien-Bao-Root-Canal-01\" itemprop=\"image\" height=\"333\" width=\"381\"  \/><\/p>\n<p>&nbsp;<\/p>\n<p>e. B\u01a1m r\u1eeda \u1ed1ng t\u1ee7y th\u1eadt k\u1ef9, \u0111\u1eb7t thu\u1ed1c s\u00e1t khu\u1ea9n t\u1ea1i kh\u00f4ng gian t\u1ee7y bu\u1ed3ng v\u00e0 t\u1ee7y ch\u00e2n tr\u01b0\u1edbc \u0111\u00f3, h\u00e0n k\u00edn t\u1ea1m th\u1eddi b\u1eb1ng ch\u1ea5t h\u00e0n n\u1ed9i nha.<\/p>\n<p>f. Sau v\u00e0i l\u1ea7n thay thu\u1ed1c ch\u00e2n r\u0103ng th\u1eadt s\u1ea1ch th\u00ec quay thu\u1ed1c v\u00e0o b\u00edt ch\u1eb7t \u1ed1ng t\u1ee7y b\u1eb1ng Endomethasone v\u00e0 l\u00e8n cone gutta percha v\u1edbi nhi\u1ec1u k\u1ef9 thu\u1eadt hi\u1ec7n \u0111\u1ea1i nh\u1eb1m l\u00e0m ch\u1eb7t \u1ed1ng t\u1ee7y.<\/p>\n<p>g. Sau \u0111\u00f3 tr\u00e1m k\u1ebft th\u00fac b\u1eb1ng Composite tr\u00e1m th\u1ea9m m\u1ef9, Amalgam ho\u1eb7c Inlay, Onlay hay b\u1ecdc r\u0103ng s\u1ee9 l\u00e0 t\u00f9y ch\u1ecdn c\u1ee7a b\u1ec7nh nh\u00e2n sau khi c\u00f3 s\u1ef1 t\u01b0 v\u1ea5n c\u1ee7a B\u00e1c s\u1ef9.<\/p>\n<p>\t\t\t\t<img loading=\"lazy\" decoding=\"async\" src=\"http:\/\/modest-copper-lynx.50-6-231-22.cpanel.site\/wp-content\/uploads\/2017\/10\/Nha-Khoa-Thien-Bao-Root-Canal-03.jpg\" alt=\"Nha-Khoa-Thien-Bao-Root-Canal-03\" itemprop=\"image\" height=\"314\" width=\"800\"  \/><\/p>\n<h3>Ph\u00f2ng ng\u1eeba b\u1ec7nh t\u1ee7y r\u0103ng<\/h3>\n<p>\u0110\u1ec3 ph\u00f2ng tr\u00e1nh b\u1ec7nh vi\u00eam t\u1ee7y r\u0103ng, m\u1ed7i ng\u01b0\u1eddi n\u00ean \u0111i ki\u1ec3m tra r\u0103ng \u0111\u1ecbnh k\u1ef3 6 th\u00e1ng 1 l\u1ea7n \u0111\u1ec3 ph\u00e1t hi\u1ec7n c\u00e1c r\u0103ng s\u00e2u v\u00e0 ch\u1eefa k\u1ecbp th\u1eddi, n\u1ebfu c\u00f3 b\u1ec7nh vi\u00eam l\u1ee3i v\u00e0 vi\u00eam quanh r\u0103ng th\u00ec n\u00ean ch\u1eefa tr\u1ecb ngay, tr\u00e1nh kh\u00f4ng nhai v\u1eadt c\u1ee9ng nh\u01b0 x\u01b0\u01a1ng, v\u1ecf cua bi\u1ec3n.<\/p>\n<p>\t\t\t\t<a href=\"\/nha-khoa-tong-quat\/nha-khoa-nhi-dong\/\" target=\"_self\"itemprop=\"url\"><br \/>\n\t\t\t\t<img loading=\"lazy\" decoding=\"async\" src=\"http:\/\/modest-copper-lynx.50-6-231-22.cpanel.site\/wp-content\/uploads\/2017\/10\/Nha-Khoa-Thien-Bao-Dental-Clinic-Dental-For-Kids-04-1-300x289.png\" alt=\"Nha-Khoa-Thien-Bao-Dental-Clinic-Dental-For-Kids-04-1\" itemprop=\"image\" height=\"289\" width=\"300\"  \/><br \/>\n\t\t\t\t<\/a><\/p>\n<h3>\n\t\t<a href=\"\/nha-khoa-tong-quat\/nha-khoa-nhi-dong\/\" title=\"Nha Khoa Nhi \u0110\u1ed3ng\" target=\"_self\"><br \/>\n\t\tNha Khoa Nhi \u0110\u1ed3ng<br \/>\n\t\t<\/a><br \/>\n\t<\/h3>\n<p>\t\t\t\t<a href=\"\/nha-khoa-tham-my\/chinh-nha\/\" target=\"_self\"itemprop=\"url\"><br \/>\n\t\t\t\t<img loading=\"lazy\" decoding=\"async\" src=\"http:\/\/modest-copper-lynx.50-6-231-22.cpanel.site\/wp-content\/uploads\/2017\/11\/Nha-Khoa-Thien-Bao-Clinic-Picture-Stream-08-300x289.png\" alt=\"Nha-Khoa-Thien-Bao-Clinic-Picture-Stream-08\" itemprop=\"image\" height=\"289\" width=\"300\"  \/><br \/>\n\t\t\t\t<\/a><\/p>\n<h3>\n\t\t<a href=\"\/nha-khoa-tham-my\/chinh-nha\/\" title=\"Ch\u1ec9nh Nha\" target=\"_self\"><br \/>\n\t\tCh\u1ec9nh Nha<br \/>\n\t\t<\/a><br \/>\n\t<\/h3>\n<p>\t\t\t\t<a href=\"\/nha-khoa-tham-my\/mat-dan-su-veneer\/\" target=\"_self\"itemprop=\"url\"><br \/>\n\t\t\t\t<img loading=\"lazy\" decoding=\"async\" src=\"http:\/\/modest-copper-lynx.50-6-231-22.cpanel.site\/wp-content\/uploads\/2017\/11\/Nha-Khoa-Thien-Bao-Clinic-Picture-Stream-06-300x289.png\" alt=\"Nha-Khoa-Thien-Bao-Clinic-Picture-Stream-06\" itemprop=\"image\" height=\"289\" width=\"300\"  \/><br \/>\n\t\t\t\t<\/a><\/p>\n<h3>\n\t\t<a href=\"\/nha-khoa-tham-my\/mat-dan-su-veneer\/\" title=\"M\u1eb7t d\u00e1n s\u1ee9 Veneer\" target=\"_self\"><br \/>\n\t\tM\u1eb7t d\u00e1n s\u1ee9 Veneer<br \/>\n\t\t<\/a><br \/>\n\t<\/h3>\n<p>\t\t\t\t<a href=\"\/nha-khoa-tong-quat\/phau-thuat-rang-mieng\/\" target=\"_self\"itemprop=\"url\"><br \/>\n\t\t\t\t<img loading=\"lazy\" decoding=\"async\" src=\"http:\/\/modest-copper-lynx.50-6-231-22.cpanel.site\/wp-content\/uploads\/2017\/11\/Nha-Khoa-Thien-Bao-Clinic-Picture-Stream-04-300x289.png\" alt=\"Nha-Khoa-Thien-Bao-Clinic-Picture-Stream-04\" itemprop=\"image\" height=\"289\" width=\"300\"  \/><br \/>\n\t\t\t\t<\/a><\/p>\n<h3>\n\t\t<a href=\"\/nha-khoa-tong-quat\/phau-thuat-rang-mieng\/\" title=\"Ph\u1eabu Thu\u1eadt R\u0103ng MI\u1ec7ng\" target=\"_self\"><br \/>\n\t\tPh\u1eabu Thu\u1eadt R\u0103ng MI\u1ec7ng<br \/>\n\t\t<\/a><br \/>\n\t<\/h3>\n<p><\/p>","protected":false},"excerpt":{"rendered":"<p>Ch\u1eefa Tu\u1ef7 Vi\u00eam t\u1ee7y th\u01b0\u1eddng b\u1eaft \u0111\u1ea7u t\u1eeb s\u00e2u r\u0103ng, s\u00e2u r\u0103ng g\u00e2y \u00ea bu\u1ed1t khi c\u00f3 n\u00f3ng, l\u1ea1nh, chua, ng\u1ecdt. N\u1ebfu [&hellip;]<\/p>\n","protected":false},"author":2,"featured_media":0,"parent":489,"menu_order":0,"comment_status":"closed","ping_status":"closed","template":"page-templates\/page_fullwidth.php","meta":{"footnotes":""},"class_list":["post-593","page","type-page","status-publish","hentry"],"_links":{"self":[{"href":"https:\/\/modest-copper-lynx.50-6-231-22.cpanel.site\/index.php?rest_route=\/wp\/v2\/pages\/593","targetHints":{"allow":["GET"]}}],"collection":[{"href":"https:\/\/modest-copper-lynx.50-6-231-22.cpanel.site\/index.php?rest_route=\/wp\/v2\/pages"}],"about":[{"href":"https:\/\/modest-copper-lynx.50-6-231-22.cpanel.site\/index.php?rest_route=\/wp\/v2\/types\/page"}],"author":[{"embeddable":true,"href":"https:\/\/modest-copper-lynx.50-6-231-22.cpanel.site\/index.php?rest_route=\/wp\/v2\/users\/2"}],"replies":[{"embeddable":true,"href":"https:\/\/modest-copper-lynx.50-6-231-22.cpanel.site\/index.php?rest_route=%2Fwp%2Fv2%2Fcomments&post=593"}],"version-history":[{"count":0,"href":"https:\/\/modest-copper-lynx.50-6-231-22.cpanel.site\/index.php?rest_route=\/wp\/v2\/pages\/593\/revisions"}],"up":[{"embeddable":true,"href":"https:\/\/modest-copper-lynx.50-6-231-22.cpanel.site\/index.php?rest_route=\/wp\/v2\/pages\/489"}],"wp:attachment":[{"href":"https:\/\/modest-copper-lynx.50-6-231-22.cpanel.site\/index.php?rest_route=%2Fwp%2Fv2%2Fmedia&parent=593"}],"curies":[{"name":"wp","href":"https:\/\/api.w.org\/{rel}","templated":true}]}}