{"id":587,"date":"2017-10-28T14:28:38","date_gmt":"2017-10-28T07:28:38","guid":{"rendered":"https:\/\/modest-copper-lynx.50-6-231-22.cpanel.site\/?page_id=587"},"modified":"2017-11-19T19:31:01","modified_gmt":"2017-11-19T12:31:01","slug":"phau-thuat-tao-hinh-nuou-tham-my","status":"publish","type":"page","link":"https:\/\/modest-copper-lynx.50-6-231-22.cpanel.site\/?page_id=587","title":{"rendered":"Ph\u1eabu Thu\u1eadt T\u1ea1o H\u00ecnh N\u01b0\u1edbu th\u1ea9m M\u1ef9"},"content":{"rendered":"<h3>\n\t\tPh\u1eabu Thu\u1eadt T\u1ea1o H\u00ecnh N\u01b0\u1edbu Th\u1ea9m M\u1ef9<br \/>\n\t<\/h3>\n<p>\t\t\t\t<a href=\"http:\/\/modest-copper-lynx.50-6-231-22.cpanel.site\/wp-content\/uploads\/2017\/10\/NhaKhoa-Thien-Bao-Dental-Clinic-Gum-Surgery-02.jpg\" target=\"_self\"itemprop=\"url\"><br \/>\n\t\t\t\t<img loading=\"lazy\" decoding=\"async\" src=\"http:\/\/modest-copper-lynx.50-6-231-22.cpanel.site\/wp-content\/uploads\/2017\/10\/NhaKhoa-Thien-Bao-Dental-Clinic-Gum-Surgery-02-300x225.jpg\" alt=\"NhaKhoa-Thien-Bao-Dental-Clinic-Gum-Surgery-02\" itemprop=\"image\" height=\"225\" width=\"300\"  \/><br \/>\n\t\t\t\t<\/a><\/p>\n<p>M\u1ed9t n\u1ee5 c\u01b0\u1eddi \u0111\u1eb9p kh\u00f4ng th\u1ec3 thi\u00ea\u0301u ve\u0309 \u0111e\u0323p cu\u0309a n\u01b0\u01a1\u0301u r\u0103ng. N\u01b0\u01a1\u0301u r\u0103ng s\u0103n ch\u0103\u0301c m\u00e0u h\u00f4\u0300ng t\u01b0\u01a1i \u00f4m \u0111\u00ea\u0300u quanh vi\u00ea\u0300n c\u00f4\u0309 r\u0103ng c\u1ee7a ba\u0323n l\u00e0 ti\u00eau chu\u1ea9n cho m\u00f4\u0323t nu\u0323 c\u01b0\u01a1\u0300i \u0111e\u0323p, nh\u01b0ng th\u1ef1c t\u1ebf kh\u00f4ng ph\u1ea3i ai sinh ra c\u0169ng \u0111\u1ec1u c\u00f3 h\u00e0m r\u0103ng v\u00e0 n\u01b0\u1edbu \u0111\u1eb9p. \u0110\u1ec3 t\u00e1i t\u1ea1o l\u1ea1i h\u00e0m r\u0103ng \u0111\u1eb9p kh\u00f4ng h\u1eb3n l\u00e0 tr\u1ed3ng r\u0103ng gi\u1ea3 \u0111\u1eaft ti\u1ec1n l\u00e0 s\u1ebd \u0111\u1eb9p m\u00e0 \u0111\u00f3 l\u00e0 c\u1ea3 m\u1ed9t ngh\u1ec7 thu\u1eadt, Nha s\u0129 ph\u1ea3i c\u00f3 khi\u1ebfu th\u1ea9m m\u1ef9 s\u00e2u s\u1eafc, bi\u1ebft nh\u00ecn nh\u1eadn t\u1ed5ng th\u1ec3 khu\u00f4n m\u1eb7t c\u1ee7a b\u1ea1n. Cu\u1ed1i c\u00f9ng th\u00ec Nha s\u0129 s\u1ebd cho b\u1ea1n l\u1eddi khuy\u00ean n\u00ean l\u00e0m r\u0103ng h\u00ecnh d\u1ea1ng v\u00e0 m\u00e0u s\u1eafc nh\u01b0 th\u1ebf n\u00e0o l\u00e0 h\u1ee3p l\u00fd v\u00e0 c\u00f3 n\u00ean ph\u1eabu thu\u1eadt n\u01b0\u1edbu r\u0103ng \u0111\u1ec3 cho n\u1ee5 c\u01b0\u1eddi b\u1ea1n \u0111\u01b0\u1ee3c ho\u00e0n thi\u1ec7n th\u00eam kh\u00f4ng.<\/p>\n<p><strong>1. Gh\u00e9p n\u01b0\u1edbu<\/strong><\/p>\n<p>Ph\u1eabu thu\u1eadt gh\u00e9p n\u01b0\u1edbu r\u0103ng \u0111\u01b0\u1ee3c \u00e1p d\u1ee5ng trong vi\u1ec7c t\u1ea1o ra \u0111\u1ed9 d\u00e0y cho n\u01b0\u1edbu, che l\u1ea5p nh\u1eefng khuy\u1ebft \u0111i\u1ec3m tr\u00ean n\u01b0\u1edbu do s\u1ef1 t\u1ee5t n\u01b0\u1edbu khi m\u1ea5t r\u0103ng, hay b\u1ecb nha chu&#8230; nh\u1eb1m t\u1ea1o t\u00ednh th\u1ea9m m\u1ef9 c\u0169ng nh\u01b0 s\u1ef1 h\u00e0i ho\u00e0 cho khu\u00f4n m\u1eb7t.<\/p>\n<p>Ngo\u00e0i ra vi\u1ec7c ph\u1eabu thu\u1eadt gh\u00e9p n\u01b0\u1edbu c\u00f2n \u0111\u01b0\u1ee3c \u00e1p d\u1ee5ng v\u1edbi nh\u1eefng tr\u01b0\u1eddng h\u1ee3p nh\u01b0 n\u01b0\u1edbu d\u00ednh li\u1ec1n, g\u00e2y kh\u00f3 kh\u0103n trong vi\u1ec7c \u0103n u\u1ed1ng (t\u1ea1o h\u00ecnh l\u1ea1i n\u01b0\u1edbu). Nh\u1eb1m t\u1ea1o s\u1ef1 t\u1ef1 tin, tho\u1ea3i m\u00e1i, d\u1ec5 ch\u1ecbu, trong vi\u1ec7c \u0103n nhai c\u0169ng nh\u01b0 t\u1ea1o t\u00ednh th\u1ea9m m\u1ef9 cho n\u01b0\u1edbu, r\u0103ng. \u0110i\u1ec1u n\u00e0y g\u00f3p ph\u1ea7n kh\u00f4ng nh\u1ecf trong vi\u1ec7c t\u00e1i t\u1ea1o s\u1ef1 h\u00e0i ho\u00e0 cho khu\u00f4n m\u1eb7t.<\/p>\n<p>&nbsp;<\/p>\n<p><strong>2. Ph\u1eabu thu\u1eadt k\u00e9o d\u00e0i th\u00e2n r\u0103ng:<\/strong><\/p>\n<p>Ph\u1eabu thu\u1eadt n\u01b0\u1edbu k\u00e9o d\u00e0i th\u00e2n r\u0103ng th\u01b0\u1eddng \u0111\u01b0\u1ee3c th\u1ef1c hi\u1ec7n \u0111\u1ec3 thay \u0111\u1ed5i chi\u1ec1u d\u00e0i hay k\u00edch th\u01b0\u1edbc m\u1eb7t ngo\u00e0i c\u1ee7a r\u0103ng trong vi\u1ec7c t\u1ed1i \u01b0u h\u00f3a k\u1ebft qu\u1ea3 th\u1ea9m m\u1ef9. Vi\u1ec7c \u0111i\u1ec1u tr\u1ecb n\u00e0y do c\u00e1c b\u00e1c s\u0129 chuy\u00ean khoa th\u1ef1c hi\u1ec7n. C\u1ea7n thi\u1ebft c\u00f3 s\u1ef1 k\u1ebft h\u1ee3p t\u00ednh to\u00e1n h\u00ecnh d\u00e1ng khu\u00f4n m\u1eb7t v\u1edbi h\u00ecnh d\u00e1ng v\u00e0 k\u00edch th\u01b0\u1edbc ban \u0111\u1ea7u c\u1ee7a r\u0103ng tr\u01b0\u1edbc khi ti\u1ebfn h\u00e0nh ph\u1eabu thu\u1eadt \u0111\u1ec3 \u0111\u1ea1t \u0111\u01b0\u1ee3c t\u00ednh th\u1ea9m m\u1ef9 cao nh\u1ea5t.<br \/>\nTheo sau giai \u0111o\u1ea1n ph\u1eabu thu\u1eadt l\u00e0 giai \u0111o\u1ea1n ph\u1ee5c h\u1ed3i th\u1ea9m m\u1ef9 cho h\u00ecnh d\u1ea1ng th\u00e2n r\u0103ng. C\u00f3 th\u1ec3 ph\u1ee5c h\u1ed3i th\u1ea9m m\u1ef9 b\u1eb1ng c\u00e1ch l\u00e0m m\u00e3o s\u1ee9 Veneer, s\u1ee9 Cercon,&#8230;<\/p>\n<p>&nbsp;<\/p>\n<p>\t\t\t\t<a href=\"http:\/\/modest-copper-lynx.50-6-231-22.cpanel.site\/wp-content\/uploads\/2017\/10\/NhaKhoa-Thien-Bao-Dental-Clinic-Gum-Surgery-03.jpg\" target=\"_self\"itemprop=\"url\"><br \/>\n\t\t\t\t<img loading=\"lazy\" decoding=\"async\" src=\"http:\/\/modest-copper-lynx.50-6-231-22.cpanel.site\/wp-content\/uploads\/2017\/10\/NhaKhoa-Thien-Bao-Dental-Clinic-Gum-Surgery-03-300x300.jpg\" alt=\"NhaKhoa-Thien-Bao-Dental-Clinic-Gum-Surgery-03\" itemprop=\"image\" height=\"300\" width=\"300\"  \/><br \/>\n\t\t\t\t<\/a><\/p>\n<p><strong>3. T\u1ea1o h\u00ecnh th\u1ea9m m\u1ef9 cho l\u1ed9 n\u01b0\u1edbu:<\/strong><\/p>\n<p>C\u01b0\u1eddi h\u1edf qu\u00e1 nhi\u1ec1u n\u01b0\u1edbu l\u00e0 nh\u01b0\u1ee3c \u0111i\u1ec3m l\u00e0m b\u1ea1n m\u1ea5t t\u1ef1 tin nh\u01b0ng \u0111i\u1ec1u \u0111\u00f3 ch\u1ec9 c\u00f2n trong qu\u00e1 kh\u1ee9 v\u00ec b\u1ea1n \u0111\u00e3 c\u00f3 k\u1ebft qu\u1ea3 \u0111i\u1ec1u tr\u1ecb h\u01a1n s\u1ef1 mong \u0111\u1ee3i. Trong qu\u00e1 tr\u00ecnh \u0111i\u1ec1u tr\u1ecb c\u00f3 th\u1ec3 g\u00e2y cho b\u1ea1n m\u1ed9t ch\u00fat c\u1ea3m gi\u00e1c kh\u00f3 ch\u1ecbu nh\u01b0ng tuy\u1ec7t \u0111\u1ed1i an to\u00e0n v\u00ec ch\u00fang t\u00f4i \u0111\u00e3 l\u00e0m \u0111\u01b0\u1ee3c nh\u01b0 th\u1ebf<br \/>\nPh\u1ea7n n\u01b0\u1edbu d\u01b0 th\u1eeba s\u1ebd \u0111\u01b0\u1ee3c ph\u1eabu thu\u1eadt c\u1eaft b\u1ecf, m\u1ee5c \u0111\u00edch c\u1ee7a vi\u1ec7c n\u00e0y l\u00e0 \u0111\u1ec3 l\u1ed9 ra ch\u00e2n r\u0103ng n\u1eb1m b\u00ean trong v\u00e0 d\u1ef1a tr\u00ean t\u00ecnh tr\u1ea1ng hi\u1ec7n th\u1eddi, ph\u1ee5c h\u00ecnh r\u0103ng s\u1ee9 s\u1ebd \u0111\u01b0\u1ee3c thay th\u1ebf \u0111\u1ec3 kh\u1eafc ph\u1ee5c l\u1ed9 nu\u1edbu.\u2028Sau khi ph\u1ea7n n\u01b0\u1edbu ph\u1ee7 xu\u1ed1ng b\u1ecb c\u1eaft b\u1edbt, qui tr\u00ecnh \u0111i\u1ec1u tr\u1ecb v\u1eabn di\u1ec5n ra nh\u01b0 c\u00e1c ca l\u00e0m r\u0103ng s\u1ee9 th\u00f4ng th\u01b0\u1eddng kh\u00e1c.<\/p>\n<p><strong>4. T\u00e1i t\u1ea1o gai n\u01b0\u1edbu trong ph\u1ee5c h\u00ecnh s\u1ee9:<\/strong><\/p>\n<p>Khi b\u1ecb m\u1ea5t r\u0103ng trong th\u1eddi gian d\u00e0i, n\u01b0\u1edbu r\u0103ng c\u0169ng nh\u01b0 x\u01b0\u01a1ng h\u00e0m b\u1ecb teo l\u1ea1i g\u00e2y m\u1ea5t th\u1ea9m m\u1ef9 nh\u1ea5t l\u00e0 v\u00f9ng r\u0103ng c\u1eeda. Trong tr\u01b0\u1eddng h\u1ee3p n\u00e0y, n\u1ebfu b\u1ea1n ch\u1ecdn ph\u1ee5c h\u00ecnh r\u0103ng s\u1ee9 m\u00e0 kh\u00f4ng t\u00e1i t\u1ea1o l\u1ea1i gai n\u01b0\u1edbu th\u00ec khuy\u1ebft \u0111i\u1ec3m v\u1ec1 n\u01b0\u1edbu v\u1eabn t\u1ed3n t\u1ea1i v\u00e0 r\u1ea5t d\u1ec5 \u0111\u1ec3 ng\u01b0\u1eddi xung quanh nh\u1eadn bi\u1ebft b\u1ea1n \u0111ang s\u1eed d\u1ee5ng r\u0103ng gi\u1ea3.\u2028Khi n\u01a1i ph\u1eabu thu\u1eadt \u0111\u00e3 l\u00e0nh th\u01b0\u01a1ng, \u0111i\u1ec1u tr\u1ecb r\u0103ng s\u1ee9 di\u1ec5n ra b\u00ecnh th\u01b0\u1eddng v\u00ec gai n\u01b0\u1edbu \u0111\u00e3 \u0111\u01b0\u1ee3c t\u00e1i t\u1ea1o l\u1ea1i n\u00ean th\u1ea9m m\u1ef9 gi\u1ed1ng r\u0103ng th\u1eadt<\/p>\n<p>\t\t\t\t<a href=\"\/nha-khoa-tong-quat\/nha-khoa-nhi-dong\/\" target=\"_self\"itemprop=\"url\"><br \/>\n\t\t\t\t<img loading=\"lazy\" decoding=\"async\" src=\"http:\/\/modest-copper-lynx.50-6-231-22.cpanel.site\/wp-content\/uploads\/2017\/10\/Nha-Khoa-Thien-Bao-Dental-Clinic-Dental-For-Kids-04-1-300x289.png\" alt=\"Nha-Khoa-Thien-Bao-Dental-Clinic-Dental-For-Kids-04-1\" itemprop=\"image\" height=\"289\" width=\"300\"  \/><br \/>\n\t\t\t\t<\/a><\/p>\n<h3>\n\t\t<a href=\"\/nha-khoa-tong-quat\/nha-khoa-nhi-dong\/\" title=\"Nha Khoa Nhi \u0110\u1ed3ng\" target=\"_self\"><br \/>\n\t\tNha Khoa Nhi \u0110\u1ed3ng<br \/>\n\t\t<\/a><br \/>\n\t<\/h3>\n<p>\t\t\t\t<a href=\"\/nha-khoa-tham-my\/chinh-nha\/\" target=\"_self\"itemprop=\"url\"><br \/>\n\t\t\t\t<img loading=\"lazy\" decoding=\"async\" src=\"http:\/\/modest-copper-lynx.50-6-231-22.cpanel.site\/wp-content\/uploads\/2017\/11\/Nha-Khoa-Thien-Bao-Clinic-Picture-Stream-08-300x289.png\" alt=\"Nha-Khoa-Thien-Bao-Clinic-Picture-Stream-08\" itemprop=\"image\" height=\"289\" width=\"300\"  \/><br \/>\n\t\t\t\t<\/a><\/p>\n<h3>\n\t\t<a href=\"\/nha-khoa-tham-my\/chinh-nha\/\" title=\"Ch\u1ec9nh Nha\" target=\"_self\"><br \/>\n\t\tCh\u1ec9nh Nha<br \/>\n\t\t<\/a><br \/>\n\t<\/h3>\n<p>\t\t\t\t<a href=\"\/nha-khoa-tham-my\/mat-dan-su-veneer\/\" target=\"_self\"itemprop=\"url\"><br \/>\n\t\t\t\t<img loading=\"lazy\" decoding=\"async\" src=\"http:\/\/modest-copper-lynx.50-6-231-22.cpanel.site\/wp-content\/uploads\/2017\/11\/Nha-Khoa-Thien-Bao-Clinic-Picture-Stream-06-300x289.png\" alt=\"Nha-Khoa-Thien-Bao-Clinic-Picture-Stream-06\" itemprop=\"image\" height=\"289\" width=\"300\"  \/><br \/>\n\t\t\t\t<\/a><\/p>\n<h3>\n\t\t<a href=\"\/nha-khoa-tham-my\/mat-dan-su-veneer\/\" title=\"M\u1eb7t d\u00e1n s\u1ee9 Veneer\" target=\"_self\"><br \/>\n\t\tM\u1eb7t d\u00e1n s\u1ee9 Veneer<br \/>\n\t\t<\/a><br \/>\n\t<\/h3>\n<p>\t\t\t\t<a href=\"\/nha-khoa-tong-quat\/phau-thuat-rang-mieng\/\" target=\"_self\"itemprop=\"url\"><br \/>\n\t\t\t\t<img loading=\"lazy\" decoding=\"async\" src=\"http:\/\/modest-copper-lynx.50-6-231-22.cpanel.site\/wp-content\/uploads\/2017\/11\/Nha-Khoa-Thien-Bao-Clinic-Picture-Stream-04-300x289.png\" alt=\"Nha-Khoa-Thien-Bao-Clinic-Picture-Stream-04\" itemprop=\"image\" height=\"289\" width=\"300\"  \/><br \/>\n\t\t\t\t<\/a><\/p>\n<h3>\n\t\t<a href=\"\/nha-khoa-tong-quat\/phau-thuat-rang-mieng\/\" title=\"Ph\u1eabu Thu\u1eadt R\u0103ng MI\u1ec7ng\" target=\"_self\"><br \/>\n\t\tPh\u1eabu Thu\u1eadt R\u0103ng MI\u1ec7ng<br \/>\n\t\t<\/a><br \/>\n\t<\/h3>\n<p><\/p>","protected":false},"excerpt":{"rendered":"<p>Ph\u1eabu Thu\u1eadt T\u1ea1o H\u00ecnh N\u01b0\u1edbu Th\u1ea9m M\u1ef9 M\u1ed9t n\u1ee5 c\u01b0\u1eddi \u0111\u1eb9p kh\u00f4ng th\u1ec3 thi\u00ea\u0301u ve\u0309 \u0111e\u0323p cu\u0309a n\u01b0\u01a1\u0301u r\u0103ng. N\u01b0\u01a1\u0301u r\u0103ng s\u0103n [&hellip;]<\/p>\n","protected":false},"author":2,"featured_media":0,"parent":476,"menu_order":0,"comment_status":"closed","ping_status":"closed","template":"page-templates\/page_fullwidth.php","meta":{"footnotes":""},"class_list":["post-587","page","type-page","status-publish","hentry"],"_links":{"self":[{"href":"https:\/\/modest-copper-lynx.50-6-231-22.cpanel.site\/index.php?rest_route=\/wp\/v2\/pages\/587","targetHints":{"allow":["GET"]}}],"collection":[{"href":"https:\/\/modest-copper-lynx.50-6-231-22.cpanel.site\/index.php?rest_route=\/wp\/v2\/pages"}],"about":[{"href":"https:\/\/modest-copper-lynx.50-6-231-22.cpanel.site\/index.php?rest_route=\/wp\/v2\/types\/page"}],"author":[{"embeddable":true,"href":"https:\/\/modest-copper-lynx.50-6-231-22.cpanel.site\/index.php?rest_route=\/wp\/v2\/users\/2"}],"replies":[{"embeddable":true,"href":"https:\/\/modest-copper-lynx.50-6-231-22.cpanel.site\/index.php?rest_route=%2Fwp%2Fv2%2Fcomments&post=587"}],"version-history":[{"count":0,"href":"https:\/\/modest-copper-lynx.50-6-231-22.cpanel.site\/index.php?rest_route=\/wp\/v2\/pages\/587\/revisions"}],"up":[{"embeddable":true,"href":"https:\/\/modest-copper-lynx.50-6-231-22.cpanel.site\/index.php?rest_route=\/wp\/v2\/pages\/476"}],"wp:attachment":[{"href":"https:\/\/modest-copper-lynx.50-6-231-22.cpanel.site\/index.php?rest_route=%2Fwp%2Fv2%2Fmedia&parent=587"}],"curies":[{"name":"wp","href":"https:\/\/api.w.org\/{rel}","templated":true}]}}