{"id":529,"date":"2017-10-21T22:46:46","date_gmt":"2017-10-21T15:46:46","guid":{"rendered":"https:\/\/modest-copper-lynx.50-6-231-22.cpanel.site\/?page_id=529"},"modified":"2017-11-19T18:32:55","modified_gmt":"2017-11-19T11:32:55","slug":"mat-dan-su-veneer","status":"publish","type":"page","link":"https:\/\/modest-copper-lynx.50-6-231-22.cpanel.site\/?page_id=529","title":{"rendered":"M\u1eb7t d\u00e1n s\u1ee9 Veneer"},"content":{"rendered":"<h3>\n\t\tM\u1eb7t d\u00e1n s\u1ee9 Veneer<br \/>\n\t<\/h3>\n<p>Veneer-laminate l\u00e0 nh\u1eefng m\u1ea3nh s\u1ee9, Composite ho\u1eb7c nh\u1ef1a \u0111\u01b0\u1ee3c d\u00e1n l\u00ean m\u1eb7t ngo\u00e0i c\u1ee7a r\u0103ng \u0111\u1ec3 t\u00e1i t\u1ea1o l\u1ea1i h\u00ecnh d\u1ea1ng v\u00e0 m\u00e0u s\u1eafc c\u1ee7a r\u0103ng nh\u01b0 mong mu\u1ed1n<\/p>\n<p>N\u1ebfu tr\u01b0\u1edbc \u0111\u00e2y, b\u1ea1n \u0111\u00e3 t\u1eebng ngh\u0129 \u0111\u1ebfn ph\u1ee5c h\u00ecnh th\u1ea9m m\u1ef9 nh\u01b0ng b\u1ea1n lo l\u1eafng ph\u1ea3i m\u00e0i nhi\u1ec1u r\u0103ng th\u1eadt nh\u01b0 khi b\u1ecdc r\u0103ng s\u1ee9 th\u00ec Veneer s\u1ebd ph\u00f9 h\u1ee3p v\u1edbi b\u1ea1n, Nha s\u0129 ch\u1ec9 c\u1ea7n m\u00e0i m\u1eb7t ngo\u00e0i c\u1ee7a r\u0103ng th\u1eadt, r\u1ed3i d\u00f9ng k\u1ef9 thu\u1eadt d\u00e1n \u0111\u1ec3 d\u00e1n veneer s\u1ee9 v\u00e0o m\u1eb7t ngo\u00e0i c\u1ee7a r\u0103ng, nh\u1eb1m c\u1ea3i thi\u1ec7n th\u1ea9m m\u1ef9.<\/p>\n<p>\t\t\t\t<a href=\"http:\/\/modest-copper-lynx.50-6-231-22.cpanel.site\/wp-content\/uploads\/2017\/10\/NhaKhoaThienBao-Dental-Veneers03.jpg\" target=\"_self\"itemprop=\"url\"><br \/>\n\t\t\t\t<img loading=\"lazy\" decoding=\"async\" src=\"http:\/\/modest-copper-lynx.50-6-231-22.cpanel.site\/wp-content\/uploads\/2017\/10\/NhaKhoaThienBao-Dental-Veneers03.jpg\" alt=\"Dental Veneers: Porcelain Veneer installation Procedure. 3D illustration\" itemprop=\"image\" height=\"552\" width=\"900\"  \/><br \/>\n\t\t\t\t<\/a><\/p>\n<h3>Veneers nh\u1eefng \u0111i\u1ec1u c\u1ea7n bi\u1ebft<\/h3>\n<p>Veneer s\u1ee9 y\u00eau c\u1ea7u m\u00e0i r\u0103ng kh\u00e1 \u00edt, Veneer s\u1ee9 c\u00f3 th\u1ec3 l\u00e0m v\u1edbi \u0111\u1ed9 d\u00e0y trung b\u00ecnh l\u00e0 0.6mm. V\u00ec m\u00e0i r\u0103ng \u00edt, n\u00ean Nha s\u0129 c\u00f3 th\u1ec3 b\u1ea3o t\u1ed3n \u0111\u01b0\u1ee3c t\u1ed1i \u0111a r\u0103ng th\u1eadt v\u00e0 t\u1ee7y r\u0103ng, g\u1ea7n 100% tr\u01b0\u1eddng h\u1ee3p l\u00e0m Veneer kh\u00f4ng c\u1ea7n ph\u1ea3i \u0111i\u1ec1u tr\u1ecb t\u1ee7y. M\u1ee9c \u0111\u1ed9 \u00ea bu\u1ed1t c\u1ee7a r\u0103ng sau khi m\u00e0i c\u0169ng \u00edt h\u01a1n r\u1ea5t nhi\u1ec1u so v\u1edbi khi l\u00e0m m\u00e3o r\u0103ng s\u1ee9<\/p>\n<p>Do b\u1ea3o t\u1ed3n m\u1eb7t trong c\u1ee7a r\u0103ng th\u1eadt, n\u00ean khi l\u00e0m Veneer s\u1ee9, \u0111\u1eb7c bi\u1ec7t n\u1ebfu ch\u1ec9 l\u00e0m h\u00e0m tr\u00ean, c\u1ea3m gi\u00e1c \u0103n nhai c\u1ee7a b\u1ea1n g\u1ea7n nh\u01b0 kh\u00f4ng thay \u0111\u1ed5i.<\/p>\n<p>Ngo\u00e0i ra, do Veneer s\u1ee9 kh\u00e1 m\u1ecfng, n\u00ean m\u00e0u s\u1eafc t\u1eeb r\u0103ng th\u1eadt s\u1ebd \u00e1nh ra \u0111\u01b0\u1ee3c b\u00ean ngo\u00e0i, t\u1ea1o ra \u0111\u01b0\u1ee3c m\u00e0u s\u1eafc t\u1ef1 nhi\u00ean v\u00e0 gi\u1ed1ng r\u0103ng th\u1eadt nh\u1ea5t.<\/p>\n<p>Veneer s\u1ee9 c\u00f3 th\u1ec3 ch\u1ec9nh m\u00e0u r\u0103ng theo b\u1ea5t c\u1ee9 m\u00e0u n\u00e0o b\u1ea1n mong mu\u1ed1n. T\u1eeb m\u00e0u r\u0103ng t\u1ef1 nhi\u00ean \u0111\u1ebfn m\u00e0u r\u0103ng tr\u1eafng s\u00e1ng ho\u1eb7c k\u1ebft h\u1ee3p theo h\u00ecnh d\u1ea1ng v\u00e0 m\u00e0u s\u1eafc ph\u00f9 h\u1ee3p ri\u00eang v\u1edbi b\u1ea1n nh\u1ea5t.<\/p>\n<p>K\u1ef9 thu\u1eadt n\u00e0y tr\u01b0\u1edbc \u0111\u00e2y c\u0169ng \u0111\u00e3 t\u1eebng \u0111\u01b0\u1ee3c th\u1ef1c hi\u1ec7n nhi\u1ec1u l\u1ea7n, v\u1edbi v\u1eadt li\u1ec7u Composite (th\u01b0\u1eddng g\u1ecdi l\u00e0 \u0111\u1eafp m\u1eb7t r\u0103ng). Tuy nhi\u00ean Composite th\u01b0\u1eddng hay \u0111\u1ed5i m\u00e0u sau m\u1ed9t th\u1eddi gian s\u1eed d\u1ee5ng n\u00ean t\u00ednh th\u1ea9m m\u1ef9 v\u00e0 \u0111\u1ed9 b\u1ec1n kh\u00f4ng th\u1ec3 so s\u00e1nh \u0111\u01b0\u1ee3c so v\u1edbi v\u1eadt li\u1ec7u k\u1ef9 thu\u1eadt ph\u1ee5c h\u00ecnh Veneer.<\/p>\n<p>Veneer s\u1ee9 \u0111\u00f2i h\u1ecfi tr\u00ecnh \u0111\u1ed9 v\u00e0 tay ngh\u1ec1 c\u1ee7a Nha s\u0129 kh\u00e1 cao, \u0111\u1ed9 ch\u00ednh x\u00e1c c\u1ef1c k\u1ef3 t\u1ed1t, v\u00ec v\u1eadt li\u1ec7u s\u1ee9 ch\u1ec9 d\u00e1n \u1edf m\u1eb7t ngo\u00e0i c\u1ee7a r\u0103ng, n\u00ean m\u1ee9c l\u01b0u gi\u1eef v\u00e0 \u0111\u1ed9 b\u1ec1n c\u1ee7a Veneer s\u1ee9 s\u1ebd th\u1ea5p n\u1ebfu kh\u00f4ng \u0111\u1ea1t \u0111\u01b0\u1ee3c nh\u1eefng y\u00eau c\u1ea7u c\u1ee7a k\u1ef9 thu\u1eadt \u0111\u1ec1 ra. B\u00ean c\u1ea1nh \u0111\u00f3 v\u1ec1 m\u00e0u s\u1eafc v\u00e0 th\u1ea9m m\u1ef9 kh\u00f4ng d\u1ec5 \u0111\u1ea1t \u0111\u01b0\u1ee3c \u0111\u00fang nh\u01b0 mong mu\u1ed1n, v\u00ec b\u1ea3n ch\u1ea5t c\u1ee7a Veneer s\u1ee9 kh\u00e1 m\u1ecfng, d\u1ec5 l\u00e0m \u00e1nh m\u00e0u c\u1ee7a r\u0103ng th\u1eadt b\u00ean trong. V\u00ec v\u1eady, \u0111\u1ec3 l\u00e0m \u0111\u01b0\u1ee3c Veneer s\u1ee9 th\u00e0nh c\u00f4ng, Nha s\u0129 ph\u1ea3i c\u00f3 tay ngh\u1ec1, tr\u00ecnh \u0111\u1ed9 v\u00e0 t\u00ednh th\u1ea9m m\u1ef9 cao.<\/p>\n<p>\t\t\t\t<img loading=\"lazy\" decoding=\"async\" src=\"http:\/\/modest-copper-lynx.50-6-231-22.cpanel.site\/wp-content\/uploads\/2017\/10\/NhaKhoaThienBao-Dental-Veneers02.jpg\" alt=\"NhaKhoaThienBao-Dental-Veneers02\" itemprop=\"image\" height=\"400\" width=\"600\"  \/><\/p>\n<h3>\u01afu \u0111i\u1ec3m c\u1ee7a Veneers<\/h3>\n<p>Ph\u1ee5c h\u00ecnh Veneer s\u1ee9 c\u00f3 nhi\u1ec1u \u01b0u \u0111i\u1ec3m l\u00e0 kh\u00f4ng ph\u1ea3i m\u00e0i nhi\u1ec1u m\u00f4 r\u0103ng th\u1eadt, h\u1ea1n ch\u1ebf \u00ea bu\u1ed1t v\u00e0 \u1ea3nh h\u01b0\u1edfng \u0111\u1ebfn t\u1ee7y r\u0103ng t\u1ed1i \u0111a, \u0111\u00e1p \u1ee9ng y\u00eau c\u1ea7u th\u1ea9m m\u1ef9 cao.<\/p>\n<p>C\u00e1c h\u00ecnh th\u1ee9c ph\u1ee5c h\u00ecnh th\u1ea9m m\u1ef9 Veneer t\u1ea1i Nha Khoa Thi\u00ean B\u1ea3o<\/p>\n<ul>\n<li>R\u0103ng c\u1eeda b\u1ecb m\u1ebb, v\u1ee1 thay th\u1ebf mi\u1ebfng tr\u00e1m composite v\u00f9ng r\u0103ng c\u1eeda<\/li>\n<li>Ph\u1ee5c h\u00ecnh th\u1ea9m m\u1ef9 \u0111\u00f3ng khe h\u1edf r\u0103ng c\u1eeda<\/li>\n<li>Ph\u1ee5c h\u00ecnh th\u1ea9m m\u1ef9 r\u0103ng c\u1eeda b\u1ecb thi\u1ec3u s\u1ea3n men, r\u0103ng c\u1eeda b\u1ecb d\u1ecb d\u1ea1ng<\/li>\n<li>R\u0103ng nhi\u1ec5m flour, tetracycline<\/li>\n<\/ul>\n<h3>a. Veneers S\u1ee9<\/h3>\n<p>Nha Khoa Th\u1ea9m M\u1ef9-Nha Khoa Thi\u00ean B\u1ea3o Th\u00e0nh Ph\u1ed1 H\u1ed3 Ch\u00ed Minh S\u00e0i G\u00f2n, Nha S\u0129 Hu\u1ef3nh Qu\u1ed1c H\u1eefu, Chuy\u00ean ph\u1ee5c h\u00ecnh r\u0103ng s\u1ee9 th\u1ea9m m\u1ef9, T\u1ea9y Tr\u1eafng r\u0103ng, Nha Khoa th\u1ea9m m\u1ef9, Ch\u1ec9nh nha, nha khoa t\u1ed5ng qu\u00e1t<\/p>\n<p>\u0110\u01b0\u1ee3c s\u1eed d\u1ee5ng \u0111\u1ec3 l\u00e0m thay \u0111\u1ed5i h\u00ecnh d\u1ea1ng, v\u1ecb tr\u00ed k\u00edch th\u01b0\u1edbc c\u1ee7a r\u0103ng v\u00e0 l\u00e0m gi\u1ea3m kho\u1ea3ng c\u00e1ch h\u1edf c\u1ee7a k\u1ebb r\u0103ng.<\/p>\n<p>\t\t\t\t<img loading=\"lazy\" decoding=\"async\" src=\"http:\/\/modest-copper-lynx.50-6-231-22.cpanel.site\/wp-content\/uploads\/2017\/10\/Teeth-Whitening-before-after-NhaKhoaThienBao-02.jpg\" alt=\"Teeth-Whitening-before-after-NhaKhoaThienBao-02\" itemprop=\"image\" height=\"420\" width=\"700\"  \/><\/p>\n<h3>b. Composite Veneers<\/h3>\n<p>M\u1eb7t d\u00e1n b\u1eb1ng ch\u1ea5t li\u1ec7u composite<br \/>\nNha Khoa Th\u1ea9m M\u1ef9-Nha Khoa Thi\u00ean B\u1ea3o Th\u00e0nh Ph\u1ed1 H\u1ed3 Ch\u00ed Minh S\u00e0i G\u00f2n, Nha S\u0129 Hu\u1ef3nh Qu\u1ed1c H\u1eefu, Chuy\u00ean ph\u1ee5c h\u00ecnh r\u0103ng s\u1ee9 th\u1ea9m m\u1ef9, T\u1ea9y Tr\u1eafng r\u0103ng, Nha Khoa th\u1ea9m m\u1ef9, Ch\u1ec9nh nha, nha khoa t\u1ed5ng qu\u00e1t<\/p>\n<h4><\/h4>\n<p>\t\t\t\t<img loading=\"lazy\" decoding=\"async\" src=\"http:\/\/modest-copper-lynx.50-6-231-22.cpanel.site\/wp-content\/uploads\/2017\/10\/Fotolia_2545591_L-681x1024.jpg\" alt=\"Model posing in winter clothes.\" itemprop=\"image\" height=\"1024\" width=\"681\"  \/><\/p>\n<h4>\u0110i\u1ec3m kh\u00e1c nhau gi\u1eefa Veneers, tr\u00e1m r\u0103ng v\u00e0 m\u00e3o r\u0103ng<\/h4>\n<p>Tr\u00e1m r\u0103ng \u0111\u01b0\u1ee3c s\u1eed d\u1ee5ng khi c\u00f3 m\u1ed9t l\u01b0\u1ee3ng nh\u1ecf c\u1ea5u tr\u00fac r\u0103ng c\u1ea7n \u0111\u01b0\u1ee3c thay th\u1ebf, nh\u01b0 r\u0103ng b\u1ecb s\u00e2u nh\u1eb9. M\u00e3o r\u0103ng \u0111\u01b0\u1ee3c ch\u1ec9 \u0111\u1ecbnh trong tr\u01b0\u1eddng h\u1ee3p r\u0103ng m\u1ea5t ho\u1eb7c nh\u1eefng r\u0103ng \u0111\u00e3 \u0111\u01b0\u1ee3c l\u1ea5y t\u1ee7y c\u1ea7n l\u00e0m m\u00e3o r\u0103ng \u0111\u1ec3 b\u1ea3o v\u1ec7 r\u0103ng kh\u1ecfi b\u1ecb v\u1ee1. Veneers s\u1ee9 d\u00f9ng \u0111\u1ec3 thay \u0111\u1ed5i b\u1ec1 m\u1eb7t r\u0103ng v\u1ec1 m\u00e0u s\u1eafc v\u00e0 h\u00ecnh d\u1ea1ng.<\/p>\n<h4>C\u00e1c b\u01b0\u1edbc \u0111\u1ec3 th\u1ef1c hi\u1ec7n Veneers<\/h4>\n<p>\u0110\u1ec3 ho\u00e0n th\u00e0nh Veneer \u0111\u00f2i h\u1ecfi b\u1ec7nh nh\u00e2n ph\u1ea3i \u0111\u1ebfn Nha Khoa ba l\u1ea7n. L\u1ea7n \u0111\u1ea7u \u0111\u1ec3 \u0111\u01b0\u1ee3c t\u01b0 v\u1ea5n, l\u1ea7n hai ti\u1ebfn h\u00e0nh l\u00e0m Veneer v\u00e0 l\u1ea7n cu\u1ed1i h\u1eb9n g\u1eafn Veneer.<\/p>\n<h4>Chu\u1ea9n \u0111o\u00e1n v\u00e0 k\u1ebf ho\u1ea1ch \u0111i\u1ec1u tr\u1ecb<\/h4>\n<p>L\u1ea7n h\u1eb9n n\u00e0y b\u1ea1n n\u00ean tr\u00ecnh b\u00e0y v\u1edbi Nha S\u0129 c\u1ee7a b\u1ea1n \u00fd mong mu\u1ed1n k\u1ebft qu\u1ea3 \u0111\u1ea1t \u0111\u01b0\u1ee3c sau khi ho\u00e0n t\u1ea5t nh\u01b0 th\u1ebf n\u00e0o. Nha s\u0129 s\u1ebd ki\u1ec3m tra r\u0103ng \u0111\u1ec3 ch\u1eafc r\u1eb1ng m\u1eb7t d\u00e1n s\u1ee9 Veneer c\u00f3 ph\u00f9 h\u1ee3p hay kh\u00f4ng v\u00e0 th\u1ea3o lu\u1eadn nh\u1eefng v\u1ea5n \u0111\u1ec1 li\u00ean quan v\u00e0 nh\u1eefng h\u1ea1n ch\u1ebf c\u1ee7a n\u00f3.<\/p>\n<h4>Chu\u1ea9n b\u1ecb<\/h4>\n<p>\u0110\u1ec3 chu\u1ea9n b\u1ecb cho ti\u1ebfn tr\u00ecnh l\u00e0m Veneer, Nha S\u0129 s\u1ebd lo\u1ea1i b\u1ecf 1\/2mm men r\u0103ng t\u1eeb b\u1ec1 m\u1eb7t ngo\u00e0i c\u1ee7a r\u0103ng, m\u1ed9t l\u01b0\u1ee3ng g\u1ea7n t\u01b0\u01a1ng \u0111\u01b0\u01a1ng v\u1edbi \u0111\u1ed9 d\u00e0y c\u1ee7a Veneer. Sau \u0111\u00f3 Nha S\u0129 s\u1ebd l\u1ea5y d\u1ea5u r\u0103ng v\u00e0 g\u1eedi \u0111\u1ebfn lab \u0111\u1ec3 ti\u1ebfn h\u00e0nh l\u00e0m Veneer.<\/p>\n<h4>G\u1eafn Veneer<\/h4>\n<p>Tr\u01b0\u1edbc khi Veneer \u0111\u01b0\u1ee3c g\u1eafn v\u0129nh vi\u1ec5n v\u00e0o r\u0103ng c\u1ee7a b\u1ea1n, Nha S\u0129 t\u1ea1m th\u1eddi \u0111\u1eb7t Veneer l\u00ean r\u0103ng \u0111\u1ec3 ki\u1ec3m tra xem c\u00f3 ph\u00f9 h\u1ee3p v\u1ec1 m\u00e0u s\u1eafc v\u00e0 \u0111\u1ed3ng th\u1eddi c\u00f3 th\u1ec3 s\u1ebd ch\u1ec9nh s\u1eeda Veneer \u0111\u1ec3 \u0111\u1ea1t m\u1ee9c \u0111\u1ed9 v\u1eeba kh\u00edt khi g\u1eafn. Ti\u1ebfp theo, \u0111\u1ec3 g\u1eafn Veneer, r\u0103ng c\u1ee7a b\u1ea1n s\u1ebd \u0111\u01b0\u1ee3c l\u00e0m s\u1ea1ch, \u0111\u00e1nh b\u00f3ng v\u00e0 d\u00f9ng m\u1ed9t lo\u1ea1i xi m\u0103ng \u0111\u1eb7c bi\u1ec7t \u0111\u1ec3 d\u00e1n k\u1ebft h\u1ee3p v\u1edbi \u0111\u00e8n chi\u1ebfu \u0111\u1ec3 \u0111\u1ea3m b\u1ea3o Veneer kh\u00f4ng b\u1ecb s\u00fat r\u1eddi theo th\u1eddi gian. B\u01b0\u1edbc cu\u1ed1i c\u00f9ng l\u00e0 lo\u1ea1i b\u1ecf nh\u1eefng xi m\u0103ng d\u01b0 th\u1eeba v\u00e0 ki\u1ec3m tra kh\u1edbp c\u1eafn. Nha S\u0129 s\u1ebd y\u00eau c\u1ea7u b\u1ea1n quay l\u1ea1i t\u00e1i kh\u00e1m cho Veneer v\u00e0i ng\u00e0y sau \u0111\u00f3.<\/p>\n<h4>Veneers t\u1ed3n t\u1ea1i bao l\u00e2u<\/h4>\n<p>Mi\u1ebfng d\u00e1n th\u01b0\u1eddng k\u00e9o d\u00e0i t\u1eeb 5 \u0111\u1ebfn 10 n\u0103m, sau th\u1eddi gian n\u00e0y th\u00ec Veneer c\u1ea7n \u0111\u01b0\u1ee3c thay th\u1ebf.<\/p>\n<p>\t\t\t\t<a href=\"\/nha-khoa-tong-quat\/nha-khoa-nhi-dong\/\" target=\"_self\"itemprop=\"url\"><br \/>\n\t\t\t\t<img loading=\"lazy\" decoding=\"async\" src=\"http:\/\/modest-copper-lynx.50-6-231-22.cpanel.site\/wp-content\/uploads\/2017\/10\/Nha-Khoa-Thien-Bao-Dental-Clinic-Dental-For-Kids-04-1-300x289.png\" alt=\"Nha-Khoa-Thien-Bao-Dental-Clinic-Dental-For-Kids-04-1\" itemprop=\"image\" height=\"289\" width=\"300\"  \/><br \/>\n\t\t\t\t<\/a><\/p>\n<h3>\n\t\t<a href=\"\/nha-khoa-tong-quat\/nha-khoa-nhi-dong\/\" title=\"Nha Khoa Nhi \u0110\u1ed3ng\" target=\"_self\"><br \/>\n\t\tNha Khoa Nhi \u0110\u1ed3ng<br \/>\n\t\t<\/a><br \/>\n\t<\/h3>\n<p>\t\t\t\t<a href=\"\/nha-khoa-tham-my\/chinh-nha\/\" target=\"_self\"itemprop=\"url\"><br \/>\n\t\t\t\t<img loading=\"lazy\" decoding=\"async\" src=\"http:\/\/modest-copper-lynx.50-6-231-22.cpanel.site\/wp-content\/uploads\/2017\/11\/Nha-Khoa-Thien-Bao-Clinic-Picture-Stream-08-300x289.png\" alt=\"Nha-Khoa-Thien-Bao-Clinic-Picture-Stream-08\" itemprop=\"image\" height=\"289\" width=\"300\"  \/><br \/>\n\t\t\t\t<\/a><\/p>\n<h3>\n\t\t<a href=\"\/nha-khoa-tham-my\/chinh-nha\/\" title=\"Ch\u1ec9nh Nha\" target=\"_self\"><br \/>\n\t\tCh\u1ec9nh Nha<br \/>\n\t\t<\/a><br \/>\n\t<\/h3>\n<p>\t\t\t\t<a href=\"\/nha-khoa-tham-my\/mat-dan-su-veneer\/\" target=\"_self\"itemprop=\"url\"><br \/>\n\t\t\t\t<img loading=\"lazy\" decoding=\"async\" src=\"http:\/\/modest-copper-lynx.50-6-231-22.cpanel.site\/wp-content\/uploads\/2017\/11\/Nha-Khoa-Thien-Bao-Clinic-Picture-Stream-06-300x289.png\" alt=\"Nha-Khoa-Thien-Bao-Clinic-Picture-Stream-06\" itemprop=\"image\" height=\"289\" width=\"300\"  \/><br \/>\n\t\t\t\t<\/a><\/p>\n<h3>\n\t\t<a href=\"\/nha-khoa-tham-my\/mat-dan-su-veneer\/\" title=\"M\u1eb7t d\u00e1n s\u1ee9 Veneer\" target=\"_self\"><br \/>\n\t\tM\u1eb7t d\u00e1n s\u1ee9 Veneer<br \/>\n\t\t<\/a><br \/>\n\t<\/h3>\n<p>\t\t\t\t<a href=\"\/nha-khoa-tong-quat\/phau-thuat-rang-mieng\/\" target=\"_self\"itemprop=\"url\"><br \/>\n\t\t\t\t<img loading=\"lazy\" decoding=\"async\" src=\"http:\/\/modest-copper-lynx.50-6-231-22.cpanel.site\/wp-content\/uploads\/2017\/11\/Nha-Khoa-Thien-Bao-Clinic-Picture-Stream-04-300x289.png\" alt=\"Nha-Khoa-Thien-Bao-Clinic-Picture-Stream-04\" itemprop=\"image\" height=\"289\" width=\"300\"  \/><br \/>\n\t\t\t\t<\/a><\/p>\n<h3>\n\t\t<a href=\"\/nha-khoa-tong-quat\/phau-thuat-rang-mieng\/\" title=\"Ph\u1eabu Thu\u1eadt R\u0103ng MI\u1ec7ng\" target=\"_self\"><br \/>\n\t\tPh\u1eabu Thu\u1eadt R\u0103ng MI\u1ec7ng<br \/>\n\t\t<\/a><br \/>\n\t<\/h3>\n<p><\/p>","protected":false},"excerpt":{"rendered":"<p>M\u1eb7t d\u00e1n s\u1ee9 Veneer Veneer-laminate l\u00e0 nh\u1eefng m\u1ea3nh s\u1ee9, Composite ho\u1eb7c nh\u1ef1a \u0111\u01b0\u1ee3c d\u00e1n l\u00ean m\u1eb7t ngo\u00e0i c\u1ee7a r\u0103ng \u0111\u1ec3 t\u00e1i t\u1ea1o [&hellip;]<\/p>\n","protected":false},"author":2,"featured_media":0,"parent":476,"menu_order":0,"comment_status":"closed","ping_status":"closed","template":"page-templates\/page_fullwidth.php","meta":{"footnotes":""},"class_list":["post-529","page","type-page","status-publish","hentry"],"_links":{"self":[{"href":"https:\/\/modest-copper-lynx.50-6-231-22.cpanel.site\/index.php?rest_route=\/wp\/v2\/pages\/529","targetHints":{"allow":["GET"]}}],"collection":[{"href":"https:\/\/modest-copper-lynx.50-6-231-22.cpanel.site\/index.php?rest_route=\/wp\/v2\/pages"}],"about":[{"href":"https:\/\/modest-copper-lynx.50-6-231-22.cpanel.site\/index.php?rest_route=\/wp\/v2\/types\/page"}],"author":[{"embeddable":true,"href":"https:\/\/modest-copper-lynx.50-6-231-22.cpanel.site\/index.php?rest_route=\/wp\/v2\/users\/2"}],"replies":[{"embeddable":true,"href":"https:\/\/modest-copper-lynx.50-6-231-22.cpanel.site\/index.php?rest_route=%2Fwp%2Fv2%2Fcomments&post=529"}],"version-history":[{"count":0,"href":"https:\/\/modest-copper-lynx.50-6-231-22.cpanel.site\/index.php?rest_route=\/wp\/v2\/pages\/529\/revisions"}],"up":[{"embeddable":true,"href":"https:\/\/modest-copper-lynx.50-6-231-22.cpanel.site\/index.php?rest_route=\/wp\/v2\/pages\/476"}],"wp:attachment":[{"href":"https:\/\/modest-copper-lynx.50-6-231-22.cpanel.site\/index.php?rest_route=%2Fwp%2Fv2%2Fmedia&parent=529"}],"curies":[{"name":"wp","href":"https:\/\/api.w.org\/{rel}","templated":true}]}}