{"id":435,"date":"2017-10-21T15:25:38","date_gmt":"2017-10-21T08:25:38","guid":{"rendered":"https:\/\/modest-copper-lynx.50-6-231-22.cpanel.site\/?page_id=435"},"modified":"2017-12-05T23:07:41","modified_gmt":"2017-12-05T16:07:41","slug":"tay-trang-rang","status":"publish","type":"page","link":"https:\/\/modest-copper-lynx.50-6-231-22.cpanel.site\/?page_id=435","title":{"rendered":"T\u1ea9y Tr\u1eafng R\u0103ng"},"content":{"rendered":"<h3>\n\t\tD\u1ecbch V\u1ee5 T\u1ea9y Tr\u1eafng R\u0103ng<br \/>\n\t<\/h3>\n<p>M\u1ed9t h\u00e0m r\u0103ng kh\u00f4ng nh\u1eefng ch\u1eafc kh\u1ecfe m\u00e0 ph\u1ea3i th\u1eadt tr\u1eafng b\u00f3ng l\u00e0 m\u1ed9t nhu c\u1ea7u kh\u00f4ng th\u1ec3 thi\u1ebfu trong cu\u1ed9c s\u1ed1ng hi\u1ec7n \u0111\u1ea1i ng\u00e0y nay. Ch\u00ednh v\u00ec th\u1ebf t\u1ea1i Nha Khoa Thi\u00ean B\u1ea3o, ch\u00fang t\u00f4i cung c\u1ea5p m\u1ed9t lo\u1ea1t c\u00e1c h\u00ecnh th\u1ee9c t\u1ea9y tr\u1eafng r\u0103ng \u0111\u1ec3 qu\u00fd kh\u00e1ch h\u00e0ng c\u00f3 th\u1ec3 ch\u1ecdn l\u1ef1a ph\u00f9 h\u1ee3p v\u1edbi nhu c\u1ea7u c\u1ee7a m\u00ecnh.<\/p>\n<p>\t\t\t\t<a href=\"http:\/\/modest-copper-lynx.50-6-231-22.cpanel.site\/wp-content\/uploads\/2017\/10\/Teeth-Whitening-before-after-NhaKhoaThienBao-e1511095955539.jpg\" target=\"_self\"itemprop=\"url\"><br \/>\n\t\t\t\t<img loading=\"lazy\" decoding=\"async\" src=\"http:\/\/modest-copper-lynx.50-6-231-22.cpanel.site\/wp-content\/uploads\/2017\/10\/Teeth-Whitening-before-after-NhaKhoaThienBao-300x176.jpg\" alt=\"Teeth-Whitening-before-after-NhaKhoaThienBao\" itemprop=\"image\" height=\"176\" width=\"300\"  \/><br \/>\n\t\t\t\t<\/a><\/p>\n<h3>C\u00e1c lo\u1ea1i h\u00ecnh th\u1ee9c t\u1ea9y tr\u1eafng r\u0103ng<\/h3>\n<p>C\u00f3 nhi\u1ec1u s\u1ef1 l\u1ef1a ch\u1ecdn cho h\u00ecnh th\u1ee9c t\u1ea9y tr\u1eafng, c\u00f3 th\u1ec3 t\u1ea9y tr\u1eafng m\u1ed9t l\u1ea7n duy nh\u1ea5t t\u1ea1i ph\u00f2ng m\u1ea1ch ho\u1eb7c t\u1ea9y tr\u1eafng t\u1ea1i nh\u00e0.<\/p>\n<h4>1. T\u1ea9y tr\u1eafng t\u1ea1i nh\u00e0<\/h4>\n<p>H\u00ecnh th\u1ee9c t\u1ea9y tr\u1eafng t\u1ea1i nh\u00e0 t\u1ea1o c\u1ea3m gi\u00e1c tho\u1ea3i m\u00e1i, c\u00f3 th\u1ec3 t\u1ea9y tr\u1eafng trong l\u00fac ng\u1ee7.<\/p>\n<p>Tr\u01b0\u1edbc ti\u00ean Nha S\u0129 s\u1ebd ki\u1ec3m tra xem r\u0103ng c\u1ee7a b\u1ea1n c\u00f3 th\u1ec3 \u0111\u1ea1t hi\u1ec7u qu\u1ea3 khi t\u1ea9y tr\u1eafng t\u1ea1i nh\u00e0 kh\u00f4ng.<\/p>\n<p>T\u1ea9y tr\u1eafng r\u0103ng t\u1ea1i nh\u00e0 t\u01b0\u01a1ng t\u1ef1 nh\u01b0 t\u1ea9y t\u1ea1i ph\u00f2ng s\u1ebd mang l\u1ea1i cho b\u1ea1n m\u1ed9t n\u1ee5 c\u01b0\u1eddi t\u01b0\u01a1i s\u00e1ng v\u00e0 r\u1ea1ng r\u1ee1 h\u01a1n, nh\u01b0ng \u0111\u00f2i h\u1ecfi ph\u1ea3i \u0111\u1ea7u t\u01b0 nhi\u1ec1u th\u1eddi gian, m\u00e0u r\u0103ng s\u1ebd c\u1ea3i thi\u1ec7n t\u1eeb t\u1eeb.<\/p>\n<p>Ph\u01b0\u01a1ng ph\u00e1p t\u1ea9y n\u00e0y s\u1ebd k\u1ebft h\u1ee3p v\u1edbi m\u00e1ng t\u1ea9y.<\/p>\n<p>Nha s\u0129 s\u1ebd l\u1ea5y d\u1ea5u r\u0103ng b\u1ea1n l\u00e0m m\u1ed9t b\u1ed9 khay b\u1eb1ng nh\u1ef1a trong su\u1ed1t g\u1ecdi l\u00e0 m\u00e1ng t\u1ea9y, m\u00e1ng t\u1ea9y n\u00e0y theo \u0111\u00fang k\u00edch th\u01b0\u1edbc r\u0103ng b\u1ea1n, thu\u1ed1c t\u1ea9y \u0111\u01b0\u1ee3c \u0111\u1eb7t b\u00ean trong m\u00e1ng, nha s\u0129 s\u1ebd h\u01b0\u1edbng d\u1eabn cho b\u1ea1n c\u00e1ch \u0111\u1eb7t thu\u1ed1c t\u1ea1i nh\u00e0.<\/p>\n<p>B\u1ea1n c\u00f3 th\u1ec3 mang m\u00e1ng t\u1ea9y v\u00e0o ban ng\u00e0y, v\u00e0 t\u1ed1t nh\u1ea5t v\u00e0o ban \u0111\u00eam tr\u01b0\u1edbc khi \u0111i ng\u1ee7, khi mang v\u1eabn nu\u1ed1t n\u01b0\u1edbc b\u1ecdt b\u00ecnh th\u01b0\u1eddng.<\/p>\n<p>M\u00e1ng t\u1ea9y nh\u1eb9, trong su\u1ed1t, v\u1eeba kh\u00edt v\u00e0o r\u0103ng, mang v\u00e0o d\u1ec5 d\u00e0ng, kh\u00f4ng g\u00e2y c\u1ea3m gi\u00e1c kh\u00f3 ch\u1ecbu.<\/p>\n<p>Thu\u1ed1c t\u1ea9y v\u1ec1 nh\u00e0 an to\u00e0n (n\u1ed3ng \u0111\u1ed9 th\u1ea5p h\u01a1n thu\u1ed1c t\u1ea9y t\u1ea1i gh\u1ebf).<\/p>\n<p>Th\u1eddi gian t\u1ea9y t\u1ea1i nh\u00e0 k\u00e9o d\u00e0i kho\u1ea3ng 1 tu\u1ea7n \u0111\u1ebfn 10 ng\u00e0y.<\/p>\n<p>Th\u1eddi gian ng\u1eadm thu\u1ed1c t\u1ed1i thi\u1ec3u kho\u1ea3ng 3 ti\u1ebfng \u0111\u1ed3ng h\u1ed3, t\u1ed1t nh\u1ea5t l\u00e0 ng\u1eadm bu\u1ed5i t\u1ed1i tr\u01b0\u1edbc khi \u0111i ng\u1ee7 t\u1edbi s\u00e1ng h\u00f4m sau.<\/p>\n<p>N\u00ean ng\u1eadm li\u00ean t\u1ee5c c\u00e1c ng\u00e0y k\u1ebf ti\u1ebfp \u0111\u1ebfn khi h\u1ebft thu\u1ed1c.<\/p>\n<p>Trong qu\u00e1 tr\u00ecnh t\u1ea9y t\u1ea1i nh\u00e0, n\u1ebfu b\u1ea1n c\u00f3 th\u1eafc m\u1eafc g\u00ec h\u00e3y h\u1ecfi nha s\u0129, ho\u1eb7c \u0111\u1ebfn ki\u1ec3m tra m\u00e0u r\u0103ng sau khi t\u1ea9y n\u1ebfu th\u1ea5y c\u1ea7n thi\u1ebft.<\/p>\n<p>Th\u1eddi gian mang m\u00e1ng t\u1ea9y s\u1ebd t\u00f9y thu\u1ed9c v\u00e0o m\u1ee9c \u0111\u1ed9 mong mu\u1ed1n c\u1ee7a b\u1ea1n v\u1ec1 m\u00e0u r\u0103ng c\u0169ng nh\u01b0 s\u1ef1 t\u00e1c \u0111\u1ed9ng c\u1ee7a dung d\u1ecbch t\u1ea9y tr\u1eafng \u0111\u1ed1i v\u1edbi r\u0103ng b\u1ea1n.<\/p>\n<h4>2. T\u1ea9y tr\u1eafng t\u1ea1i ph\u00f2ng m\u1ea1ch<\/h4>\n<p>Thu\u1ed1c t\u1ea9y tr\u1eafng s\u1ebd \u0111\u01b0\u1ee3c b\u00f4i tr\u1ef1c ti\u1ebfp v\u00e0o r\u0103ng k\u1ebft h\u1ee3p v\u1edbi \u0111\u00e8n chi\u1ebfu , H\u00ecnh th\u1ee9c t\u1ea9y tr\u1eafng t\u1ea1i ph\u00f2ng m\u1ea1ch an to\u00e0n v\u00e0 hi\u1ec7u qu\u1ea3 trong m\u1ed9t l\u1ea7n t\u1ea9y.<\/p>\n<h2 style=\"text-align: center;\">Nh\u1eefng c\u00e2u h\u1ecfi th\u01b0\u1eddng g\u1eb7p<\/h2>\n<p>\t\t\tT\u1ea9y tr\u1eafng r\u0103ng c\u00f3 \u1ea3nh h\u01b0\u1edfng g\u00ec kh\u00f4ng?<\/p>\n<p>Vi\u1ec7c t\u1ea9y tr\u1eafng r\u0103ng hi\u1ec7n nay l\u00e0 nhu c\u1ea7u th\u1ea9m m\u1ef9 c\u1ea7n thi\u1ebft, nh\u1ea5t l\u00e0 \u0111\u1ed1i v\u1edbi t\u1ea5t c\u1ea3 m\u1ecdi ng\u01b0\u1eddi. Th\u1ebf nh\u01b0ng vi\u1ec7c t\u1ea9y r\u0103ng \u0111\u01b0\u1ee3c th\u1ef1c hi\u1ec7n tr\u00e0n lan t\u1ea1i c\u00e1c ph\u00f2ng nha thi\u1ebfu trang thi\u1ebft b\u1ecb hi\u1ec7n \u0111\u1ea1i, tay ngh\u1ec1 k\u00e9m, b\u1ec7nh nh\u00e2n t\u1ef1 mua thu\u1ed1c v\u1ec1 t\u1ea9y\u2026 \u0111\u1ec3 l\u1ea1i nhi\u1ec1u h\u1eadu qu\u1ea3 kh\u00f4n l\u01b0\u1eddng, \u0111\u00f3 l\u00e0 g\u00e3y c\u1ed5 ch\u00e2n r\u0103ng, vi\u00eam t\u1ee7y, b\u1ecfng l\u1ee3i\u2026 Kh\u00f4ng ph\u1ea3i ai c\u0169ng c\u00f3 th\u1ec3 t\u1ea9y tr\u1eafng r\u0103ng \u0111\u01b0\u1ee3c.<\/p>\n<p>C\u00e1c nha s\u0129 khuy\u00ean nh\u1eefng ng\u01b0\u1eddi c\u00f3 c\u1ed5 ch\u00e2n r\u0103ng b\u1ecb m\u00f2n, thi\u1ec3u s\u1ea3n men r\u0103ng, r\u0103ng s\u00e2u qu\u00e1 nhi\u1ec1u kh\u00f4ng n\u00ean t\u1ea9y tr\u1eafng r\u0103ng. Ch\u1ec9 c\u00f3 th\u1ec3 th\u1ef1c hi\u1ec7n ph\u01b0\u01a1ng ph\u00e1p tr\u00ean cho nh\u1eefng ng\u01b0\u1eddi r\u0103ng kh\u00f4ng b\u1ecb h\u1ecfng, s\u00e2u, v\u1ee1 nhi\u1ec1u ho\u1eb7c c\u00f3 c\u00e1c m\u1ea3ng tr\u00e1m tr\u00ean r\u0103ng.<\/p>\n<p>Hi\u1ec7u qu\u1ea3 c\u1ee7a vi\u1ec7c r\u0103ng tr\u1eafng hay kh\u00f4ng ph\u1ee5 thu\u1ed9c r\u1ea5t nhi\u1ec1u v\u00e0o b\u1ec7nh nh\u00e2n, v\u00e0o men r\u0103ng c\u1ee7a t\u1eebng ng\u01b0\u1eddi. N\u1ebfu b\u1ea1n mu\u1ed1n t\u1ea9y tr\u1eafng r\u0103ng nh\u1ea5t thi\u1ebft ph\u1ea3i \u0111\u01b0\u1ee3c nha s\u0129 kh\u00e1m, t\u01b0 v\u1ea5n \u0111\u01b0a ra l\u1eddi khuy\u00ean n\u00ean hay kh\u00f4ng n\u00ean t\u1ea9y tr\u1eafng r\u0103ng.<\/p>\n<p>\t\t\tR\u0103ng sau khi t\u1ea9y tr\u1eafng s\u1ebd gi\u1eef m\u00e0u \u0111\u01b0\u1ee3c bao l\u00e2u?<\/p>\n<p>Trung b\u00ecnh vi\u1ec7c gi\u1eef m\u00e0u tr\u1eafng c\u1ee7a r\u0103ng sau khi t\u1ea9y l\u00e0 2 \u0111\u1ebfn 3 n\u0103m nh\u01b0ng c\u0169ng t\u00f9y thu\u1ed9c v\u00e0o t\u00ednh ch\u1ea5t men r\u0103ng v\u00e0 c\u01a1 \u0111\u1ecba c\u1ee7a t\u1eebng ng\u01b0\u1eddi.<br \/>\n\u0110a ph\u1ea7n m\u00e0u s\u1eafc s\u1ebd gi\u1ea3m nh\u1eb9 sau 2 tu\u1ea7n t\u1ea9y tr\u1eafng v\u00e0 s\u1ebd \u1ed5n \u0111\u1ecbnh su\u1ed1t 6 th\u00e1ng \u0111\u1ebfn 1 n\u0103m \u0111\u1ea7u ti\u00ean. M\u1ed9t s\u1ed1 ng\u01b0\u1eddi c\u00f3 th\u1ec3 gi\u1eef m\u00e0u \u0111\u1ebfn 3-4 n\u0103m.<br \/>\nM\u1ed9t s\u1ed1 th\u00f3i quen c\u0169ng \u1ea3nh h\u01b0\u1edfng \u0111\u1ebfn vi\u1ec7c gi\u1eef m\u00e0u tr\u1eafng c\u1ee7a r\u0103ng. Ch\u1eb3ng h\u1ea1n vi\u1ec7c h\u00fat thu\u1ed1c l\u00e1, c\u00e0f\u00ea, tr\u00e0, r\u01b0\u1ee3u v\u00e0 c\u00e1c lo\u1ea1i \u0111\u1ed3 u\u1ed1ng c\u00f3 m\u00e0u s\u1eabm&#8230;<br \/>\nVi\u1ec7c gi\u1eef v\u1ec7 sinh r\u0103ng mi\u1ec7ng t\u1ed1t, th\u01b0\u1eddng xuy\u00ean \u0111\u1ebfn nha s\u0129 l\u00e0m v\u1ec7 sinh r\u0103ng mi\u1ec7ng 3-6 th\u00e1ng 1 l\u1ea7n c\u0169ng gi\u00fap vi\u1ec7c duy tr\u00ec m\u00e0u tr\u1eafng c\u1ee7a r\u0103ng. N\u1ebfu c\u1ea7n c\u00f3 th\u1ec3 s\u1eed d\u1ee5ng th\u00eam c\u00e1c s\u1ea3n ph\u1ea9m duy tr\u00ec m\u00e0u r\u0103ng tr\u1eafng sau khi t\u1ea9y.<\/p>\n<p>\t\t\tC\u00e1ch duy tr\u00ec m\u00e0u r\u0103ng sau khi t\u1ea9y tr\u1eafng?<\/p>\n<p>B\u1ea3n ch\u1ea5t r\u0103ng d\u00f9 kh\u00f4ng t\u1ea9y tr\u1eafng c\u0169ng s\u1ebd v\u00e0ng theo th\u1eddi gian do tu\u1ed5i t\u00e1c v\u00e0 ch\u1ebf \u0111\u1ed9 \u0103n u\u1ed1ng. K\u1ebft qu\u1ea3 c\u1ee7a \u0111i\u1ec1u tr\u1ecb t\u1ea9y tr\u1eafng r\u0103ng kh\u00f4ng bao gi\u1edd l\u00e0 v\u0129nh vi\u1ec5n. C\u00e1c l\u01b0u \u00fd sau \u0111\u00e2y s\u1ebd gi\u00fap b\u1ea1n duy tr\u00ec m\u00e0u r\u0103ng tr\u1eafng s\u00e1ng l\u00e2u h\u01a1n sau khi t\u1ea9y:<\/p>\n<p>H\u1ea1n ch\u1ebf c\u00e1c th\u1ee9c \u0103n, n\u01b0\u1edbc u\u1ed1ng s\u1eadm m\u00e0u, s\u1eed d\u1ee5ng \u1ed1ng h\u00fat khi u\u1ed1ng n\u01b0\u1edbc s\u1ebd tr\u00e1nh \u0111\u01b0\u1ee3c c\u00e1c ch\u1ea5t m\u00e0u ti\u1ebfp x\u00fac tr\u1ef1c ti\u1ebfp v\u1edbi c\u00e1c r\u0103ng c\u1eeda. Ch\u1ea3i r\u0103ng, s\u00fac mi\u1ec7ng ngay l\u1eadp t\u1ee9c sau khi \u0103n, u\u1ed1ng nh\u1eefng th\u1ef1c ph\u1ea9m c\u00f3 m\u00e0u.<\/p>\n<p>V\u1ec7 sinh r\u0103ng mi\u1ec7ng: ch\u1ea3i r\u0103ng \u00edt nh\u1ea5t 2 l\u1ea7n\/ ng\u00e0y, d\u00f9ng ch\u1ec9 t\u01a1 nha khoa 1l\u1ea7n\/ ng\u00e0y. S\u1eed d\u1ee5ng kem \u0111\u00e1nh r\u0103ng l\u00e0m tr\u1eafng r\u0103ng ch\u1ec9 1-2 l\u1ea7n\/tu\u1ea7n \u0111\u1ec3 l\u1ea5y \u0111i c\u00e1c ch\u1ea5t nhi\u1ec5m m\u00e0u tr\u00ean b\u1ec1 m\u1eb7t r\u0103ng, th\u1eddi gian c\u00f2n l\u1ea1i d\u00f9ng kem \u0111\u00e1nh r\u0103ng th\u01b0\u1eddng c\u00f3 Fluoride. Kh\u00e1m r\u0103ng \u0111\u1ecbnh k\u1ef3 6 th\u00e1ng\/l\u1ea7n \u0111\u1ec3 Nha s\u0129 ki\u1ec3m tra t\u1ed5ng qu\u00e1t v\u00e0 \u0111\u00e1nh gi\u00e1 m\u00e0u r\u0103ng.\u00a0 N\u1ebfu b\u1ea1n \u0103n u\u1ed1ng nhi\u1ec1u ch\u1ea5t m\u00e0u ho\u1eb7c h\u00fat thu\u1ed1c n\u00ean t\u1ea9y tr\u1eafng r\u0103ng \u0111\u1ecbnh k\u1ef3 th\u01b0\u1eddng xuy\u00ean h\u01a1n.<\/p>\n<p>\t\t\tH\u01b0\u1edbng d\u1eabn c\u00e1ch \u0111eo m\u00e1ng t\u1ea9y tr\u1eafng t\u1ea1i nh\u00e0<\/p>\n<p>T\u1ea9y Tr\u1eafng R\u0103ng l\u00e0 ph\u01b0\u01a1ng ph\u00e1p hi\u1ec7u qu\u1ea3 v\u00e0 nhanh ch\u00f3ng mang l\u1ea1i s\u1ef1 th\u1ea9m m\u1ef9 to\u00e0n di\u1ec7n cho h\u00e0m r\u0103ng v\u00e0 khu\u00f4n m\u1eb7t. Hi\u1ec7n nay \u0111\u01b0\u1ee3c \u00e1p d\u1ee5ng r\u1ed9ng r\u1ea3i \u1edf nhi\u1ec1u n\u01b0\u1edbc tr\u00ean th\u1ebf gi\u1edbi v\u00e0 ho\u00e0n to\u00e0n v\u00f4 h\u1ea1i, kh\u00f4ng l\u00e0m h\u01b0 h\u1ea1i men r\u0103ng c\u0169ng nh\u01b0 kh\u00f4ng g\u00e2y \u1ea3nh h\u01b0\u1edfng tr\u00ean s\u1ee9c kh\u1ecfe to\u00e0n th\u00e2n. ( v\u1edbi s\u1ef1 theo d\u00f5i v\u00e0 \u0111i\u1ec1u tr\u1ecb c\u1ee7a Nha S\u0129 chuy\u00ean khoa).<\/p>\n<p><strong>B\u01b0\u1edbc 1:<\/strong><\/p>\n<p>Ch\u1ea3i v\u00e0 l\u00e0m s\u1ea1ch Khay tr\u01b0\u1edbc khi \u0111eo v\u00e0o mi\u1ec7ng<br \/>\nSau \u0111\u00f3\u00a0 cho m\u1ed9t l\u01b0\u1ee3ng nh\u1ecf v\u1eeba \u0111\u1ee7 thu\u1ed1c T\u1ea9y tr\u1eafng c\u00f3 d\u1ea1ng gel v\u00e0o m\u1eb7t tr\u01b0\u1edbc m\u1ed7i r\u0103ng tr\u00ean Khay<\/p>\n<p><strong>B\u01b0\u1edbc 2:<\/strong><\/p>\n<p>Mang khay v\u00e0o mi\u1ec7ng sao cho c\u00e1c r\u0103ng tr\u00ean khay t\u01b0\u01a1ng \u1ee9ng v\u1edbi r\u0103ng tr\u00ean mi\u1ec7ng, tr\u00e1nh \u0111\u1ec3 khay b\u1ecb d\u1ecbch chuy\u1ec3n<\/p>\n<p><strong>B\u01b0\u1edbc 3:<\/strong><\/p>\n<p>D\u00f9ng t\u0103m b\u00f4ng l\u00e0m s\u1ea1ch c\u00e1c v\u1ebft gel b\u00ean ngo\u00e0i vi\u1ec1n n\u01b0\u1edbu n\u1ebfu c\u00f3<br \/>\n\u0110eo khay kho\u1ea3ng 2 &#8211; 3 ti\u1ebfng ho\u1eb7c c\u00f3 th\u1ec3 \u0111eo su\u1ed1t \u0111\u00eam<\/p>\n<p><strong>B\u01b0\u1edbc 4:<\/strong><\/p>\n<p>L\u1ea5y khay ra v\u00e0 ch\u1ea3i r\u0103ng sao cho lo\u1ea1i b\u1ecf h\u1ebft v\u1ebft gel c\u00f2n d\u00ednh tr\u00ean r\u0103ng.<\/p>\n<p><strong>B\u01b0\u1edbc 5:<\/strong><\/p>\n<p>L\u00e0m s\u1ea1ch khay d\u01b0\u1edbi v\u00f2i n\u01b0\u1edbc l\u1ea1nh, \u0111\u1ec3 n\u01a1i kh\u00f4 r\u00e1o.<\/p>\n<p>\t\t\t\t<a href=\"\/nha-khoa-tong-quat\/nha-khoa-nhi-dong\/\" target=\"_self\"itemprop=\"url\"><br \/>\n\t\t\t\t<img loading=\"lazy\" decoding=\"async\" src=\"http:\/\/modest-copper-lynx.50-6-231-22.cpanel.site\/wp-content\/uploads\/2017\/10\/Nha-Khoa-Thien-Bao-Dental-Clinic-Dental-For-Kids-04-1-300x289.png\" alt=\"Nha-Khoa-Thien-Bao-Dental-Clinic-Dental-For-Kids-04-1\" itemprop=\"image\" height=\"289\" width=\"300\"  \/><br \/>\n\t\t\t\t<\/a><\/p>\n<h3>\n\t\t<a href=\"\/nha-khoa-tong-quat\/nha-khoa-nhi-dong\/\" title=\"Nha Khoa Nhi \u0110\u1ed3ng\" target=\"_self\"><br \/>\n\t\tNha Khoa Nhi \u0110\u1ed3ng<br \/>\n\t\t<\/a><br \/>\n\t<\/h3>\n<p>\t\t\t\t<a href=\"\/nha-khoa-tham-my\/chinh-nha\/\" target=\"_self\"itemprop=\"url\"><br \/>\n\t\t\t\t<img loading=\"lazy\" decoding=\"async\" src=\"http:\/\/modest-copper-lynx.50-6-231-22.cpanel.site\/wp-content\/uploads\/2017\/11\/Nha-Khoa-Thien-Bao-Clinic-Picture-Stream-08-300x289.png\" alt=\"Nha-Khoa-Thien-Bao-Clinic-Picture-Stream-08\" itemprop=\"image\" height=\"289\" width=\"300\"  \/><br \/>\n\t\t\t\t<\/a><\/p>\n<h3>\n\t\t<a href=\"\/nha-khoa-tham-my\/chinh-nha\/\" title=\"Ch\u1ec9nh Nha\" target=\"_self\"><br \/>\n\t\tCh\u1ec9nh Nha<br \/>\n\t\t<\/a><br \/>\n\t<\/h3>\n<p>\t\t\t\t<a href=\"\/nha-khoa-tham-my\/mat-dan-su-veneer\/\" target=\"_self\"itemprop=\"url\"><br \/>\n\t\t\t\t<img loading=\"lazy\" decoding=\"async\" src=\"http:\/\/modest-copper-lynx.50-6-231-22.cpanel.site\/wp-content\/uploads\/2017\/11\/Nha-Khoa-Thien-Bao-Clinic-Picture-Stream-06-300x289.png\" alt=\"Nha-Khoa-Thien-Bao-Clinic-Picture-Stream-06\" itemprop=\"image\" height=\"289\" width=\"300\"  \/><br \/>\n\t\t\t\t<\/a><\/p>\n<h3>\n\t\t<a href=\"\/nha-khoa-tham-my\/mat-dan-su-veneer\/\" title=\"M\u1eb7t d\u00e1n s\u1ee9 Veneer\" target=\"_self\"><br \/>\n\t\tM\u1eb7t d\u00e1n s\u1ee9 Veneer<br \/>\n\t\t<\/a><br \/>\n\t<\/h3>\n<p>\t\t\t\t<a href=\"\/nha-khoa-tong-quat\/phau-thuat-rang-mieng\/\" target=\"_self\"itemprop=\"url\"><br \/>\n\t\t\t\t<img loading=\"lazy\" decoding=\"async\" src=\"http:\/\/modest-copper-lynx.50-6-231-22.cpanel.site\/wp-content\/uploads\/2017\/11\/Nha-Khoa-Thien-Bao-Clinic-Picture-Stream-04-300x289.png\" alt=\"Nha-Khoa-Thien-Bao-Clinic-Picture-Stream-04\" itemprop=\"image\" height=\"289\" width=\"300\"  \/><br \/>\n\t\t\t\t<\/a><\/p>\n<h3>\n\t\t<a href=\"\/nha-khoa-tong-quat\/phau-thuat-rang-mieng\/\" title=\"Ph\u1eabu Thu\u1eadt R\u0103ng MI\u1ec7ng\" target=\"_self\"><br \/>\n\t\tPh\u1eabu Thu\u1eadt R\u0103ng MI\u1ec7ng<br \/>\n\t\t<\/a><br \/>\n\t<\/h3>\n<p><\/p>","protected":false},"excerpt":{"rendered":"<p>D\u1ecbch V\u1ee5 T\u1ea9y Tr\u1eafng R\u0103ng M\u1ed9t h\u00e0m r\u0103ng kh\u00f4ng nh\u1eefng ch\u1eafc kh\u1ecfe m\u00e0 ph\u1ea3i th\u1eadt tr\u1eafng b\u00f3ng l\u00e0 m\u1ed9t nhu c\u1ea7u kh\u00f4ng [&hellip;]<\/p>\n","protected":false},"author":2,"featured_media":0,"parent":0,"menu_order":0,"comment_status":"closed","ping_status":"closed","template":"page-templates\/page_fullwidth.php","meta":{"footnotes":""},"class_list":["post-435","page","type-page","status-publish","hentry"],"_links":{"self":[{"href":"https:\/\/modest-copper-lynx.50-6-231-22.cpanel.site\/index.php?rest_route=\/wp\/v2\/pages\/435","targetHints":{"allow":["GET"]}}],"collection":[{"href":"https:\/\/modest-copper-lynx.50-6-231-22.cpanel.site\/index.php?rest_route=\/wp\/v2\/pages"}],"about":[{"href":"https:\/\/modest-copper-lynx.50-6-231-22.cpanel.site\/index.php?rest_route=\/wp\/v2\/types\/page"}],"author":[{"embeddable":true,"href":"https:\/\/modest-copper-lynx.50-6-231-22.cpanel.site\/index.php?rest_route=\/wp\/v2\/users\/2"}],"replies":[{"embeddable":true,"href":"https:\/\/modest-copper-lynx.50-6-231-22.cpanel.site\/index.php?rest_route=%2Fwp%2Fv2%2Fcomments&post=435"}],"version-history":[{"count":0,"href":"https:\/\/modest-copper-lynx.50-6-231-22.cpanel.site\/index.php?rest_route=\/wp\/v2\/pages\/435\/revisions"}],"wp:attachment":[{"href":"https:\/\/modest-copper-lynx.50-6-231-22.cpanel.site\/index.php?rest_route=%2Fwp%2Fv2%2Fmedia&parent=435"}],"curies":[{"name":"wp","href":"https:\/\/api.w.org\/{rel}","templated":true}]}}