{"id":339,"date":"2017-10-17T22:57:17","date_gmt":"2017-10-17T15:57:17","guid":{"rendered":"https:\/\/modest-copper-lynx.50-6-231-22.cpanel.site\/?page_id=339"},"modified":"2017-12-09T19:29:50","modified_gmt":"2017-12-09T12:29:50","slug":"home","status":"publish","type":"page","link":"https:\/\/modest-copper-lynx.50-6-231-22.cpanel.site\/","title":{"rendered":"Trang ch\u1ee7"},"content":{"rendered":"<p>\t\t\t\t<a href=\"\/phuc-hinh-tham-my\/\" target=\"_self\"itemprop=\"url\"><br \/>\n\t\t\t\t<img loading=\"lazy\" decoding=\"async\" src=\"http:\/\/modest-copper-lynx.50-6-231-22.cpanel.site\/wp-content\/uploads\/2017\/10\/General-dentistry-725x544.jpg\" alt=\"General-dentistry-725x544\" itemprop=\"image\" height=\"544\" width=\"725\"  \/><br \/>\n\t\t\t\t<\/a><\/p>\n<h3><a href=\"\/phuc-hinh-tham-my\/\" target=\"_self\">Ph\u1ee5c H\u00ecnh Th\u1ea9m M\u1ef9<\/a><\/h3>\n<p>M\u1ea5t r\u0103ng l\u00e0 m\u1ed9t trong nh\u1eefng v\u1ea5n \u0111\u1ec1 \u1ea3nh h\u01b0\u1edfng nghi\u00eam tr\u1ecdng \u0111\u1ebfn t\u00ecnh tr\u1ea1ng s\u1ee9c kh\u1ecfe r\u0103ng mi\u1ec7ng, v\u00e0 l\u00e0m gi\u1ea3m \u0111i n\u00e9t \u0111\u1eb9p tr\u00ean khu\u00f4n m\u1eb7t. Khi m\u1ed9t ho\u1eb7c nhi\u1ec1u r\u0103ng b\u1ecb m\u1ea5t \u0111i d\u1eabn \u0111\u1ebfn nh\u1eefng r\u0103ng c\u00f2n l\u1ea1i c\u00f3 khuynh h\u01b0\u1edbng m\u1ecdc l\u1ec7ch l\u1ea1c.<\/p>\n<p><a href=\"\/phuc-hinh-tham-my\/\" target=\"_self\">Chi ti\u1ebft<\/a><br \/>\n\t\t\t\t<a href=\"\/tay-trang-rang\/\" target=\"_self\"itemprop=\"url\"><br \/>\n\t\t\t\t<img loading=\"lazy\" decoding=\"async\" src=\"http:\/\/modest-copper-lynx.50-6-231-22.cpanel.site\/wp-content\/uploads\/2017\/10\/where-to-buy-teeth-whitening.jpg\" alt=\"where-to-buy-teeth-whitening\" itemprop=\"image\" height=\"768\" width=\"1024\"  \/><br \/>\n\t\t\t\t<\/a><\/p>\n<h3><a href=\"\/tay-trang-rang\/\" target=\"_self\">T\u1ea9y Tr\u1eafng R\u0103ng<\/a><\/h3>\n<p>L\u00e0m tr\u1eafng r\u0103ng m\u1ed9t c\u00e1ch hi\u1ec7u qu\u1ea3, an to\u00e0n b\u1eb1ng h\u00ecnh th\u1ee9c t\u1ea9y\u00a0 tr\u1eafng t\u1ea1i ph\u00f2ng m\u1ea1ch k\u1ebft h\u1ee3p \u0111\u00e8n chi\u1ebfu s\u1ebd cho b\u1ea1n m\u1ed9t h\u00e0m r\u0103ng tr\u1eafng<\/p>\n<p><a href=\"\/tay-trang-rang\/\" target=\"_self\">Chi ti\u1ebft<\/a><br \/>\n\t\t\t\t<a href=\"\/implant\/\" target=\"_self\"itemprop=\"url\"><br \/>\n\t\t\t\t<img loading=\"lazy\" decoding=\"async\" src=\"http:\/\/modest-copper-lynx.50-6-231-22.cpanel.site\/wp-content\/uploads\/2017\/12\/nha-khoa-thien-bao-dental-implant-03-300x225.png\" alt=\"nha-khoa-thien-bao-dental-implant-03-300x225\" itemprop=\"image\" height=\"370\" width=\"493\"  \/><br \/>\n\t\t\t\t<\/a><\/p>\n<h3><a href=\"\/implant\/\" target=\"_self\">Implant<\/a><\/h3>\n<p>Implant l\u00e0 m\u1ed9t tr\u1ee5 Titanium nh\u1ecf d\u00e0i 10-15mm \u0111\u01b0\u1ee3c c\u1ea5y v\u00e0o trong x\u01b0\u01a1ng h\u00e0m \u0111\u1ec3 thay th\u1ebf ch\u00e2n r\u0103ng b\u1ecb m\u1ea5t.<\/p>\n<p><a href=\"\/implant\/\" target=\"_self\">Chi ti\u1ebft<\/a><br \/>\n\t\t\t\t<a href=\"\/nha-khoa-tham-my\/chinh-nha\/\" target=\"_self\"itemprop=\"url\"><br \/>\n\t\t\t\t<img loading=\"lazy\" decoding=\"async\" src=\"http:\/\/modest-copper-lynx.50-6-231-22.cpanel.site\/wp-content\/uploads\/2017\/10\/Othodontic-509x382.jpg\" alt=\"Othodontic -509x382\" itemprop=\"image\" height=\"667\" width=\"888\"  \/><br \/>\n\t\t\t\t<\/a><\/p>\n<h3><a href=\"\/nha-khoa-tham-my\/chinh-nha\/\" target=\"_self\">Ch\u1ec9nh Nha<\/a><\/h3>\n<p>Ch\u1ec9nh h\u00ecnh r\u0103ng m\u1eb7t hay c\u00f2n g\u1ecdi l\u00e0 ch\u1ec9nh nha &#8211; gi\u00fap s\u1eafp x\u1ebfp c\u00e1c r\u0103ng ngay ng\u1eafn v\u00e0 \u0111\u1ec1u \u0111\u1eb7n \u0111\u1ec3 c\u1ea3i thi\u1ec7n v\u1ec1 ph\u01b0\u01a1ng di\u1ec7n th\u1ea9m m\u1ef9<\/p>\n<p><a href=\"\/nha-khoa-tham-my\/chinh-nha\/\" target=\"_self\">Chi ti\u1ebft<\/a><br \/>\n\t\t\t\t<a href=\"\/nha-khoa-tham-my\/mat-dan-su-veneer\/\" target=\"_self\"itemprop=\"url\"><br \/>\n\t\t\t\t<img loading=\"lazy\" decoding=\"async\" src=\"http:\/\/modest-copper-lynx.50-6-231-22.cpanel.site\/wp-content\/uploads\/2017\/10\/Dental-veneers.jpg\" alt=\"Dental-veneers\" itemprop=\"image\" height=\"705\" width=\"939\"  \/><br \/>\n\t\t\t\t<\/a><\/p>\n<h3><a href=\"\/nha-khoa-tham-my\/mat-dan-su-veneer\/\" target=\"_self\">M\u1eb7t d\u00e1n s\u1ee9 Veneer<\/a><\/h3>\n<p>Veneer-laminate l\u00e0 nh\u1eefng m\u1ea3nh s\u1ee9, Composite ho\u1eb7c nh\u1ef1a \u0111\u01b0\u1ee3c d\u00e1n l\u00ean m\u1eb7t ngo\u00e0i c\u1ee7a r\u0103ng \u0111\u1ec3 t\u00e1i t\u1ea1o l\u1ea1i h\u00ecnh d\u1ea1ng v\u00e0 m\u00e0u s\u1eafc c\u1ee7a r\u0103ng nh\u01b0 mong mu\u1ed1n<\/p>\n<p><a href=\"\/nha-khoa-tham-my\/mat-dan-su-veneer\/\" target=\"_self\">Chi ti\u1ebft<\/a><br \/>\n\t\t\t\t<a href=\"\/nha-khoa-tong-quat\/nha-khoa-nhi-dong\/\" target=\"_self\"itemprop=\"url\"><br \/>\n\t\t\t\t<img loading=\"lazy\" decoding=\"async\" src=\"http:\/\/modest-copper-lynx.50-6-231-22.cpanel.site\/wp-content\/uploads\/2017\/10\/dentistry-for-kids01.jpg\" alt=\"dentistry-for-kids01\" itemprop=\"image\" height=\"288\" width=\"384\"  \/><br \/>\n\t\t\t\t<\/a><\/p>\n<h3><a href=\"\/nha-khoa-tong-quat\/nha-khoa-nhi-dong\/\" target=\"_self\">Nha Khoa Nhi \u0110\u1ed3ng<\/a><\/h3>\n<p>Kh\u00f4ng th\u1ec3 tr\u1ea3 l\u1eddi ch\u00ednh x\u00e1c th\u1eddi \u0111i\u1ec3m chi\u1ebfc r\u0103ng \u0111\u1ea7u ti\u00ean c\u1ee7a tr\u1ebb xu\u1ea5t hi\u1ec7n, v\u00ec \u0111\u1ed1i v\u1edbi m\u1ed7i tr\u1ebb kho\u1ea3ng th\u1eddi gian m\u1ecdc r\u0103ng l\u1ea1i kh\u00e1c nhau.<\/p>\n<p><a href=\"\/nha-khoa-tong-quat\/nha-khoa-nhi-dong\/\" target=\"_self\">Chi ti\u1ebft<\/a>\t\t <\/p>\n<h3>\n\t\tTh\u00e0nh l\u1eadp v\u00e0o n\u0103m 2010<br \/>\n\t<\/h3>\n<h3>\n\t\tNHA KHOA THI\u00caN B\u1ea2O<br \/>\n\t<\/h3>\n<p>C\u00f9ng v\u1edbi s\u1ef1 ph\u00e1t tri\u1ec3n c\u1ee7a n\u1ec1n kinh t\u1ebf, \u0111\u1eddi s\u1ed1ng con ng\u01b0\u1eddi ng\u00e0y c\u00e0ng \u0111\u01b0\u1ee3c n\u00e2ng l\u00ean. V\u00ec v\u1eady, nhu c\u1ea7u ch\u0103m s\u00f3c s\u1ee9c kh\u1ecfe v\u1ec1 r\u0103ng mi\u1ec7ng c\u1ee7a m\u1ed7i ng\u01b0\u1eddi ng\u00e0y c\u00e0ng \u0111\u01b0\u1ee3c m\u1ecdi ng\u01b0\u1eddi quan t\u00e2m h\u01a1n nh\u1eb1m n\u00e2ng cao ch\u1ea5t l\u01b0\u1ee3ng cu\u1ed9c s\u1ed1ng.<\/p>\n<p>Nha khoa Thi\u00ean B\u1ea3o \u0111\u01b0\u1ee3c s\u00e1ng l\u1eadp v\u00e0 \u0111i\u1ec1u h\u00e0nh b\u1edfi Nha s\u0129 Hu\u1ef3nh Qu\u1ed1c H\u1eefu, m\u1ed9t Nha s\u0129 c\u00f3 h\u01a1n 15 n\u0103m kinh nghi\u1ec7m trong ng\u00e0nh nha khoa, \u0111\u00e3 \u0111i\u1ec1u h\u00e0nh c\u00e1c c\u01a1 s\u1edf nha khoa l\u1edbn c\u1ee7a Tp.HCM.<\/p>\n<p>V\u1edbi ti\u00eau ch\u00ed ch\u1ea5t l\u01b0\u1ee3ng v\u00e0 gi\u00e1 c\u1ea3 c\u1ea1nh tranh, lu\u00f4n coi tr\u1ecdng v\u00e0 \u0111\u1eb7t v\u1ea5n \u0111\u1ec1 y \u0111\u1ee9c l\u00ean h\u00e0ng \u0111\u1ea7u, coi kh\u00e1ch h\u00e0ng l\u00e0 ng\u01b0\u1eddi b\u1ea1n tin c\u1eady c\u00f3 ti\u1ebfng n\u00f3i quy\u1ebft \u0111\u1ecbnh tr\u00ean con \u0111\u01b0\u1eddng ph\u00e1t tri\u1ec3n c\u1ee7a m\u00ecnh v\u00e0 v\u1edbi mong mu\u1ed1n x\u00e2y d\u1ef1ng m\u1ed9t th\u01b0\u01a1ng hi\u1ec7u uy t\u00edn, m\u1ed9t \u0111\u1ecba ch\u1ec9 tin c\u1eady \u0111\u1ec3 \u0111\u01b0a c\u00e1c s\u1ea3n ph\u1ea9m c\u00f9ng h\u00ecnh \u1ea3nh c\u1ee7a doanh nghi\u1ec7p \u0111\u1ebfn t\u1ea5t c\u1ea3 qu\u00fd kh\u00e1ch h\u00e0ng.<\/p>\n<p>\u0110\u1ebfn v\u1edbi Nha khoa Thi\u00ean B\u1ea3o, v\u1edbi \u0111\u1ed9i ng\u0169 Nha s\u0129 nhi\u1ec7t t\u00ecnh, t\u1eadn t\u00e2m, tay ngh\u1ec1 cao, \u0111\u1ed9i ng\u0169 nh\u00e2n vi\u00ean n\u0103ng \u0111\u1ed9ng, c\u1edfi m\u1edf, c\u01a1 s\u1edf v\u1eadt ch\u1ea5t hi\u1ec7n \u0111\u1ea1i, m\u00e1y m\u00f3c thi\u1ebft b\u1ecb th\u1ebf h\u1ec7 m\u1edbi nh\u1ea5t c\u1ee7a Hoa K\u1ef3 ch\u1eafc ch\u1eafn qu\u00fd kh\u00e1ch s\u1ebd th\u1ea5y h\u00e0i l\u00f2ng v\u1ec1 s\u1ef1 l\u1ef1a ch\u1ecdn c\u1ee7a m\u00ecnh.<\/p>\n<p>&nbsp;<\/p>\n<p>\t<iframe loading=\"lazy\" width=\"306\" height=\"286\" src=\"https:\/\/www.youtube.com\/embed\/A27h6xbInaM\" frameborder=\"0\" gesture=\"media\" allowfullscreen><\/iframe><\/p>\n<h3>\n\t\t\u0110\u0103ng k\u00fd \u0111\u1ec3 \u0111\u01b0\u1ee3c t\u01b0 v\u1ea5n<br \/>\n\t<\/h3>\n<p>\t\t\t<a href=\"\/contact\/\" target=\"_self\" role=\"button\"><br \/>\n\t\t\t\t\t\t\tCONTACT US<br \/>\n\t\t\t<\/a><\/p>\n<p><\/p>","protected":false},"excerpt":{"rendered":"<p>Ph\u1ee5c H\u00ecnh Th\u1ea9m M\u1ef9 M\u1ea5t r\u0103ng l\u00e0 m\u1ed9t trong nh\u1eefng v\u1ea5n \u0111\u1ec1 \u1ea3nh h\u01b0\u1edfng nghi\u00eam tr\u1ecdng \u0111\u1ebfn t\u00ecnh tr\u1ea1ng s\u1ee9c kh\u1ecfe r\u0103ng [&hellip;]<\/p>\n","protected":false},"author":2,"featured_media":0,"parent":0,"menu_order":0,"comment_status":"closed","ping_status":"closed","template":"page-templates\/page_fullwidth.php","meta":{"footnotes":""},"class_list":["post-339","page","type-page","status-publish","hentry"],"_links":{"self":[{"href":"https:\/\/modest-copper-lynx.50-6-231-22.cpanel.site\/index.php?rest_route=\/wp\/v2\/pages\/339","targetHints":{"allow":["GET"]}}],"collection":[{"href":"https:\/\/modest-copper-lynx.50-6-231-22.cpanel.site\/index.php?rest_route=\/wp\/v2\/pages"}],"about":[{"href":"https:\/\/modest-copper-lynx.50-6-231-22.cpanel.site\/index.php?rest_route=\/wp\/v2\/types\/page"}],"author":[{"embeddable":true,"href":"https:\/\/modest-copper-lynx.50-6-231-22.cpanel.site\/index.php?rest_route=\/wp\/v2\/users\/2"}],"replies":[{"embeddable":true,"href":"https:\/\/modest-copper-lynx.50-6-231-22.cpanel.site\/index.php?rest_route=%2Fwp%2Fv2%2Fcomments&post=339"}],"version-history":[{"count":0,"href":"https:\/\/modest-copper-lynx.50-6-231-22.cpanel.site\/index.php?rest_route=\/wp\/v2\/pages\/339\/revisions"}],"wp:attachment":[{"href":"https:\/\/modest-copper-lynx.50-6-231-22.cpanel.site\/index.php?rest_route=%2Fwp%2Fv2%2Fmedia&parent=339"}],"curies":[{"name":"wp","href":"https:\/\/api.w.org\/{rel}","templated":true}]}}