{"id":1258,"date":"2017-12-07T22:01:29","date_gmt":"2017-12-07T15:01:29","guid":{"rendered":"https:\/\/modest-copper-lynx.50-6-231-22.cpanel.site\/?page_id=1258"},"modified":"2017-12-07T22:56:33","modified_gmt":"2017-12-07T15:56:33","slug":"implant","status":"publish","type":"page","link":"https:\/\/modest-copper-lynx.50-6-231-22.cpanel.site\/?page_id=1258","title":{"rendered":"Implant"},"content":{"rendered":"<h3>\n\t\tImplant<br \/>\n\t<\/h3>\n<h3>Implant l\u00e0 g\u00ec<\/h3>\n<p>Implant l\u00e0 m\u1ed9t tr\u1ee5 Titanium nh\u1ecf d\u00e0i 10-15mm \u0111\u01b0\u1ee3c c\u1ea5y v\u00e0o trong x\u01b0\u01a1ng h\u00e0m \u0111\u1ec3 thay th\u1ebf ch\u00e2n r\u0103ng b\u1ecb m\u1ea5t. M\u1ed9t khi tr\u1ee5 Titanium \u0111\u01b0\u1ee3c t\u00edch h\u1ee3p v\u00e0o x\u01b0\u01a1ng v\u00e0 l\u00e0nh h\u1eb3n th\u00ec l\u00fac n\u00e0y n\u00f3 tr\u1edf th\u00e0nh m\u1ed9t tr\u1ee5 r\u1ea5t ch\u1eafc ch\u1eafn v\u00e0 b\u1ec1n v\u1eefng \u0111\u1ec3 c\u00f3 th\u1ec3 ti\u1ebfn h\u00e0nh l\u00e0m c\u00e1c b\u01b0\u1edbc kh\u00e1c tr\u00ean ch\u00e2n r\u0103ng nh\u01b0 m\u00e3o r\u0103ng, c\u1ea7u r\u0103ng ho\u1eb7c l\u00e0m c\u00e1c h\u00e0m gi\u1ea3 b\u00e1n h\u00e0m, to\u00e0n h\u00e0m, h\u00e0m c\u1ed1 \u0111\u1ecbnh,&#8230;<\/p>\n<p>\t\t\t\t<img loading=\"lazy\" decoding=\"async\" src=\"http:\/\/modest-copper-lynx.50-6-231-22.cpanel.site\/wp-content\/uploads\/2017\/12\/nha-khoa-thien-bao-dental-implant-02.jpg\" alt=\"nha-khoa-thien-bao-dental-implant-02\" itemprop=\"image\" height=\"220\" width=\"312\"  \/><br \/>\n\t\t\t\t<img loading=\"lazy\" decoding=\"async\" src=\"http:\/\/modest-copper-lynx.50-6-231-22.cpanel.site\/wp-content\/uploads\/2017\/12\/nha-khoa-thien-bao-dental-implant-01.jpg\" alt=\"nha-khoa-thien-bao-dental-implant-01\" itemprop=\"image\" height=\"287\" width=\"387\"  \/><\/p>\n<p>Implant l\u00e0 gi\u1ea3i ph\u00e1p t\u1ed1i \u01b0u nh\u1ea5t cho c\u00e1c tr\u01b0\u1eddng h\u1ee3p m\u1ea5t r\u0103ng, nh\u1eefng l\u1ee3i \u00edch mang l\u1ea1i t\u1eeb vi\u1ec7c c\u1eafm gh\u00e9p Implant:<\/p>\n<ul>\n<li>C\u1ea3m nh\u1eadn nh\u01b0 m\u1ed9t r\u0103ng th\u1eadt<\/li>\n<li>Gi\u00fap ng\u0103n ng\u1eeba v\u00e0 gi\u1ea3m thi\u1ec3u t\u00ecnh tr\u1ea1ng ti\u00eau x\u01b0\u01a1ng<\/li>\n<li>B\u1ea3o v\u1ec7 r\u0103ng xung quanh ch\u1eafc kh\u1ecfe<\/li>\n<li>T\u00ednh th\u1ea9m m\u1ef9 cao<\/li>\n<\/ul>\n<h4>Quy tr\u00ecnh c\u1eafm gh\u00e9p Implant:<\/h4>\n<ul>\n<li>Kh\u00e1m v\u00e0 t\u01b0 v\u1ea5n: Ki\u1ec3m tra t\u1ed5ng qu\u00e1t t\u00ecnh tr\u1ea1ng r\u0103ng mi\u1ec7ng, ti\u1ebfn h\u00e0nh ch\u1ee5p CT Scan.\u00a0 Ph\u00e2n t\u00edch, \u0111\u00e1nh gi\u00e1 c\u1ea5u tr\u00fac x\u01b0\u01a1ng c\u0169ng nh\u01b0 \u0111\u1ed9 d\u00e0y c\u1ee7a x\u01b0\u01a1ng, l\u00ean k\u1ebf ho\u1ea1ch chi ti\u1ebft \u0111i\u1ec1u tr\u1ecb cho b\u1ec7nh nh\u00e2n<\/li>\n<li>C\u1eafm implant: Nha s\u0129 chuy\u00ean c\u1eafm implant s\u1ebd \u0111\u01b0\u1ee3c ch\u1ec9 \u0111\u1ecbnh \u0111\u1ec3 th\u1ef1c hi\u1ec7n ca ph\u1ea9u thu\u1eadt, c\u1ea7n ph\u1ea3i s\u1eed d\u1ee5ng thu\u1ed1c t\u00ea trong su\u1ed1t qu\u00e1 tr\u00ecnh c\u1eafm, b\u1ec7nh nh\u00e2n n\u00ean chu\u1ea9n b\u1ecb s\u1ee9c kh\u1ecfe th\u1eadt t\u1ed1t, \u0103n u\u1ed1ng \u0111\u1ea7y \u0111\u1ee7 v\u00e0 \u0111\u1eb7t bi\u1ec7t ki\u1ec3m so\u00e1t t\u1ed1t ch\u1ec9 s\u1ed1 \u0111\u01b0\u1eddng huy\u1ebft.<\/li>\n<li>Giai \u0111o\u1ea1n ch\u1edd l\u00e0nh th\u01b0\u01a1ng: th\u00f4ng th\u01b0\u1eddng c\u1ea7n ph\u1ea3i ch\u1edd v\u00e0i tu\u1ea7n \u0111\u1ebfn v\u00e0i th\u00e1ng \u0111\u1ec3 tr\u1ee5 implant t\u00edch h\u1ee3p v\u1edbi x\u01b0\u01a1ng h\u00e0m.<\/li>\n<li>H\u00e0m r\u0103ng t\u1ea1m: Nha s\u0129 s\u1ebd l\u00e0m r\u0103ng t\u1ea1m, c\u1ea7u r\u0103ng t\u1ea1m t\u1ea1i v\u1ecb tr\u00ed m\u1ea5t r\u0103ng trong l\u00fac ch\u1edd v\u1ebft th\u01b0\u01a1ng l\u00e0nh \u0111\u1ec3 gi\u1eef \u0111\u01b0\u1ee3c t\u00ednh th\u1ea9m m\u1ef9.<\/li>\n<li>G\u1eafn Abutment: Sau khi v\u1ebft th\u01b0\u01a1ng l\u00e0nh h\u1eb3n th\u01b0\u1eddng t\u1eeb 1 \u0111\u1ebfn 6 th\u00e1ng t\u00f9y c\u01a1 \u0111\u1ecba t\u1eebng ng\u01b0\u1eddi, Nha s\u0129 s\u1ebd g\u1eafn Abutment v\u00e0o tr\u1ee5 Implant, sau \u0111\u00f3 Nha S\u0129 s\u1ebd l\u1ea5y d\u1ea5u g\u1edfi v\u1ec1 Labo \u0111\u1ec3 hoan t\u1ea5t l\u00e0m m\u00e3o r\u0103ng, c\u1ea7u r\u0103ng hay h\u00e0m r\u0103ng.<\/li>\n<li>G\u1eafn r\u0103ng ho\u00e0n t\u1ea5t: Khi r\u0103ng s\u1ee9 \u0111\u00e3 s\u1eb5n s\u00e0ng, Nha s\u0129 s\u1ebd th\u00e1o b\u1ecf r\u0103ng t\u1ea1m, c\u1ea7u t\u1ea1m v\u00e0 g\u1eafn r\u0103ng s\u1ee9 v\u00e0o v\u00e0 ho\u00e0n t\u1ea5t quy tr\u00ecnh c\u1eafm gh\u00e9p.<\/li>\n<li>Ch\u0103m s\u00f3c: C\u0169ng gi\u1ed1ng nh\u01b0 r\u0103ng th\u1eadt, implant c\u0169ng c\u1ea7n ph\u1ea3i \u0111\u01b0\u1ee3c v\u1ec7 sinh v\u00e0 t\u00e1i kh\u00e1m \u0111\u1ecbnh k\u1ef3 vi\u1ec7c ch\u0103m s\u00f3c k\u1ef9 s\u1ebd gi\u1eef r\u0103ng \u0111\u01b0\u1ee3c b\u1ec1n l\u00e2u h\u01a1n.<\/li>\n<\/ul>\n<p>Ti\u1ebfn tr\u00ecnh c\u1eafm implant c\u00f3 th\u1ec3 k\u00e8m theo tr\u01b0\u1eddng h\u1ee3p gh\u00e9p x\u01b0\u01a1ng, t\u00f9y v\u00e0o c\u01a1 \u0111\u1ecba t\u1eebng b\u1ec7nh nh\u00e2n m\u00e0 Nha S\u0129 s\u1ebd \u0111\u01b0a ra k\u1ebf ho\u1ea1ch chi ti\u1ebft tr\u01b0\u1edbc khi ti\u1ebfn h\u00e0nh c\u1eafm gh\u00e9p.<\/p>\n<p>\t\t\t\t<img loading=\"lazy\" decoding=\"async\" src=\"http:\/\/modest-copper-lynx.50-6-231-22.cpanel.site\/wp-content\/uploads\/2017\/12\/nha-khoa-thien-bao-dental-implant-03-300x240.jpg\" alt=\"nha-khoa-thien-bao-dental-implant-03\" itemprop=\"image\" height=\"240\" width=\"300\"  \/><br \/>\n\t\t\t\t<a href=\"\/nha-khoa-tong-quat\/nha-khoa-nhi-dong\/\" target=\"_self\"itemprop=\"url\"><br \/>\n\t\t\t\t<img loading=\"lazy\" decoding=\"async\" src=\"http:\/\/modest-copper-lynx.50-6-231-22.cpanel.site\/wp-content\/uploads\/2017\/10\/Nha-Khoa-Thien-Bao-Dental-Clinic-Dental-For-Kids-04-1-300x289.png\" alt=\"Nha-Khoa-Thien-Bao-Dental-Clinic-Dental-For-Kids-04-1\" itemprop=\"image\" height=\"289\" width=\"300\"  \/><br \/>\n\t\t\t\t<\/a><\/p>\n<h3>\n\t\t<a href=\"\/nha-khoa-tong-quat\/nha-khoa-nhi-dong\/\" title=\"Nha Khoa Nhi \u0110\u1ed3ng\" target=\"_self\"><br \/>\n\t\tNha Khoa Nhi \u0110\u1ed3ng<br \/>\n\t\t<\/a><br \/>\n\t<\/h3>\n<p>\t\t\t\t<a href=\"\/nha-khoa-tham-my\/chinh-nha\/\" target=\"_self\"itemprop=\"url\"><br \/>\n\t\t\t\t<img loading=\"lazy\" decoding=\"async\" src=\"http:\/\/modest-copper-lynx.50-6-231-22.cpanel.site\/wp-content\/uploads\/2017\/11\/Nha-Khoa-Thien-Bao-Clinic-Picture-Stream-08-300x289.png\" alt=\"Nha-Khoa-Thien-Bao-Clinic-Picture-Stream-08\" itemprop=\"image\" height=\"289\" width=\"300\"  \/><br \/>\n\t\t\t\t<\/a><\/p>\n<h3>\n\t\t<a href=\"\/nha-khoa-tham-my\/chinh-nha\/\" title=\"Ch\u1ec9nh Nha\" target=\"_self\"><br \/>\n\t\tCh\u1ec9nh Nha<br \/>\n\t\t<\/a><br \/>\n\t<\/h3>\n<p>\t\t\t\t<a href=\"\/nha-khoa-tham-my\/mat-dan-su-veneer\/\" target=\"_self\"itemprop=\"url\"><br \/>\n\t\t\t\t<img loading=\"lazy\" decoding=\"async\" src=\"http:\/\/modest-copper-lynx.50-6-231-22.cpanel.site\/wp-content\/uploads\/2017\/11\/Nha-Khoa-Thien-Bao-Clinic-Picture-Stream-06-300x289.png\" alt=\"Nha-Khoa-Thien-Bao-Clinic-Picture-Stream-06\" itemprop=\"image\" height=\"289\" width=\"300\"  \/><br \/>\n\t\t\t\t<\/a><\/p>\n<h3>\n\t\t<a href=\"\/nha-khoa-tham-my\/mat-dan-su-veneer\/\" title=\"M\u1eb7t d\u00e1n s\u1ee9 Veneer\" target=\"_self\"><br \/>\n\t\tM\u1eb7t d\u00e1n s\u1ee9 Veneer<br \/>\n\t\t<\/a><br \/>\n\t<\/h3>\n<p>\t\t\t\t<a href=\"\/nha-khoa-tong-quat\/phau-thuat-rang-mieng\/\" target=\"_self\"itemprop=\"url\"><br \/>\n\t\t\t\t<img loading=\"lazy\" decoding=\"async\" src=\"http:\/\/modest-copper-lynx.50-6-231-22.cpanel.site\/wp-content\/uploads\/2017\/11\/Nha-Khoa-Thien-Bao-Clinic-Picture-Stream-04-300x289.png\" alt=\"Nha-Khoa-Thien-Bao-Clinic-Picture-Stream-04\" itemprop=\"image\" height=\"289\" width=\"300\"  \/><br \/>\n\t\t\t\t<\/a><\/p>\n<h3>\n\t\t<a href=\"\/nha-khoa-tong-quat\/phau-thuat-rang-mieng\/\" title=\"Ph\u1eabu Thu\u1eadt R\u0103ng MI\u1ec7ng\" target=\"_self\"><br \/>\n\t\tPh\u1eabu Thu\u1eadt R\u0103ng MI\u1ec7ng<br \/>\n\t\t<\/a><br \/>\n\t<\/h3>\n<p><\/p>","protected":false},"excerpt":{"rendered":"<p>Implant Implant l\u00e0 g\u00ec Implant l\u00e0 m\u1ed9t tr\u1ee5 Titanium nh\u1ecf d\u00e0i 10-15mm \u0111\u01b0\u1ee3c c\u1ea5y v\u00e0o trong x\u01b0\u01a1ng h\u00e0m \u0111\u1ec3 thay th\u1ebf ch\u00e2n [&hellip;]<\/p>\n","protected":false},"author":2,"featured_media":0,"parent":0,"menu_order":0,"comment_status":"closed","ping_status":"closed","template":"page-templates\/page_fullwidth.php","meta":{"footnotes":""},"class_list":["post-1258","page","type-page","status-publish","hentry"],"_links":{"self":[{"href":"https:\/\/modest-copper-lynx.50-6-231-22.cpanel.site\/index.php?rest_route=\/wp\/v2\/pages\/1258","targetHints":{"allow":["GET"]}}],"collection":[{"href":"https:\/\/modest-copper-lynx.50-6-231-22.cpanel.site\/index.php?rest_route=\/wp\/v2\/pages"}],"about":[{"href":"https:\/\/modest-copper-lynx.50-6-231-22.cpanel.site\/index.php?rest_route=\/wp\/v2\/types\/page"}],"author":[{"embeddable":true,"href":"https:\/\/modest-copper-lynx.50-6-231-22.cpanel.site\/index.php?rest_route=\/wp\/v2\/users\/2"}],"replies":[{"embeddable":true,"href":"https:\/\/modest-copper-lynx.50-6-231-22.cpanel.site\/index.php?rest_route=%2Fwp%2Fv2%2Fcomments&post=1258"}],"version-history":[{"count":0,"href":"https:\/\/modest-copper-lynx.50-6-231-22.cpanel.site\/index.php?rest_route=\/wp\/v2\/pages\/1258\/revisions"}],"wp:attachment":[{"href":"https:\/\/modest-copper-lynx.50-6-231-22.cpanel.site\/index.php?rest_route=%2Fwp%2Fv2%2Fmedia&parent=1258"}],"curies":[{"name":"wp","href":"https:\/\/api.w.org\/{rel}","templated":true}]}}